{"id":2341,"date":"2023-08-15T06:51:08","date_gmt":"2023-08-15T04:51:08","guid":{"rendered":"https:\/\/systemsvets.com\/?page_id=2341"},"modified":"2023-10-27T18:03:21","modified_gmt":"2023-10-27T16:03:21","slug":"ror-installationer","status":"publish","type":"page","link":"https:\/\/systemsvets.com\/sv\/ror-installationer\/","title":{"rendered":"R\u00f6r installationer"},"content":{"rendered":"\t\t<div data-elementor-type=\"wp-page\" data-elementor-id=\"2341\" class=\"elementor elementor-2341\" data-elementor-post-type=\"page\">\n\t\t\t\t<div class=\"elementor-element elementor-element-bba371c hero e-flex e-con-boxed e-con e-parent\" data-id=\"bba371c\" data-element_type=\"container\" data-e-type=\"container\" data-settings=\"{&quot;background_background&quot;:&quot;classic&quot;}\">\n\t\t\t\t\t<div class=\"e-con-inner\">\n\t\t<div class=\"elementor-element elementor-element-a68ffb3 e-con-full e-flex e-con e-child\" data-id=\"a68ffb3\" data-element_type=\"container\" data-e-type=\"container\">\n\t\t\t\t<div class=\"elementor-element elementor-element-71899050 elementor-widget-mobile__width-initial mh1 elementor-widget__width-initial elementor-widget elementor-widget-heading\" data-id=\"71899050\" data-element_type=\"widget\" data-e-type=\"widget\" data-widget_type=\"heading.default\">\n\t\t\t\t<div class=\"elementor-widget-container\">\n\t\t\t\t\t<h1 class=\"elementor-heading-title elementor-size-default\">P\u00e5litliga experter p\u00e5 r\u00f6rinstallation\n<\/h1>\t\t\t\t<\/div>\n\t\t\t\t<\/div>\n\t\t\t\t<div class=\"elementor-element elementor-element-4fffd09 elementor-widget__width-initial elementor-widget-tablet__width-initial elementor-widget elementor-widget-text-editor\" data-id=\"4fffd09\" data-element_type=\"widget\" data-e-type=\"widget\" data-widget_type=\"text-editor.default\">\n\t\t\t\t<div class=\"elementor-widget-container\">\n\t\t\t\t\t\t\t\t\t<p>Vi f\u00f6rst\u00e5r vikten av renhet, precision och tillf\u00f6rlitlighet inom l\u00e4kemedels- och processindustrin och erbjuder skr\u00e4ddarsydda l\u00f6sningar f\u00f6r alla typer av uppdrag. Med v\u00e5r kompetens och fokus p\u00e5 kvalitet s\u00e4kerst\u00e4ller vi att era r\u00f6rsystem uppfyller de h\u00f6gsta kraven.<\/p>\t\t\t\t\t\t\t\t<\/div>\n\t\t\t\t<\/div>\n\t\t\t\t<div class=\"elementor-element elementor-element-3fb3b38 elementor-align-center elementor-widget elementor-widget-button\" data-id=\"3fb3b38\" data-element_type=\"widget\" data-e-type=\"widget\" data-widget_type=\"button.default\">\n\t\t\t\t<div class=\"elementor-widget-container\">\n\t\t\t\t\t\t\t\t\t<div class=\"elementor-button-wrapper\">\n\t\t\t\t\t<a class=\"elementor-button elementor-button-link elementor-size-md elementor-animation-shrink\" href=\"https:\/\/systemsvets.com\/sv\/kontakt\/\">\n\t\t\t\t\t\t<span class=\"elementor-button-content-wrapper\">\n\t\t\t\t\t\t\t\t\t<span class=\"elementor-button-text\">Kontakta oss<\/span>\n\t\t\t\t\t<\/span>\n\t\t\t\t\t<\/a>\n\t\t\t\t<\/div>\n\t\t\t\t\t\t\t\t<\/div>\n\t\t\t\t<\/div>\n\t\t\t\t<\/div>\n\t\t\t\t\t<\/div>\n\t\t\t\t<\/div>\n\t\t<div class=\"elementor-element elementor-element-30a7a6af border e-flex e-con-boxed e-con e-parent\" data-id=\"30a7a6af\" data-element_type=\"container\" data-e-type=\"container\">\n\t\t\t\t\t<div class=\"e-con-inner\">\n\t\t\t\t\t<\/div>\n\t\t\t\t<\/div>\n\t\t<div class=\"elementor-element elementor-element-531d2f6d e-flex e-con-boxed e-con e-parent\" data-id=\"531d2f6d\" data-element_type=\"container\" data-e-type=\"container\" data-no-translation=\"\">\n\t\t\t\t\t<div class=\"e-con-inner\">\n\t\t<div class=\"elementor-element elementor-element-136e8333 e-con-full e-flex e-con e-child\" data-id=\"136e8333\" data-element_type=\"container\" data-e-type=\"container\">\n\t\t\t\t<div class=\"elementor-element elementor-element-8c0ae3e elementor-widget elementor-widget-heading\" data-id=\"8c0ae3e\" data-element_type=\"widget\" data-e-type=\"widget\" data-widget_type=\"heading.default\">\n\t\t\t\t<div class=\"elementor-widget-container\">\n\t\t\t\t\t<h2 class=\"elementor-heading-title elementor-size-default\">R\u00f6rinstallation - Skr\u00e4ddarsydda l\u00f6sningar<\/h2>\t\t\t\t<\/div>\n\t\t\t\t<\/div>\n\t\t\t\t<div class=\"elementor-element elementor-element-42b716af elementor-widget elementor-widget-text-editor\" data-id=\"42b716af\" data-element_type=\"widget\" data-e-type=\"widget\" data-widget_type=\"text-editor.default\">\n\t\t\t\t<div class=\"elementor-widget-container\">\n\t\t\t\t\t\t\t\t\t<p>Vi p\u00e5 Systemsvets \u00e4r experter inom r\u00f6rinstallation och erbjuder skr\u00e4ddarsydda l\u00f6sningar med olika r\u00f6rmaterial f\u00f6r att m\u00f6ta dina unika behov. V\u00e5rt erfarna team arbetar med en rad olika r\u00f6rmaterial, s\u00e5som rostfritt st\u00e5l, h\u00f6gren plast och avancerade legeringsr\u00f6r.<\/p><p>\u00a0<\/p><p>Vi f\u00f6rst\u00e5r vikten av att v\u00e4lja r\u00e4tt r\u00f6rmaterial beroende p\u00e5 projektets specifika krav. Anv\u00e4nd v\u00e5r kompetens f\u00f6r att s\u00e4kerst\u00e4lla b\u00e4sta m\u00f6jliga resultat. N\u00e4r du v\u00e4ljer oss som din r\u00f6rinstallationspartner f\u00e5r du inte bara en leverant\u00f6r, utan \u00e4ven en p\u00e5litlig samarbetspartner. Vi engagerar oss helhj\u00e4rtat i varje steg av processen, fr\u00e5n planering till implementering, f\u00f6r att s\u00e4kerst\u00e4lla att ditt r\u00f6rsystem uppfyller de str\u00e4ngaste kvalitets- och s\u00e4kerhetskraven.<\/p><p><span style=\"font-weight: 400;\">\u00a0<\/span><\/p><h3>Kvalitet och precision i varje projekt<\/h3><p><span style=\"font-weight: 400;\">Vi str\u00e4var alltid efter att leverera r\u00f6rinstallationer av h\u00f6gsta kvalitet, d\u00e4r varje detalj tas om hand med precision och professionalism. Oavsett om det g\u00e4ller sm\u00e5 eller stora projekt kan du lita p\u00e5 oss f\u00f6r h\u00e5llbara och effektiva l\u00f6sningar. Kontakta oss f\u00f6r att diskutera din r\u00f6rinstallation och l\u00e5t oss skapa den b\u00e4sta l\u00f6sningen f\u00f6r just ditt behov.<\/span><\/p><div>\u00a0<\/div>\t\t\t\t\t\t\t\t<\/div>\n\t\t\t\t<\/div>\n\t\t\t\t<\/div>\n\t\t\t\t\t<\/div>\n\t\t\t\t<\/div>\n\t\t<div class=\"elementor-element elementor-element-0e04eef border e-flex e-con-boxed e-con e-parent\" data-id=\"0e04eef\" data-element_type=\"container\" data-e-type=\"container\">\n\t\t\t\t\t<div class=\"e-con-inner\">\n\t\t\t\t\t<\/div>\n\t\t\t\t<\/div>\n\t\t<div class=\"elementor-element elementor-element-43bd4da e-flex e-con-boxed e-con e-parent\" data-id=\"43bd4da\" data-element_type=\"container\" data-e-type=\"container\" data-settings=\"{&quot;background_background&quot;:&quot;classic&quot;}\">\n\t\t\t\t\t<div class=\"e-con-inner\">\n\t\t\t\t\t<\/div>\n\t\t\t\t<\/div>\n\t\t<div class=\"elementor-element elementor-element-374d1fe border e-flex e-con-boxed e-con e-parent\" data-id=\"374d1fe\" data-element_type=\"container\" data-e-type=\"container\">\n\t\t\t\t\t<div class=\"e-con-inner\">\n\t\t\t\t\t<\/div>\n\t\t\t\t<\/div>\n\t\t<div class=\"elementor-element elementor-element-f223420 e-flex e-con-boxed e-con e-parent\" data-id=\"f223420\" data-element_type=\"container\" data-e-type=\"container\" data-settings=\"{&quot;background_background&quot;:&quot;classic&quot;}\">\n\t\t\t\t\t<div class=\"e-con-inner\">\n\t\t\t\t<div class=\"elementor-element elementor-element-06d822e elementor-widget elementor-widget-heading\" data-id=\"06d822e\" data-element_type=\"widget\" data-e-type=\"widget\" data-widget_type=\"heading.default\">\n\t\t\t\t<div class=\"elementor-widget-container\">\n\t\t\t\t\t<h2 class=\"elementor-heading-title elementor-size-default\">Vill du veta mer?<\/h2>\t\t\t\t<\/div>\n\t\t\t\t<\/div>\n\t\t<div class=\"elementor-element elementor-element-3beba79 e-flex e-con-boxed e-con e-child\" data-id=\"3beba79\" data-element_type=\"container\" data-e-type=\"container\">\n\t\t\t\t\t<div class=\"e-con-inner\">\n\t\t<div class=\"elementor-element elementor-element-b1acfb1 e-con-full e-flex e-con e-child\" data-id=\"b1acfb1\" data-element_type=\"container\" data-e-type=\"container\">\n\t\t<div class=\"elementor-element elementor-element-1e4db92 e-con-full e-flex e-con e-child\" data-id=\"1e4db92\" data-element_type=\"container\" data-e-type=\"container\">\n\t\t<div class=\"elementor-element elementor-element-3149933 e-con-full e-flex e-con e-child\" data-id=\"3149933\" data-element_type=\"container\" data-e-type=\"container\">\n\t\t\t\t<div class=\"elementor-element elementor-element-9d8ecf6 elementor-widget elementor-widget-image\" data-id=\"9d8ecf6\" data-element_type=\"widget\" data-e-type=\"widget\" data-widget_type=\"image.default\">\n\t\t\t\t<div class=\"elementor-widget-container\">\n\t\t\t\t\t\t\t\t\t\t\t\t\t\t\t<img decoding=\"async\" src=\"https:\/\/systemsvets.com\/wp-content\/uploads\/elementor\/thumbs\/Anders-Kiefer-rdvfkrxisxherstxulc9h1o8q7nqks2ogmwry434f2.webp\" title=\"Anders Kiefer\" alt=\"Anders Kiefer\" loading=\"lazy\" \/>\t\t\t\t\t\t\t\t\t\t\t\t\t\t\t<\/div>\n\t\t\t\t<\/div>\n\t\t\t\t<\/div>\n\t\t<div class=\"elementor-element elementor-element-c232e0d e-con-full e-flex e-con e-child\" data-id=\"c232e0d\" data-element_type=\"container\" data-e-type=\"container\">\n\t\t<div class=\"elementor-element elementor-element-a8a5d1e e-con-full e-flex e-con e-child\" data-id=\"a8a5d1e\" data-element_type=\"container\" data-e-type=\"container\">\n\t\t\t\t<div class=\"elementor-element elementor-element-afac918 burr elementor-widget elementor-widget-heading\" data-id=\"afac918\" data-element_type=\"widget\" data-e-type=\"widget\" data-widget_type=\"heading.default\">\n\t\t\t\t<div class=\"elementor-widget-container\">\n\t\t\t\t\t<div class=\"elementor-heading-title elementor-size-default\">Anders Kiefer<\/div>\t\t\t\t<\/div>\n\t\t\t\t<\/div>\n\t\t<div class=\"elementor-element elementor-element-abc2a75 e-con-full e-flex e-con e-child\" data-id=\"abc2a75\" data-element_type=\"container\" data-e-type=\"container\">\n\t\t\t\t<div class=\"elementor-element elementor-element-72f922e elementor-widget elementor-widget-heading\" data-id=\"72f922e\" data-element_type=\"widget\" data-e-type=\"widget\" data-widget_type=\"heading.default\">\n\t\t\t\t<div class=\"elementor-widget-container\">\n\t\t\t\t\t<div class=\"elementor-heading-title elementor-size-default\">VD\n\n<\/div>\t\t\t\t<\/div>\n\t\t\t\t<\/div>\n\t\t\t\t<\/div>\n\t\t\t\t<\/div>\n\t\t<div class=\"elementor-element elementor-element-8ba8b2a e-con-full e-flex e-con e-child\" data-id=\"8ba8b2a\" data-element_type=\"container\" data-e-type=\"container\">\n\t\t\t\t<div class=\"elementor-element elementor-element-296bc7a elementor-widget__width-inherit elementor-widget elementor-widget-heading\" data-id=\"296bc7a\" data-element_type=\"widget\" data-e-type=\"widget\" data-widget_type=\"heading.default\">\n\t\t\t\t<div class=\"elementor-widget-container\">\n\t\t\t\t\t<div class=\"elementor-heading-title elementor-size-default\"><a href=\"tel:+46708322812\">+46 708 32 28 12<\/a><\/div>\t\t\t\t<\/div>\n\t\t\t\t<\/div>\n\t\t\t\t<div class=\"elementor-element elementor-element-459737c elementor-widget__width-inherit elementor-widget elementor-widget-heading\" data-id=\"459737c\" data-element_type=\"widget\" data-e-type=\"widget\" data-widget_type=\"heading.default\">\n\t\t\t\t<div class=\"elementor-widget-container\">\n\t\t\t\t\t<div class=\"elementor-heading-title elementor-size-default\"><a href=\"mailto:anders.kiefer@systemsvets.com\">anders.kiefer@systemsvets.com<\/a><\/div>\t\t\t\t<\/div>\n\t\t\t\t<\/div>\n\t\t\t\t<\/div>\n\t\t\t\t<\/div>\n\t\t\t\t<\/div>\n\t\t<div class=\"elementor-element elementor-element-4a85d84 e-con-full e-flex e-con e-child\" data-id=\"4a85d84\" data-element_type=\"container\" data-e-type=\"container\">\n\t\t<div class=\"elementor-element elementor-element-407b189 e-con-full e-flex e-con e-child\" data-id=\"407b189\" data-element_type=\"container\" data-e-type=\"container\">\n\t\t\t\t<div class=\"elementor-element elementor-element-933fa73 elementor-widget elementor-widget-image\" data-id=\"933fa73\" data-element_type=\"widget\" data-e-type=\"widget\" data-widget_type=\"image.default\">\n\t\t\t\t<div class=\"elementor-widget-container\">\n\t\t\t\t\t\t\t\t\t\t\t\t\t\t\t<img decoding=\"async\" src=\"https:\/\/systemsvets.com\/wp-content\/uploads\/elementor\/thumbs\/Profilbilder-hemsidan-uppsala-2023.07.30-rdvfl45f9ry4yqc6v8mevgl8g7zicuf6ube36pl066.webp\" title=\"Anders Hegsell\u200b\" alt=\"Anders Hegsell\u200b\" loading=\"lazy\" \/>\t\t\t\t\t\t\t\t\t\t\t\t\t\t\t<\/div>\n\t\t\t\t<\/div>\n\t\t\t\t<\/div>\n\t\t<div class=\"elementor-element elementor-element-cffcfa3 e-con-full e-flex e-con e-child\" data-id=\"cffcfa3\" data-element_type=\"container\" data-e-type=\"container\">\n\t\t<div class=\"elementor-element elementor-element-0ba2f4a e-con-full e-flex e-con e-child\" data-id=\"0ba2f4a\" data-element_type=\"container\" data-e-type=\"container\">\n\t\t<div class=\"elementor-element elementor-element-6c4b375 e-con-full e-flex e-con e-child\" data-id=\"6c4b375\" data-element_type=\"container\" data-e-type=\"container\">\n\t\t\t\t<div class=\"elementor-element elementor-element-341d4ea burr elementor-widget elementor-widget-heading\" data-id=\"341d4ea\" data-element_type=\"widget\" data-e-type=\"widget\" data-widget_type=\"heading.default\">\n\t\t\t\t<div class=\"elementor-widget-container\">\n\t\t\t\t\t<div class=\"elementor-heading-title elementor-size-default\">Anders Hagsell<\/div>\t\t\t\t<\/div>\n\t\t\t\t<\/div>\n\t\t\t\t<\/div>\n\t\t\t\t<div class=\"elementor-element elementor-element-c9476d2 burr elementor-widget elementor-widget-heading\" data-id=\"c9476d2\" data-element_type=\"widget\" data-e-type=\"widget\" data-widget_type=\"heading.default\">\n\t\t\t\t<div class=\"elementor-widget-container\">\n\t\t\t\t\t<div class=\"elementor-heading-title elementor-size-default\">Projektledare<\/div>\t\t\t\t<\/div>\n\t\t\t\t<\/div>\n\t\t\t\t<\/div>\n\t\t<div class=\"elementor-element elementor-element-d63a305 e-con-full e-flex e-con e-child\" data-id=\"d63a305\" data-element_type=\"container\" data-e-type=\"container\">\n\t\t\t\t<div class=\"elementor-element elementor-element-4284beb elementor-widget elementor-widget-heading\" data-id=\"4284beb\" data-element_type=\"widget\" data-e-type=\"widget\" data-widget_type=\"heading.default\">\n\t\t\t\t<div class=\"elementor-widget-container\">\n\t\t\t\t\t<div class=\"elementor-heading-title elementor-size-default\"><a href=\"tel:+46708554845\">+46 70 855 48 45<\/a><\/div>\t\t\t\t<\/div>\n\t\t\t\t<\/div>\n\t\t\t\t<div class=\"elementor-element elementor-element-f4577ac elementor-widget elementor-widget-heading\" data-id=\"f4577ac\" data-element_type=\"widget\" data-e-type=\"widget\" data-widget_type=\"heading.default\">\n\t\t\t\t<div class=\"elementor-widget-container\">\n\t\t\t\t\t<div class=\"elementor-heading-title elementor-size-default\"><a href=\"mailto:anders.hagsell@systemsvets.com\">anders.hagsell@systemsvets.com<\/a><\/div>\t\t\t\t<\/div>\n\t\t\t\t<\/div>\n\t\t\t\t<\/div>\n\t\t\t\t<\/div>\n\t\t\t\t<\/div>\n\t\t<div class=\"elementor-element elementor-element-4164a9e e-con-full e-flex e-con e-child\" data-id=\"4164a9e\" data-element_type=\"container\" data-e-type=\"container\">\n\t\t<div class=\"elementor-element elementor-element-4d13fdf e-con-full e-flex e-con e-child\" data-id=\"4d13fdf\" data-element_type=\"container\" data-e-type=\"container\">\n\t\t\t\t<div class=\"elementor-element elementor-element-7b84a2e elementor-widget elementor-widget-image\" data-id=\"7b84a2e\" data-element_type=\"widget\" data-e-type=\"widget\" data-widget_type=\"image.default\">\n\t\t\t\t<div class=\"elementor-widget-container\">\n\t\t\t\t\t\t\t\t\t\t\t\t\t\t\t<img decoding=\"async\" src=\"https:\/\/systemsvets.com\/wp-content\/uploads\/elementor\/thumbs\/Nicke-Sundberg-rdvfl29qw3vkbiex67t5qh2b9g8rxg7q623485nsim.webp\" title=\"Nicke Sundberg\" alt=\"Nicke Sundberg\" loading=\"lazy\" \/>\t\t\t\t\t\t\t\t\t\t\t\t\t\t\t<\/div>\n\t\t\t\t<\/div>\n\t\t\t\t<\/div>\n\t\t<div class=\"elementor-element elementor-element-2639c62 e-con-full e-flex e-con e-child\" data-id=\"2639c62\" data-element_type=\"container\" data-e-type=\"container\">\n\t\t<div class=\"elementor-element elementor-element-589d860 e-con-full e-flex e-con e-child\" data-id=\"589d860\" data-element_type=\"container\" data-e-type=\"container\">\n\t\t\t\t<div class=\"elementor-element elementor-element-753f9a1 burr elementor-widget elementor-widget-heading\" data-id=\"753f9a1\" data-element_type=\"widget\" data-e-type=\"widget\" data-widget_type=\"heading.default\">\n\t\t\t\t<div class=\"elementor-widget-container\">\n\t\t\t\t\t<div class=\"elementor-heading-title elementor-size-default\">Nicke Sundberg<\/div>\t\t\t\t<\/div>\n\t\t\t\t<\/div>\n\t\t\t\t<div class=\"elementor-element elementor-element-762564b burr elementor-widget elementor-widget-heading\" data-id=\"762564b\" data-element_type=\"widget\" data-e-type=\"widget\" data-widget_type=\"heading.default\">\n\t\t\t\t<div class=\"elementor-widget-container\">\n\t\t\t\t\t<div class=\"elementor-heading-title elementor-size-default\">KAM<\/div>\t\t\t\t<\/div>\n\t\t\t\t<\/div>\n\t\t\t\t<\/div>\n\t\t<div class=\"elementor-element elementor-element-46f7d48 e-con-full e-flex e-con e-child\" data-id=\"46f7d48\" data-element_type=\"container\" data-e-type=\"container\">\n\t\t\t\t<div class=\"elementor-element elementor-element-3349c60 elementor-widget elementor-widget-heading\" data-id=\"3349c60\" data-element_type=\"widget\" data-e-type=\"widget\" data-widget_type=\"heading.default\">\n\t\t\t\t<div class=\"elementor-widget-container\">\n\t\t\t\t\t<div class=\"elementor-heading-title elementor-size-default\"><a href=\"tel:+46709134846\">+46 709 13 48 46<\/a><\/div>\t\t\t\t<\/div>\n\t\t\t\t<\/div>\n\t\t\t\t<div class=\"elementor-element elementor-element-230d82a elementor-widget elementor-widget-heading\" data-id=\"230d82a\" data-element_type=\"widget\" data-e-type=\"widget\" data-widget_type=\"heading.default\">\n\t\t\t\t<div class=\"elementor-widget-container\">\n\t\t\t\t\t<div class=\"elementor-heading-title elementor-size-default\"><a href=\"mailto:nicke.sundberg@systemsvets.com\">nicke.sundberg@systemsvets.com<\/a><\/div>\t\t\t\t<\/div>\n\t\t\t\t<\/div>\n\t\t\t\t<\/div>\n\t\t\t\t<\/div>\n\t\t\t\t<\/div>\n\t\t\t\t<\/div>\n\t\t\t\t\t<\/div>\n\t\t\t\t<\/div>\n\t\t\t\t\t<\/div>\n\t\t\t\t<\/div>\n\t\t<div class=\"elementor-element elementor-element-6e98a21 border e-flex e-con-boxed e-con e-parent\" data-id=\"6e98a21\" data-element_type=\"container\" data-e-type=\"container\">\n\t\t\t\t\t<div class=\"e-con-inner\">\n\t\t\t\t\t<\/div>\n\t\t\t\t<\/div>\n\t\t\t\t<\/div>\n\t\t","protected":false},"excerpt":{"rendered":"<p>P\u00e5litliga experter p\u00e5 r\u00f6rinstallation Vi f\u00f6rst\u00e5r vikten av renhet, precision och tillf\u00f6rlitlighet inom l\u00e4kemedels- och processindustrin och erbjuder skr\u00e4ddarsydda l\u00f6sningar f\u00f6r alla typer av uppdrag. Med v\u00e5r kompetens och fokus p\u00e5 kvalitet s\u00e4kerst\u00e4ller vi att era r\u00f6rsystem uppfyller de h\u00f6gsta kraven. Kontakta oss R\u00f6rinstallation &#8211; Skr\u00e4ddarsydda l\u00f6sningar Vi p\u00e5 Systemsvets \u00e4r experter inom r\u00f6rinstallation och [&hellip;]<\/p>\n","protected":false},"author":6,"featured_media":0,"parent":0,"menu_order":0,"comment_status":"closed","ping_status":"closed","template":"","meta":{"footnotes":""},"class_list":["post-2341","page","type-page","status-publish","hentry"],"_links":{"self":[{"href":"https:\/\/systemsvets.com\/sv\/wp-json\/wp\/v2\/pages\/2341","targetHints":{"allow":["GET"]}}],"collection":[{"href":"https:\/\/systemsvets.com\/sv\/wp-json\/wp\/v2\/pages"}],"about":[{"href":"https:\/\/systemsvets.com\/sv\/wp-json\/wp\/v2\/types\/page"}],"author":[{"embeddable":true,"href":"https:\/\/systemsvets.com\/sv\/wp-json\/wp\/v2\/users\/6"}],"replies":[{"embeddable":true,"href":"https:\/\/systemsvets.com\/sv\/wp-json\/wp\/v2\/comments?post=2341"}],"version-history":[{"count":548,"href":"https:\/\/systemsvets.com\/sv\/wp-json\/wp\/v2\/pages\/2341\/revisions"}],"predecessor-version":[{"id":13971,"href":"https:\/\/systemsvets.com\/sv\/wp-json\/wp\/v2\/pages\/2341\/revisions\/13971"}],"wp:attachment":[{"href":"https:\/\/systemsvets.com\/sv\/wp-json\/wp\/v2\/media?parent=2341"}],"curies":[{"name":"wp","href":"https:\/\/api.w.org\/{rel}","templated":true}]}}