{"id":2327,"date":"2023-08-15T06:00:55","date_gmt":"2023-08-15T04:00:55","guid":{"rendered":"https:\/\/systemsvets.com\/?page_id=2327"},"modified":"2023-11-04T14:37:43","modified_gmt":"2023-11-04T12:37:43","slug":"fiberoptisk-undersokning","status":"publish","type":"page","link":"https:\/\/systemsvets.com\/sv\/fiberoptisk-undersokning\/","title":{"rendered":"Fiberoptisk unders\u00f6kning"},"content":{"rendered":"\t\t<div data-elementor-type=\"wp-page\" data-elementor-id=\"2327\" class=\"elementor elementor-2327\" data-elementor-post-type=\"page\">\n\t\t\t\t<div class=\"elementor-element elementor-element-bba371c hero e-flex e-con-boxed e-con e-parent\" data-id=\"bba371c\" data-element_type=\"container\" data-e-type=\"container\" data-settings=\"{&quot;background_background&quot;:&quot;classic&quot;}\">\n\t\t\t\t\t<div class=\"e-con-inner\">\n\t\t\t\t<div class=\"elementor-element elementor-element-71899050 elementor-widget-mobile__width-inherit mh1 elementor-widget__width-initial elementor-widget elementor-widget-heading\" data-id=\"71899050\" data-element_type=\"widget\" data-e-type=\"widget\" data-widget_type=\"heading.default\">\n\t\t\t\t<div class=\"elementor-widget-container\">\n\t\t\t\t\t<h1 class=\"elementor-heading-title elementor-size-default\">Kvalitetskontroll med fiberoptisk unders\u00f6kning\n<\/h1>\t\t\t\t<\/div>\n\t\t\t\t<\/div>\n\t\t\t\t<div class=\"elementor-element elementor-element-79114f5 elementor-widget__width-initial elementor-widget elementor-widget-text-editor\" data-id=\"79114f5\" data-element_type=\"widget\" data-e-type=\"widget\" data-widget_type=\"text-editor.default\">\n\t\t\t\t<div class=\"elementor-widget-container\">\n\t\t\t\t\t\t\t\t\t<p>Fiberoptisk unders\u00f6kning \u00e4r utformad f\u00f6r att ta kvalitetss\u00e4kringen till n\u00e4sta niv\u00e5, s\u00e4rskilt inom branscher d\u00e4r precision \u00e4r avg\u00f6rande. Med anv\u00e4ndning av v\u00e5r avancerade fiberoptiska utrustning kan vi noggrant unders\u00f6ka svetsskarvar p\u00e5 insidan f\u00f6r att s\u00e4kerst\u00e4lla de b\u00e4sta m\u00f6jliga resultaten.<\/p>\t\t\t\t\t\t\t\t<\/div>\n\t\t\t\t<\/div>\n\t\t\t\t<div class=\"elementor-element elementor-element-70e2d8e elementor-widget elementor-widget-global elementor-global-10539 elementor-widget-button\" data-id=\"70e2d8e\" data-element_type=\"widget\" data-e-type=\"widget\" data-widget_type=\"button.default\">\n\t\t\t\t<div class=\"elementor-widget-container\">\n\t\t\t\t\t\t\t\t\t<div class=\"elementor-button-wrapper\">\n\t\t\t\t\t<a class=\"elementor-button elementor-button-link elementor-size-md elementor-animation-shrink\" href=\"https:\/\/systemsvets.com\/sv\/galleri\/\">\n\t\t\t\t\t\t<span class=\"elementor-button-content-wrapper\">\n\t\t\t\t\t\t\t\t\t<span class=\"elementor-button-text\">Se galleriet<\/span>\n\t\t\t\t\t<\/span>\n\t\t\t\t\t<\/a>\n\t\t\t\t<\/div>\n\t\t\t\t\t\t\t\t<\/div>\n\t\t\t\t<\/div>\n\t\t\t\t\t<\/div>\n\t\t\t\t<\/div>\n\t\t<div class=\"elementor-element elementor-element-6977b99e border e-flex e-con-boxed e-con e-parent\" data-id=\"6977b99e\" data-element_type=\"container\" data-e-type=\"container\">\n\t\t\t\t\t<div class=\"e-con-inner\">\n\t\t\t\t\t<\/div>\n\t\t\t\t<\/div>\n\t\t<div class=\"elementor-element elementor-element-531d2f6d sub-container-left e-flex e-con-boxed e-con e-parent\" data-id=\"531d2f6d\" data-element_type=\"container\" data-e-type=\"container\">\n\t\t\t\t\t<div class=\"e-con-inner\">\n\t\t<div class=\"elementor-element elementor-element-136e8333 e-con-full e-flex e-con e-child\" data-id=\"136e8333\" data-element_type=\"container\" data-e-type=\"container\">\n\t\t\t\t<div class=\"elementor-element elementor-element-4571629 elementor-widget elementor-widget-heading\" data-id=\"4571629\" data-element_type=\"widget\" data-e-type=\"widget\" data-widget_type=\"heading.default\">\n\t\t\t\t<div class=\"elementor-widget-container\">\n\t\t\t\t\t<h2 class=\"elementor-heading-title elementor-size-default\">F\u00f6rdelar med fiberoptisk unders\u00f6kning<\/h2>\t\t\t\t<\/div>\n\t\t\t\t<\/div>\n\t\t\t\t<div class=\"elementor-element elementor-element-2f70f6b elementor-widget__width-initial elementor-widget-tablet__width-inherit elementor-widget elementor-widget-text-editor\" data-id=\"2f70f6b\" data-element_type=\"widget\" data-e-type=\"widget\" data-widget_type=\"text-editor.default\">\n\t\t\t\t<div class=\"elementor-widget-container\">\n\t\t\t\t\t\t\t\t\t<p><span style=\"font-weight: 400;\">Fiberoptisk unders\u00f6kning \u00e4r en teknik som revolutionerar inspektionsprocessen inom svetsning. Den l\u00e5ter oss f\u00e5 en intern bild av svetsskarvarna, vilket \u00e4r avg\u00f6rande f\u00f6r att bed\u00f6ma deras kvalitet och s\u00e4kerst\u00e4lla att de uppfyller de h\u00f6gsta standarderna. Genom att anv\u00e4nda fiberoptiska kablar kan vi f\u00e5 tillg\u00e5ng till sv\u00e5rtillg\u00e4ngliga omr\u00e5den och noggrant granska svetsar, vilket g\u00f6r att vi kan uppt\u00e4cka eventuella oj\u00e4mnheter eller defekter som kan p\u00e5verka b\u00e5de s\u00e4kerhet och effektivitet.<\/span><\/p><p><span style=\"font-weight: 400;\">\u00a0<\/span><\/p><h3><b>Anpassade l\u00f6sningar f\u00f6r varje bransch<\/b><\/h3><p><span style=\"font-weight: 400;\">Vi f\u00f6rst\u00e5r att varje bransch har sina egna unika behov n\u00e4r det g\u00e4ller svetsning och kvalitetss\u00e4kring. D\u00e4rf\u00f6r anpassar vi v\u00e5r fiberoptiska unders\u00f6kningsmetod f\u00f6r att m\u00f6ta era specifika krav. V\u00e5r erfarna och kompetenta personal \u00e4r specialiserade p\u00e5 att anv\u00e4nda denna teknik p\u00e5 ett effektivt s\u00e4tt f\u00f6r att s\u00e4kerst\u00e4lla h\u00f6gkvalitativa svetsar och tillf\u00f6rlitlig kvalitetss\u00e4kring.<\/span><\/p><p><span style=\"font-weight: 400;\">\u00a0<\/span><\/p><h3><b>Mikroskopisk precision och dokumentation<\/b><\/h3><p><span style=\"font-weight: 400;\">En av f\u00f6rdelarna med fiberoptisk unders\u00f6kning \u00e4r dess f\u00f6rm\u00e5ga att erbjuda en visuell inspektion p\u00e5 mikroskopisk niv\u00e5. Detta g\u00f6r att vi kan uppt\u00e4cka sm\u00e5 defekter eller oj\u00e4mnheter som annars skulle vara sv\u00e5ra att observera. Genom att f\u00e5nga upp s\u00e5dana detaljer i svetsprocessen kan vi vidta r\u00e4tt \u00e5tg\u00e4rder i tid, vilket i slut\u00e4ndan leder till s\u00e4krare och mer p\u00e5litliga svetsar.<\/span><\/p><p><span style=\"font-weight: 400;\">\u00a0<\/span><\/p><p><span style=\"font-weight: 400;\">Dessutom \u00e4r v\u00e5r fiberoptiska unders\u00f6kningsmetod mer \u00e4n bara ett inspektionsverktyg. Den m\u00f6jligg\u00f6r \u00e4ven dokumentation och registrering av v\u00e5ra inspektioner. Detta \u00e4r viktigt f\u00f6r att uppfylla branschstandarder och regleringskrav. Genom att erbjuda noggrann dokumentation st\u00e4rker vi transparensen i v\u00e5rt arbete och s\u00e4kerst\u00e4ller att varje svets \u00e4r i linje med de g\u00e4llande normerna.<\/span><\/p><p><span style=\"font-weight: 400;\">\u00a0<\/span><\/p><h3><b>S\u00e4kra framtiden med v\u00e5r fiberoptiska unders\u00f6kning<\/b><\/h3><p><span style=\"font-weight: 400;\">N\u00e4r ni v\u00e4ljer v\u00e5r fiberoptiska unders\u00f6kningsmetod, v\u00e4ljer ni inte bara h\u00f6gkvalitativ svetsning utan ocks\u00e5 en omfattande och p\u00e5litlig kvalitetss\u00e4kring. Er investering i v\u00e5r tj\u00e4nst g\u00e5r l\u00e5ngt ut\u00f6ver att bara s\u00e4kerst\u00e4lla nuvarande kvalitet &#8211; den bygger ocks\u00e5 en trygg och s\u00e4ker framtid f\u00f6r ert f\u00f6retag. Vi \u00e4r er p\u00e5litliga partner f\u00f6r att s\u00e4kerst\u00e4lla en effektiv och s\u00e4ker svetsprocess som m\u00f6ter de h\u00f6gsta kraven.\u00a0<\/span><\/p><p><span style=\"font-weight: 400;\">\u00a0<\/span><\/p><p><span style=\"font-weight: 400;\">Kontakta oss idag f\u00f6r att ta reda p\u00e5 mer om hur v\u00e5r fiberoptiska unders\u00f6kningsmetod kan f\u00f6rb\u00e4ttra era svetsar och h\u00f6ja kvalitetss\u00e4kringen till en ny niv\u00e5.<\/span><span style=\"background-color: transparent; font-family: var( --e-global-typography-6b4ece5-font-family ), Lato, Arial; font-size: var( --e-global-typography-6b4ece5-font-size ); letter-spacing: -0.2px; word-spacing: var( --e-global-typography-6b4ece5-word-spacing );\">\u00a0<\/span><\/p>\t\t\t\t\t\t\t\t<\/div>\n\t\t\t\t<\/div>\n\t\t\t\t<\/div>\n\t\t\t\t<div class=\"elementor-element elementor-element-8ea1cb6 elementor-widget__width-initial elementor-absolute elementor-widget-tablet__width-inherit elementor-widget elementor-widget-image\" data-id=\"8ea1cb6\" data-element_type=\"widget\" data-e-type=\"widget\" data-settings=\"{&quot;_position&quot;:&quot;absolute&quot;}\" data-widget_type=\"image.default\">\n\t\t\t\t<div class=\"elementor-widget-container\">\n\t\t\t\t\t\t\t\t\t\t\t\t\t\t\t<img decoding=\"async\" src=\"https:\/\/systemsvets.com\/wp-content\/uploads\/elementor\/thumbs\/Orbitec_obitalsvetsning_-_02.11.2023-rdvfn4j57nxy4h3c9t9g9gof8r98akwqqvgjcwvbvy.png\" title=\"Orbitec_obitalsvetsning_-_02.11.2023\" alt=\"Orbitec_obitalsvetsning_-_02.11.2023\" loading=\"lazy\" \/>\t\t\t\t\t\t\t\t\t\t\t\t\t\t\t<\/div>\n\t\t\t\t<\/div>\n\t\t\t\t\t<\/div>\n\t\t\t\t<\/div>\n\t\t<div class=\"elementor-element elementor-element-7c6b319 border e-flex e-con-boxed e-con e-parent\" data-id=\"7c6b319\" data-element_type=\"container\" data-e-type=\"container\">\n\t\t\t\t\t<div class=\"e-con-inner\">\n\t\t\t\t\t<\/div>\n\t\t\t\t<\/div>\n\t\t<div class=\"elementor-element elementor-element-43bd4da e-flex e-con-boxed e-con e-parent\" data-id=\"43bd4da\" data-element_type=\"container\" data-e-type=\"container\" data-settings=\"{&quot;background_background&quot;:&quot;classic&quot;,&quot;background_motion_fx_motion_fx_scrolling&quot;:&quot;yes&quot;,&quot;background_motion_fx_translateY_effect&quot;:&quot;yes&quot;,&quot;background_motion_fx_translateY_speed&quot;:{&quot;unit&quot;:&quot;px&quot;,&quot;size&quot;:4,&quot;sizes&quot;:[]},&quot;background_motion_fx_translateY_affectedRange&quot;:{&quot;unit&quot;:&quot;%&quot;,&quot;size&quot;:&quot;&quot;,&quot;sizes&quot;:{&quot;start&quot;:0,&quot;end&quot;:100}},&quot;background_motion_fx_devices&quot;:[&quot;desktop&quot;,&quot;tablet_extra&quot;,&quot;tablet&quot;,&quot;mobile&quot;]}\">\n\t\t\t\t\t<div class=\"e-con-inner\">\n\t\t\t\t\t<\/div>\n\t\t\t\t<\/div>\n\t\t<div class=\"elementor-element elementor-element-d7864ab border e-flex e-con-boxed e-con e-parent\" data-id=\"d7864ab\" data-element_type=\"container\" data-e-type=\"container\">\n\t\t\t\t\t<div class=\"e-con-inner\">\n\t\t\t\t\t<\/div>\n\t\t\t\t<\/div>\n\t\t<div class=\"elementor-element elementor-element-88051e2 e-flex e-con-boxed e-con e-parent\" data-id=\"88051e2\" data-element_type=\"container\" data-e-type=\"container\" data-settings=\"{&quot;background_background&quot;:&quot;classic&quot;}\">\n\t\t\t\t\t<div class=\"e-con-inner\">\n\t\t\t\t<div class=\"elementor-element elementor-element-83a09e1 elementor-widget elementor-widget-heading\" data-id=\"83a09e1\" data-element_type=\"widget\" data-e-type=\"widget\" data-widget_type=\"heading.default\">\n\t\t\t\t<div class=\"elementor-widget-container\">\n\t\t\t\t\t<h2 class=\"elementor-heading-title elementor-size-default\">Vill du veta mer?<\/h2>\t\t\t\t<\/div>\n\t\t\t\t<\/div>\n\t\t<div class=\"elementor-element elementor-element-96284d1 e-flex e-con-boxed e-con e-child\" data-id=\"96284d1\" data-element_type=\"container\" data-e-type=\"container\">\n\t\t\t\t\t<div class=\"e-con-inner\">\n\t\t<div class=\"elementor-element elementor-element-653668c e-con-full e-flex e-con e-child\" data-id=\"653668c\" data-element_type=\"container\" data-e-type=\"container\">\n\t\t<div class=\"elementor-element elementor-element-831a3f1 e-con-full e-flex e-con e-child\" data-id=\"831a3f1\" data-element_type=\"container\" data-e-type=\"container\">\n\t\t<div class=\"elementor-element elementor-element-5a68a7d e-con-full e-flex e-con e-child\" data-id=\"5a68a7d\" data-element_type=\"container\" data-e-type=\"container\">\n\t\t\t\t<div class=\"elementor-element elementor-element-902b0c9 elementor-widget elementor-widget-image\" data-id=\"902b0c9\" data-element_type=\"widget\" data-e-type=\"widget\" data-widget_type=\"image.default\">\n\t\t\t\t<div class=\"elementor-widget-container\">\n\t\t\t\t\t\t\t\t\t\t\t\t\t\t\t<img decoding=\"async\" src=\"https:\/\/systemsvets.com\/wp-content\/uploads\/elementor\/thumbs\/Anders-Kiefer-rdvfkrxisxherstxulc9h1o8q7nqks2ogmwry434f2.webp\" title=\"Anders Kiefer\" alt=\"Anders Kiefer\" loading=\"lazy\" \/>\t\t\t\t\t\t\t\t\t\t\t\t\t\t\t<\/div>\n\t\t\t\t<\/div>\n\t\t\t\t<\/div>\n\t\t<div class=\"elementor-element elementor-element-191f45a e-con-full e-flex e-con e-child\" data-id=\"191f45a\" data-element_type=\"container\" data-e-type=\"container\">\n\t\t<div class=\"elementor-element elementor-element-86597c1 e-con-full e-flex e-con e-child\" data-id=\"86597c1\" data-element_type=\"container\" data-e-type=\"container\">\n\t\t\t\t<div class=\"elementor-element elementor-element-33ba2d5 burr elementor-widget elementor-widget-heading\" data-id=\"33ba2d5\" data-element_type=\"widget\" data-e-type=\"widget\" data-widget_type=\"heading.default\">\n\t\t\t\t<div class=\"elementor-widget-container\">\n\t\t\t\t\t<div class=\"elementor-heading-title elementor-size-default\">Anders Kiefer<\/div>\t\t\t\t<\/div>\n\t\t\t\t<\/div>\n\t\t<div class=\"elementor-element elementor-element-9eabca5 e-con-full e-flex e-con e-child\" data-id=\"9eabca5\" data-element_type=\"container\" data-e-type=\"container\">\n\t\t\t\t<div class=\"elementor-element elementor-element-9ce0ba6 elementor-widget elementor-widget-heading\" data-id=\"9ce0ba6\" data-element_type=\"widget\" data-e-type=\"widget\" data-widget_type=\"heading.default\">\n\t\t\t\t<div class=\"elementor-widget-container\">\n\t\t\t\t\t<div class=\"elementor-heading-title elementor-size-default\">VD\n\n<\/div>\t\t\t\t<\/div>\n\t\t\t\t<\/div>\n\t\t\t\t<\/div>\n\t\t\t\t<\/div>\n\t\t<div class=\"elementor-element elementor-element-d67821a e-con-full e-flex e-con e-child\" data-id=\"d67821a\" data-element_type=\"container\" data-e-type=\"container\">\n\t\t\t\t<div class=\"elementor-element elementor-element-efb68d4 elementor-widget__width-inherit elementor-widget elementor-widget-heading\" data-id=\"efb68d4\" data-element_type=\"widget\" data-e-type=\"widget\" data-widget_type=\"heading.default\">\n\t\t\t\t<div class=\"elementor-widget-container\">\n\t\t\t\t\t<div class=\"elementor-heading-title elementor-size-default\"><a href=\"tel:+46708322812\">+46 708 32 28 12<\/a><\/div>\t\t\t\t<\/div>\n\t\t\t\t<\/div>\n\t\t\t\t<div class=\"elementor-element elementor-element-90058d5 elementor-widget__width-inherit elementor-widget elementor-widget-heading\" data-id=\"90058d5\" data-element_type=\"widget\" data-e-type=\"widget\" data-widget_type=\"heading.default\">\n\t\t\t\t<div class=\"elementor-widget-container\">\n\t\t\t\t\t<div class=\"elementor-heading-title elementor-size-default\"><a href=\"mailto:anders.kiefer@systemsvets.com\">anders.kiefer@systemsvets.com<\/a><\/div>\t\t\t\t<\/div>\n\t\t\t\t<\/div>\n\t\t\t\t<\/div>\n\t\t\t\t<\/div>\n\t\t\t\t<\/div>\n\t\t<div class=\"elementor-element elementor-element-8f9300c e-con-full e-flex e-con e-child\" data-id=\"8f9300c\" data-element_type=\"container\" data-e-type=\"container\">\n\t\t<div class=\"elementor-element elementor-element-30ac80b e-con-full e-flex e-con e-child\" data-id=\"30ac80b\" data-element_type=\"container\" data-e-type=\"container\">\n\t\t\t\t<div class=\"elementor-element elementor-element-8940146 elementor-widget elementor-widget-image\" data-id=\"8940146\" data-element_type=\"widget\" data-e-type=\"widget\" data-widget_type=\"image.default\">\n\t\t\t\t<div class=\"elementor-widget-container\">\n\t\t\t\t\t\t\t\t\t\t\t\t\t\t\t<img decoding=\"async\" src=\"https:\/\/systemsvets.com\/wp-content\/uploads\/elementor\/thumbs\/Profilbilder-hemsidan-uppsala-2023.07.30-rdvfl45f9ry4yqc6v8mevgl8g7zicuf6ube36pl066.webp\" title=\"Anders Hegsell\u200b\" alt=\"Anders Hegsell\u200b\" loading=\"lazy\" \/>\t\t\t\t\t\t\t\t\t\t\t\t\t\t\t<\/div>\n\t\t\t\t<\/div>\n\t\t\t\t<\/div>\n\t\t<div class=\"elementor-element elementor-element-4f390be e-con-full e-flex e-con e-child\" data-id=\"4f390be\" data-element_type=\"container\" data-e-type=\"container\">\n\t\t<div class=\"elementor-element elementor-element-dd233e3 e-con-full e-flex e-con e-child\" data-id=\"dd233e3\" data-element_type=\"container\" data-e-type=\"container\">\n\t\t<div class=\"elementor-element elementor-element-97b3a20 e-con-full e-flex e-con e-child\" data-id=\"97b3a20\" data-element_type=\"container\" data-e-type=\"container\">\n\t\t\t\t<div class=\"elementor-element elementor-element-f1b4457 burr elementor-widget elementor-widget-heading\" data-id=\"f1b4457\" data-element_type=\"widget\" data-e-type=\"widget\" data-widget_type=\"heading.default\">\n\t\t\t\t<div class=\"elementor-widget-container\">\n\t\t\t\t\t<div class=\"elementor-heading-title elementor-size-default\">Anders Hagsell<\/div>\t\t\t\t<\/div>\n\t\t\t\t<\/div>\n\t\t\t\t<\/div>\n\t\t\t\t<div class=\"elementor-element elementor-element-25912e8 burr elementor-widget elementor-widget-heading\" data-id=\"25912e8\" data-element_type=\"widget\" data-e-type=\"widget\" data-widget_type=\"heading.default\">\n\t\t\t\t<div class=\"elementor-widget-container\">\n\t\t\t\t\t<div class=\"elementor-heading-title elementor-size-default\">Projektledare<\/div>\t\t\t\t<\/div>\n\t\t\t\t<\/div>\n\t\t\t\t<\/div>\n\t\t<div class=\"elementor-element elementor-element-e8d6d87 e-con-full e-flex e-con e-child\" data-id=\"e8d6d87\" data-element_type=\"container\" data-e-type=\"container\">\n\t\t\t\t<div class=\"elementor-element elementor-element-34d1b1f elementor-widget elementor-widget-heading\" data-id=\"34d1b1f\" data-element_type=\"widget\" data-e-type=\"widget\" data-widget_type=\"heading.default\">\n\t\t\t\t<div class=\"elementor-widget-container\">\n\t\t\t\t\t<div class=\"elementor-heading-title elementor-size-default\"><a href=\"tel:+46708554845\">+46 70 855 48 45<\/a><\/div>\t\t\t\t<\/div>\n\t\t\t\t<\/div>\n\t\t\t\t<div class=\"elementor-element elementor-element-cf87600 elementor-widget elementor-widget-heading\" data-id=\"cf87600\" data-element_type=\"widget\" data-e-type=\"widget\" data-widget_type=\"heading.default\">\n\t\t\t\t<div class=\"elementor-widget-container\">\n\t\t\t\t\t<div class=\"elementor-heading-title elementor-size-default\"><a href=\"mailto:anders.hagsell@systemsvets.com\">anders.hagsell@systemsvets.com<\/a><\/div>\t\t\t\t<\/div>\n\t\t\t\t<\/div>\n\t\t\t\t<\/div>\n\t\t\t\t<\/div>\n\t\t\t\t<\/div>\n\t\t<div class=\"elementor-element elementor-element-3a49890 e-con-full e-flex e-con e-child\" data-id=\"3a49890\" data-element_type=\"container\" data-e-type=\"container\">\n\t\t<div class=\"elementor-element elementor-element-007aec6 e-con-full e-flex e-con e-child\" data-id=\"007aec6\" data-element_type=\"container\" data-e-type=\"container\">\n\t\t\t\t<div class=\"elementor-element elementor-element-95d75f5 elementor-widget elementor-widget-image\" data-id=\"95d75f5\" data-element_type=\"widget\" data-e-type=\"widget\" data-widget_type=\"image.default\">\n\t\t\t\t<div class=\"elementor-widget-container\">\n\t\t\t\t\t\t\t\t\t\t\t\t\t\t\t<img decoding=\"async\" src=\"https:\/\/systemsvets.com\/wp-content\/uploads\/elementor\/thumbs\/Nicke-Sundberg-rdvfl29qw3vkbiex67t5qh2b9g8rxg7q623485nsim.webp\" title=\"Nicke Sundberg\" alt=\"Nicke Sundberg\" loading=\"lazy\" \/>\t\t\t\t\t\t\t\t\t\t\t\t\t\t\t<\/div>\n\t\t\t\t<\/div>\n\t\t\t\t<\/div>\n\t\t<div class=\"elementor-element elementor-element-59a8d99 e-con-full e-flex e-con e-child\" data-id=\"59a8d99\" data-element_type=\"container\" data-e-type=\"container\">\n\t\t<div class=\"elementor-element elementor-element-5054873 e-con-full e-flex e-con e-child\" data-id=\"5054873\" data-element_type=\"container\" data-e-type=\"container\">\n\t\t\t\t<div class=\"elementor-element elementor-element-d76f5fb burr elementor-widget elementor-widget-heading\" data-id=\"d76f5fb\" data-element_type=\"widget\" data-e-type=\"widget\" data-widget_type=\"heading.default\">\n\t\t\t\t<div class=\"elementor-widget-container\">\n\t\t\t\t\t<div class=\"elementor-heading-title elementor-size-default\">Nicke Sundberg<\/div>\t\t\t\t<\/div>\n\t\t\t\t<\/div>\n\t\t\t\t<div class=\"elementor-element elementor-element-562c19a burr elementor-widget elementor-widget-heading\" data-id=\"562c19a\" data-element_type=\"widget\" data-e-type=\"widget\" data-widget_type=\"heading.default\">\n\t\t\t\t<div class=\"elementor-widget-container\">\n\t\t\t\t\t<div class=\"elementor-heading-title elementor-size-default\">KAM<\/div>\t\t\t\t<\/div>\n\t\t\t\t<\/div>\n\t\t\t\t<\/div>\n\t\t<div class=\"elementor-element elementor-element-92cf682 e-con-full e-flex e-con e-child\" data-id=\"92cf682\" data-element_type=\"container\" data-e-type=\"container\">\n\t\t\t\t<div class=\"elementor-element elementor-element-ae8126d elementor-widget elementor-widget-heading\" data-id=\"ae8126d\" data-element_type=\"widget\" data-e-type=\"widget\" data-widget_type=\"heading.default\">\n\t\t\t\t<div class=\"elementor-widget-container\">\n\t\t\t\t\t<div class=\"elementor-heading-title elementor-size-default\"><a href=\"tel:+46709134846\">+46 709 13 48 46<\/a><\/div>\t\t\t\t<\/div>\n\t\t\t\t<\/div>\n\t\t\t\t<div class=\"elementor-element elementor-element-0050507 elementor-widget elementor-widget-heading\" data-id=\"0050507\" data-element_type=\"widget\" data-e-type=\"widget\" data-widget_type=\"heading.default\">\n\t\t\t\t<div class=\"elementor-widget-container\">\n\t\t\t\t\t<div class=\"elementor-heading-title elementor-size-default\"><a href=\"mailto:nicke.sundberg@systemsvets.com\">nicke.sundberg@systemsvets.com<\/a><\/div>\t\t\t\t<\/div>\n\t\t\t\t<\/div>\n\t\t\t\t<\/div>\n\t\t\t\t<\/div>\n\t\t\t\t<\/div>\n\t\t\t\t<\/div>\n\t\t\t\t\t<\/div>\n\t\t\t\t<\/div>\n\t\t\t\t\t<\/div>\n\t\t\t\t<\/div>\n\t\t<div class=\"elementor-element elementor-element-36a60a3 border e-flex e-con-boxed e-con e-parent\" data-id=\"36a60a3\" data-element_type=\"container\" data-e-type=\"container\">\n\t\t\t\t\t<div class=\"e-con-inner\">\n\t\t\t\t\t<\/div>\n\t\t\t\t<\/div>\n\t\t\t\t<\/div>\n\t\t","protected":false},"excerpt":{"rendered":"<p>Kvalitetskontroll med fiberoptisk unders\u00f6kning Fiberoptisk unders\u00f6kning \u00e4r utformad f\u00f6r att ta kvalitetss\u00e4kringen till n\u00e4sta niv\u00e5, s\u00e4rskilt inom branscher d\u00e4r precision \u00e4r avg\u00f6rande. Med anv\u00e4ndning av v\u00e5r avancerade fiberoptiska utrustning kan vi noggrant unders\u00f6ka svetsskarvar p\u00e5 insidan f\u00f6r att s\u00e4kerst\u00e4lla de b\u00e4sta m\u00f6jliga resultaten. Se galleriet F\u00f6rdelar med fiberoptisk unders\u00f6kning Fiberoptisk unders\u00f6kning \u00e4r en teknik som [&hellip;]<\/p>\n","protected":false},"author":6,"featured_media":0,"parent":0,"menu_order":0,"comment_status":"closed","ping_status":"closed","template":"","meta":{"footnotes":""},"class_list":["post-2327","page","type-page","status-publish","hentry"],"_links":{"self":[{"href":"https:\/\/systemsvets.com\/sv\/wp-json\/wp\/v2\/pages\/2327","targetHints":{"allow":["GET"]}}],"collection":[{"href":"https:\/\/systemsvets.com\/sv\/wp-json\/wp\/v2\/pages"}],"about":[{"href":"https:\/\/systemsvets.com\/sv\/wp-json\/wp\/v2\/types\/page"}],"author":[{"embeddable":true,"href":"https:\/\/systemsvets.com\/sv\/wp-json\/wp\/v2\/users\/6"}],"replies":[{"embeddable":true,"href":"https:\/\/systemsvets.com\/sv\/wp-json\/wp\/v2\/comments?post=2327"}],"version-history":[{"count":362,"href":"https:\/\/systemsvets.com\/sv\/wp-json\/wp\/v2\/pages\/2327\/revisions"}],"predecessor-version":[{"id":13991,"href":"https:\/\/systemsvets.com\/sv\/wp-json\/wp\/v2\/pages\/2327\/revisions\/13991"}],"wp:attachment":[{"href":"https:\/\/systemsvets.com\/sv\/wp-json\/wp\/v2\/media?parent=2327"}],"curies":[{"name":"wp","href":"https:\/\/api.w.org\/{rel}","templated":true}]}}