{"id":2317,"date":"2023-08-15T05:41:40","date_gmt":"2023-08-15T03:41:40","guid":{"rendered":"https:\/\/systemsvets.com\/?page_id=2317"},"modified":"2023-11-11T16:30:01","modified_gmt":"2023-11-11T14:30:01","slug":"svetsning","status":"publish","type":"page","link":"https:\/\/systemsvets.com\/sv\/svetsning\/","title":{"rendered":"Svetsare"},"content":{"rendered":"\t\t<div data-elementor-type=\"wp-page\" data-elementor-id=\"2317\" class=\"elementor elementor-2317\" data-elementor-post-type=\"page\">\n\t\t\t\t<div class=\"elementor-element elementor-element-bba371c hero e-con-full e-flex e-con e-parent\" data-id=\"bba371c\" data-element_type=\"container\" data-e-type=\"container\" data-settings=\"{&quot;background_background&quot;:&quot;classic&quot;}\">\n\t\t\t\t<div class=\"elementor-element elementor-element-71899050 elementor-widget-mobile__width-inherit mh1 elementor-widget__width-initial elementor-widget elementor-widget-heading\" data-id=\"71899050\" data-element_type=\"widget\" data-e-type=\"widget\" data-widget_type=\"heading.default\">\n\t\t\t\t<div class=\"elementor-widget-container\">\n\t\t\t\t\t<h1 class=\"elementor-heading-title elementor-size-default\">Professionella svetsare med dokumenterad erfarenhet<\/h1>\t\t\t\t<\/div>\n\t\t\t\t<\/div>\n\t\t\t\t<div class=\"elementor-element elementor-element-5e5d4d01 elementor-widget__width-initial elementor-widget elementor-widget-text-editor\" data-id=\"5e5d4d01\" data-element_type=\"widget\" data-e-type=\"widget\" data-widget_type=\"text-editor.default\">\n\t\t\t\t<div class=\"elementor-widget-container\">\n\t\t\t\t\t\t\t\t\tUppt\u00e4ck f\u00f6rdelarna med TIG-svetsning och orbitalsvetsning \u2013 tv\u00e5 avancerade metoder som levererar precision, renhet och f\u00f6rstklassig kvalitet. Ni kan lita p\u00e5 att vi uppfyller de h\u00f6gsta branschstandarderna, s\u00e5 v\u00e4lj oss som er p\u00e5litliga partner f\u00f6r att s\u00e4kerst\u00e4lla s\u00e4kra, p\u00e5litliga och effektiva resultat.\t\t\t\t\t\t\t\t<\/div>\n\t\t\t\t<\/div>\n\t\t\t\t<div class=\"elementor-element elementor-element-0394153 elementor-widget elementor-widget-button\" data-id=\"0394153\" data-element_type=\"widget\" data-e-type=\"widget\" data-widget_type=\"button.default\">\n\t\t\t\t<div class=\"elementor-widget-container\">\n\t\t\t\t\t\t\t\t\t<div class=\"elementor-button-wrapper\">\n\t\t\t\t\t<a class=\"elementor-button elementor-button-link elementor-size-md elementor-animation-shrink\" href=\"https:\/\/systemsvets.com\/sv\/kontakt\/\">\n\t\t\t\t\t\t<span class=\"elementor-button-content-wrapper\">\n\t\t\t\t\t\t\t\t\t<span class=\"elementor-button-text\">Kontakta oss<\/span>\n\t\t\t\t\t<\/span>\n\t\t\t\t\t<\/a>\n\t\t\t\t<\/div>\n\t\t\t\t\t\t\t\t<\/div>\n\t\t\t\t<\/div>\n\t\t\t\t<\/div>\n\t\t<div class=\"elementor-element elementor-element-6bc0aaa4 border e-flex e-con-boxed e-con e-parent\" data-id=\"6bc0aaa4\" data-element_type=\"container\" data-e-type=\"container\">\n\t\t\t\t\t<div class=\"e-con-inner\">\n\t\t\t\t\t<\/div>\n\t\t\t\t<\/div>\n\t\t<div class=\"elementor-element elementor-element-531d2f6d e-flex e-con-boxed e-con e-parent\" data-id=\"531d2f6d\" data-element_type=\"container\" data-e-type=\"container\" data-no-translation=\"\">\n\t\t\t\t\t<div class=\"e-con-inner\">\n\t\t<div class=\"elementor-element elementor-element-136e8333 e-con-full e-flex e-con e-child\" data-id=\"136e8333\" data-element_type=\"container\" data-e-type=\"container\">\n\t\t\t\t<div class=\"elementor-element elementor-element-8ca91c5 elementor-widget elementor-widget-heading\" data-id=\"8ca91c5\" data-element_type=\"widget\" data-e-type=\"widget\" data-widget_type=\"heading.default\">\n\t\t\t\t<div class=\"elementor-widget-container\">\n\t\t\t\t\t<h2 class=\"elementor-heading-title elementor-size-default\">TIG-svets - H\u00f6gkvalitativ precision och m\u00e5ngsidighet<\/h2>\t\t\t\t<\/div>\n\t\t\t\t<\/div>\n\t\t\t\t<div class=\"elementor-element elementor-element-42b716af mtext elementor-widget__width-initial elementor-widget-mobile__width-inherit elementor-widget-tablet__width-inherit elementor-widget elementor-widget-text-editor\" data-id=\"42b716af\" data-element_type=\"widget\" data-e-type=\"widget\" data-widget_type=\"text-editor.default\">\n\t\t\t\t<div class=\"elementor-widget-container\">\n\t\t\t\t\t\t\t\t\t<p>TIG-svets, \u00e4ven k\u00e4nt som Gas Tungsten Arc Welding (GTAW), \u00e4r en svetsningsprocess som resulterar i h\u00f6gkvalitativa och precisa svetsar. Den \u00e4r k\u00e4nd f\u00f6r sin m\u00e5ngsidighet och f\u00f6rstklassiga kvalitet.<\/p>\n<p><span style=\"color: var( --e-global-color-238af66 ); letter-spacing: -0.16px; background-color: transparent;\"><br><\/span><\/p><p><span style=\"color: var( --e-global-color-238af66 ); letter-spacing: -0.16px; background-color: transparent;\">TIG-svetsning \u00f6ppnar upp o\u00e4ndliga m\u00f6jligheter genom att kunna svetsa ett brett spektrum av metaller j\u00e4mf\u00f6rt med andra metoder. Uppt\u00e4ck hur vi p\u00e5 Systemsvets kan hj\u00e4lpa dig med TIG-svetsning. L\u00e5t v\u00e5r erfarna personal skapa perfekta svetsar som uppfyller dina krav och behov.<\/span><\/p>\n<p><span style=\"color: var( --e-global-color-238af66 ); letter-spacing: -0.16px; background-color: transparent;\"><br><\/span><\/p><p><span style=\"color: var( --e-global-color-238af66 ); letter-spacing: -0.16px; background-color: transparent;\">Med TIG-svetsning kan du vara s\u00e4ker p\u00e5 att f\u00e5 en stark och h\u00e5llbar svetsning oavsett material, vilket g\u00f6r det till det ultimata valet f\u00f6r projekt som kr\u00e4ver h\u00f6g precision och p\u00e5litlighet.<\/span><\/p>\n<p><span style=\"color: var( --e-global-color-238af66 ); letter-spacing: -0.16px; background-color: transparent;\"><br><\/span><\/p><p><span style=\"color: var( --e-global-color-238af66 ); letter-spacing: -0.16px; background-color: transparent;\">V<\/span><span style=\"color: var( --e-global-color-238af66 ); letter-spacing: -0.16px; background-color: transparent;\">\u00e4lj v\u00e5r expertis inom TIG-svetsning f\u00f6r att s\u00e4kerst\u00e4lla en f\u00f6rstklassig svetsning f\u00f6r ditt n\u00e4sta projekt.<\/span><\/p>\n<p><\/p>\t\t\t\t\t\t\t\t<\/div>\n\t\t\t\t<\/div>\n\t\t\t\t<\/div>\n\t\t<div class=\"elementor-element elementor-element-992515c e-con-full e-flex e-con e-child\" data-id=\"992515c\" data-element_type=\"container\" data-e-type=\"container\" data-settings=\"{&quot;background_background&quot;:&quot;slideshow&quot;,&quot;background_slideshow_gallery&quot;:[{&quot;id&quot;:13996,&quot;url&quot;:&quot;https:\\\/\\\/www.systemsvets.com\\\/wp-content\\\/uploads\\\/2023\\\/11\\\/mobile_workstations.png&quot;}],&quot;background_slideshow_loop&quot;:&quot;yes&quot;,&quot;background_slideshow_slide_duration&quot;:5000,&quot;background_slideshow_slide_transition&quot;:&quot;fade&quot;,&quot;background_slideshow_transition_duration&quot;:500}\">\n\t\t\t\t<\/div>\n\t\t\t\t\t<\/div>\n\t\t\t\t<\/div>\n\t\t<div class=\"elementor-element elementor-element-ac412d3 border e-flex e-con-boxed e-con e-parent\" data-id=\"ac412d3\" data-element_type=\"container\" data-e-type=\"container\">\n\t\t\t\t\t<div class=\"e-con-inner\">\n\t\t\t\t\t<\/div>\n\t\t\t\t<\/div>\n\t\t<div class=\"elementor-element elementor-element-4dbb80e e-flex e-con-boxed e-con e-parent\" data-id=\"4dbb80e\" data-element_type=\"container\" data-e-type=\"container\" data-no-translation=\"\">\n\t\t\t\t\t<div class=\"e-con-inner\">\n\t\t<div class=\"elementor-element elementor-element-f3e84ca e-con-full e-flex e-con e-child\" data-id=\"f3e84ca\" data-element_type=\"container\" data-e-type=\"container\" data-settings=\"{&quot;background_background&quot;:&quot;slideshow&quot;,&quot;background_slideshow_gallery&quot;:[],&quot;background_slideshow_loop&quot;:&quot;yes&quot;,&quot;background_slideshow_slide_duration&quot;:5000,&quot;background_slideshow_slide_transition&quot;:&quot;fade&quot;,&quot;background_slideshow_transition_duration&quot;:500}\">\n\t\t\t\t<div class=\"elementor-element elementor-element-1b3128f elementor-widget elementor-widget-image\" data-id=\"1b3128f\" data-element_type=\"widget\" data-e-type=\"widget\" data-widget_type=\"image.default\">\n\t\t\t\t<div class=\"elementor-widget-container\">\n\t\t\t\t\t\t\t\t\t\t\t\t\t\t\t<img fetchpriority=\"high\" decoding=\"async\" width=\"2560\" height=\"1707\" src=\"https:\/\/systemsvets.com\/wp-content\/uploads\/2023\/11\/evo-200-wp_clear-bg-kopia-_1_-min-_2_-1-scaled.webp\" class=\"attachment-full size-full wp-image-14095\" alt=\"\" srcset=\"https:\/\/systemsvets.com\/wp-content\/uploads\/2023\/11\/evo-200-wp_clear-bg-kopia-_1_-min-_2_-1-scaled.webp 2560w, https:\/\/systemsvets.com\/wp-content\/uploads\/2023\/11\/evo-200-wp_clear-bg-kopia-_1_-min-_2_-1-300x200.webp 300w, https:\/\/systemsvets.com\/wp-content\/uploads\/2023\/11\/evo-200-wp_clear-bg-kopia-_1_-min-_2_-1-1024x683.webp 1024w, https:\/\/systemsvets.com\/wp-content\/uploads\/2023\/11\/evo-200-wp_clear-bg-kopia-_1_-min-_2_-1-768x512.webp 768w, https:\/\/systemsvets.com\/wp-content\/uploads\/2023\/11\/evo-200-wp_clear-bg-kopia-_1_-min-_2_-1-1536x1024.webp 1536w, https:\/\/systemsvets.com\/wp-content\/uploads\/2023\/11\/evo-200-wp_clear-bg-kopia-_1_-min-_2_-1-2048x1365.webp 2048w, https:\/\/systemsvets.com\/wp-content\/uploads\/2023\/11\/evo-200-wp_clear-bg-kopia-_1_-min-_2_-1-18x12.webp 18w\" sizes=\"(max-width: 2560px) 100vw, 2560px\" \/>\t\t\t\t\t\t\t\t\t\t\t\t\t\t\t<\/div>\n\t\t\t\t<\/div>\n\t\t\t\t<div class=\"elementor-element elementor-element-94fafef elementor-widget elementor-widget-image\" data-id=\"94fafef\" data-element_type=\"widget\" data-e-type=\"widget\" data-widget_type=\"image.default\">\n\t\t\t\t<div class=\"elementor-widget-container\">\n\t\t\t\t\t\t\t\t\t\t\t\t\t\t\t<img decoding=\"async\" width=\"1157\" height=\"1000\" src=\"https:\/\/systemsvets.com\/wp-content\/uploads\/2023\/11\/intro_bild_2-1.png\" class=\"attachment-full size-full wp-image-14094\" alt=\"\" srcset=\"https:\/\/systemsvets.com\/wp-content\/uploads\/2023\/11\/intro_bild_2-1.png 1157w, https:\/\/systemsvets.com\/wp-content\/uploads\/2023\/11\/intro_bild_2-1-300x259.png 300w, https:\/\/systemsvets.com\/wp-content\/uploads\/2023\/11\/intro_bild_2-1-1024x885.png 1024w, https:\/\/systemsvets.com\/wp-content\/uploads\/2023\/11\/intro_bild_2-1-768x664.png 768w, https:\/\/systemsvets.com\/wp-content\/uploads\/2023\/11\/intro_bild_2-1-14x12.png 14w\" sizes=\"(max-width: 1157px) 100vw, 1157px\" \/>\t\t\t\t\t\t\t\t\t\t\t\t\t\t\t<\/div>\n\t\t\t\t<\/div>\n\t\t\t\t<\/div>\n\t\t<div class=\"elementor-element elementor-element-4ca1f57 e-con-full e-flex e-con e-child\" data-id=\"4ca1f57\" data-element_type=\"container\" data-e-type=\"container\">\n\t\t\t\t<div class=\"elementor-element elementor-element-3b1aed9 elementor-widget-tablet__width-inherit elementor-widget elementor-widget-heading\" data-id=\"3b1aed9\" data-element_type=\"widget\" data-e-type=\"widget\" data-widget_type=\"heading.default\">\n\t\t\t\t<div class=\"elementor-widget-container\">\n\t\t\t\t\t<h2 class=\"elementor-heading-title elementor-size-default\">Orbitalsvetsning<\/h2>\t\t\t\t<\/div>\n\t\t\t\t<\/div>\n\t\t\t\t<div class=\"elementor-element elementor-element-1353dcc mtext elementor-widget-tablet__width-inherit elementor-widget elementor-widget-text-editor\" data-id=\"1353dcc\" data-element_type=\"widget\" data-e-type=\"widget\" data-widget_type=\"text-editor.default\">\n\t\t\t\t<div class=\"elementor-widget-container\">\n\t\t\t\t\t\t\t\t\t<p>Inom branscher d\u00e4r h\u00f6g precision, \u00f6verl\u00e4gsen kvalitet och renhet \u00e4r av yttersta vikt, \u00e4r orbitalsvetsning det optimala valet. Vi p\u00e5 SystemsVets erbjuder en svetsmetod som \u00e4r skr\u00e4ddarsydd f\u00f6r att tillfredsst\u00e4lla dessa kr\u00e4vande milj\u00f6er.<\/p><p>\u00a0<\/p><p>V\u00e5r orbitalsvetsning s\u00e4kerst\u00e4ller en svets av h\u00f6gsta standard och perfektion, vilket g\u00f6r den till det perfekta valet f\u00f6r projekt d\u00e4r precision \u00e4r avg\u00f6rande. Uppt\u00e4ck f\u00f6rdelarna med orbitalsvets och l\u00e5t oss leverera en svetsl\u00f6sning som uppfyller dina h\u00f6gsta f\u00f6rv\u00e4ntningar n\u00e4r det g\u00e4ller kvalitet och h\u00e5llbarhet.<\/p><p>\u00a0<\/p><p>V\u00e4lj oss som din p\u00e5litliga partner f\u00f6r orbitalsvetsning och l\u00e5t oss leverera tillf\u00f6rlitliga resultat i varje svetsning.<\/p>\t\t\t\t\t\t\t\t<\/div>\n\t\t\t\t<\/div>\n\t\t\t\t<\/div>\n\t\t\t\t\t<\/div>\n\t\t\t\t<\/div>\n\t\t<div class=\"elementor-element elementor-element-78903f4 border e-flex e-con-boxed e-con e-parent\" data-id=\"78903f4\" data-element_type=\"container\" data-e-type=\"container\">\n\t\t\t\t\t<div class=\"e-con-inner\">\n\t\t\t\t\t<\/div>\n\t\t\t\t<\/div>\n\t\t<div class=\"elementor-element elementor-element-14b4307 e-flex e-con-boxed e-con e-parent\" data-id=\"14b4307\" data-element_type=\"container\" data-e-type=\"container\" data-settings=\"{&quot;background_background&quot;:&quot;classic&quot;}\">\n\t\t\t\t\t<div class=\"e-con-inner\">\n\t\t\t\t<div class=\"elementor-element elementor-element-5ecb375 elementor-widget-tablet__width-initial elementor-widget__width-inherit elementor-widget elementor-widget-heading\" data-id=\"5ecb375\" data-element_type=\"widget\" data-e-type=\"widget\" data-widget_type=\"heading.default\">\n\t\t\t\t<div class=\"elementor-widget-container\">\n\t\t\t\t\t<h2 class=\"elementor-heading-title elementor-size-default\">Vill du veta mer?<\/h2>\t\t\t\t<\/div>\n\t\t\t\t<\/div>\n\t\t<div class=\"elementor-element elementor-element-33928ef e-con-full e-flex e-con e-child\" data-id=\"33928ef\" data-element_type=\"container\" data-e-type=\"container\">\n\t\t<div class=\"elementor-element elementor-element-582e166 e-flex e-con-boxed e-con e-child\" data-id=\"582e166\" data-element_type=\"container\" data-e-type=\"container\">\n\t\t\t\t\t<div class=\"e-con-inner\">\n\t\t<div class=\"elementor-element elementor-element-d6ed018 e-con-full e-flex e-con e-child\" data-id=\"d6ed018\" data-element_type=\"container\" data-e-type=\"container\">\n\t\t<div class=\"elementor-element elementor-element-3db2089 e-con-full e-flex e-con e-child\" data-id=\"3db2089\" data-element_type=\"container\" data-e-type=\"container\">\n\t\t\t\t<div class=\"elementor-element elementor-element-5fe7628 elementor-widget elementor-widget-image\" data-id=\"5fe7628\" data-element_type=\"widget\" data-e-type=\"widget\" data-widget_type=\"image.default\">\n\t\t\t\t<div class=\"elementor-widget-container\">\n\t\t\t\t\t\t\t\t\t\t\t\t\t\t\t<img decoding=\"async\" src=\"https:\/\/systemsvets.com\/wp-content\/uploads\/elementor\/thumbs\/Anders-Kiefer-rdvfkrxisxherstxulc9h1o8q7nqks2ogmwry434f2.webp\" title=\"Anders Kiefer\" alt=\"Anders Kiefer\" loading=\"lazy\" \/>\t\t\t\t\t\t\t\t\t\t\t\t\t\t\t<\/div>\n\t\t\t\t<\/div>\n\t\t\t\t<\/div>\n\t\t<div class=\"elementor-element elementor-element-9ff21f9 e-con-full e-flex e-con e-child\" data-id=\"9ff21f9\" data-element_type=\"container\" data-e-type=\"container\">\n\t\t<div class=\"elementor-element elementor-element-b699ae8 e-con-full e-flex e-con e-child\" data-id=\"b699ae8\" data-element_type=\"container\" data-e-type=\"container\">\n\t\t\t\t<div class=\"elementor-element elementor-element-5b933c2 burr elementor-widget elementor-widget-heading\" data-id=\"5b933c2\" data-element_type=\"widget\" data-e-type=\"widget\" data-widget_type=\"heading.default\">\n\t\t\t\t<div class=\"elementor-widget-container\">\n\t\t\t\t\t<div class=\"elementor-heading-title elementor-size-default\">Anders Kiefer<\/div>\t\t\t\t<\/div>\n\t\t\t\t<\/div>\n\t\t<div class=\"elementor-element elementor-element-359fc9f e-con-full e-flex e-con e-child\" data-id=\"359fc9f\" data-element_type=\"container\" data-e-type=\"container\">\n\t\t\t\t<div class=\"elementor-element elementor-element-3122f2f elementor-widget elementor-widget-heading\" data-id=\"3122f2f\" data-element_type=\"widget\" data-e-type=\"widget\" data-widget_type=\"heading.default\">\n\t\t\t\t<div class=\"elementor-widget-container\">\n\t\t\t\t\t<div class=\"elementor-heading-title elementor-size-default\">VD\n\n<\/div>\t\t\t\t<\/div>\n\t\t\t\t<\/div>\n\t\t\t\t<\/div>\n\t\t\t\t<\/div>\n\t\t<div class=\"elementor-element elementor-element-c78e04b e-con-full e-flex e-con e-child\" data-id=\"c78e04b\" data-element_type=\"container\" data-e-type=\"container\">\n\t\t\t\t<div class=\"elementor-element elementor-element-73411dd elementor-widget__width-inherit elementor-widget elementor-widget-heading\" data-id=\"73411dd\" data-element_type=\"widget\" data-e-type=\"widget\" data-widget_type=\"heading.default\">\n\t\t\t\t<div class=\"elementor-widget-container\">\n\t\t\t\t\t<div class=\"elementor-heading-title elementor-size-default\"><a href=\"tel:+46708322812\">+46 708 32 28 12<\/a><\/div>\t\t\t\t<\/div>\n\t\t\t\t<\/div>\n\t\t\t\t<div class=\"elementor-element elementor-element-8a66d5c elementor-widget__width-inherit elementor-widget elementor-widget-heading\" data-id=\"8a66d5c\" data-element_type=\"widget\" data-e-type=\"widget\" data-widget_type=\"heading.default\">\n\t\t\t\t<div class=\"elementor-widget-container\">\n\t\t\t\t\t<div class=\"elementor-heading-title elementor-size-default\"><a href=\"mailto:anders.kiefer@systemsvets.com\">anders.kiefer@systemsvets.com<\/a><\/div>\t\t\t\t<\/div>\n\t\t\t\t<\/div>\n\t\t\t\t<\/div>\n\t\t\t\t<\/div>\n\t\t\t\t<\/div>\n\t\t<div class=\"elementor-element elementor-element-5802276 e-con-full e-flex e-con e-child\" data-id=\"5802276\" data-element_type=\"container\" data-e-type=\"container\">\n\t\t<div class=\"elementor-element elementor-element-6526d87 e-con-full e-flex e-con e-child\" data-id=\"6526d87\" data-element_type=\"container\" data-e-type=\"container\">\n\t\t\t\t<div class=\"elementor-element elementor-element-613972e elementor-widget elementor-widget-image\" data-id=\"613972e\" data-element_type=\"widget\" data-e-type=\"widget\" data-widget_type=\"image.default\">\n\t\t\t\t<div class=\"elementor-widget-container\">\n\t\t\t\t\t\t\t\t\t\t\t\t\t\t\t<img decoding=\"async\" src=\"https:\/\/systemsvets.com\/wp-content\/uploads\/elementor\/thumbs\/Profilbilder-hemsidan-uppsala-2023.07.30-rdvfl45f9ry4yqc6v8mevgl8g7zicuf6ube36pl066.webp\" title=\"Anders Hegsell\u200b\" alt=\"Anders Hegsell\u200b\" loading=\"lazy\" \/>\t\t\t\t\t\t\t\t\t\t\t\t\t\t\t<\/div>\n\t\t\t\t<\/div>\n\t\t\t\t<\/div>\n\t\t<div class=\"elementor-element elementor-element-a1fe095 e-con-full e-flex e-con e-child\" data-id=\"a1fe095\" data-element_type=\"container\" data-e-type=\"container\">\n\t\t<div class=\"elementor-element elementor-element-c04daa1 e-con-full e-flex e-con e-child\" data-id=\"c04daa1\" data-element_type=\"container\" data-e-type=\"container\">\n\t\t\t\t<div class=\"elementor-element elementor-element-6af0de1 burr elementor-widget elementor-widget-heading\" data-id=\"6af0de1\" data-element_type=\"widget\" data-e-type=\"widget\" data-widget_type=\"heading.default\">\n\t\t\t\t<div class=\"elementor-widget-container\">\n\t\t\t\t\t<div class=\"elementor-heading-title elementor-size-default\">Anders Hagsell<\/div>\t\t\t\t<\/div>\n\t\t\t\t<\/div>\n\t\t\t\t<div class=\"elementor-element elementor-element-11185a7 burr elementor-widget elementor-widget-heading\" data-id=\"11185a7\" data-element_type=\"widget\" data-e-type=\"widget\" data-widget_type=\"heading.default\">\n\t\t\t\t<div class=\"elementor-widget-container\">\n\t\t\t\t\t<div class=\"elementor-heading-title elementor-size-default\">Projektledare\n<\/div>\t\t\t\t<\/div>\n\t\t\t\t<\/div>\n\t\t\t\t<\/div>\n\t\t<div class=\"elementor-element elementor-element-bd82587 e-con-full e-flex e-con e-child\" data-id=\"bd82587\" data-element_type=\"container\" data-e-type=\"container\">\n\t\t\t\t<div class=\"elementor-element elementor-element-0610fea elementor-widget elementor-widget-heading\" data-id=\"0610fea\" data-element_type=\"widget\" data-e-type=\"widget\" data-widget_type=\"heading.default\">\n\t\t\t\t<div class=\"elementor-widget-container\">\n\t\t\t\t\t<div class=\"elementor-heading-title elementor-size-default\"><a href=\"tel:+46708554845\">+46 70 855 48 45<\/a><\/div>\t\t\t\t<\/div>\n\t\t\t\t<\/div>\n\t\t\t\t<div class=\"elementor-element elementor-element-c5a5264 elementor-widget elementor-widget-heading\" data-id=\"c5a5264\" data-element_type=\"widget\" data-e-type=\"widget\" data-widget_type=\"heading.default\">\n\t\t\t\t<div class=\"elementor-widget-container\">\n\t\t\t\t\t<div class=\"elementor-heading-title elementor-size-default\"><a href=\"mailto:anders.kiefer@systemsvets.com\">anders.hagsell@systemsvets.com<\/a><\/div>\t\t\t\t<\/div>\n\t\t\t\t<\/div>\n\t\t\t\t<\/div>\n\t\t\t\t<\/div>\n\t\t\t\t<\/div>\n\t\t<div class=\"elementor-element elementor-element-86296be e-con-full e-flex e-con e-child\" data-id=\"86296be\" data-element_type=\"container\" data-e-type=\"container\">\n\t\t<div class=\"elementor-element elementor-element-b8a70bc e-con-full e-flex e-con e-child\" data-id=\"b8a70bc\" data-element_type=\"container\" data-e-type=\"container\">\n\t\t\t\t<div class=\"elementor-element elementor-element-b7b98ea elementor-widget elementor-widget-image\" data-id=\"b7b98ea\" data-element_type=\"widget\" data-e-type=\"widget\" data-widget_type=\"image.default\">\n\t\t\t\t<div class=\"elementor-widget-container\">\n\t\t\t\t\t\t\t\t\t\t\t\t\t\t\t<img decoding=\"async\" src=\"https:\/\/systemsvets.com\/wp-content\/uploads\/elementor\/thumbs\/Profilbilder-hemsidan-uppsala-2023.07.303-rdvfl45f9ry4yqc6v8mevgl8g7zicuf6ube36pl066.webp\" title=\"Davy Huvitus\" alt=\"Davy Huvitus\" loading=\"lazy\" \/>\t\t\t\t\t\t\t\t\t\t\t\t\t\t\t<\/div>\n\t\t\t\t<\/div>\n\t\t\t\t<\/div>\n\t\t<div class=\"elementor-element elementor-element-13f52d1 e-con-full e-flex e-con e-child\" data-id=\"13f52d1\" data-element_type=\"container\" data-e-type=\"container\">\n\t\t<div class=\"elementor-element elementor-element-7bdce56 e-con-full e-flex e-con e-child\" data-id=\"7bdce56\" data-element_type=\"container\" data-e-type=\"container\">\n\t\t\t\t<div class=\"elementor-element elementor-element-35a6c5f burr elementor-widget elementor-widget-heading\" data-id=\"35a6c5f\" data-element_type=\"widget\" data-e-type=\"widget\" data-widget_type=\"heading.default\">\n\t\t\t\t<div class=\"elementor-widget-container\">\n\t\t\t\t\t<div class=\"elementor-heading-title elementor-size-default\">Davy Huvitus<\/div>\t\t\t\t<\/div>\n\t\t\t\t<\/div>\n\t\t\t\t<div class=\"elementor-element elementor-element-aa0005c burr elementor-widget elementor-widget-heading\" data-id=\"aa0005c\" data-element_type=\"widget\" data-e-type=\"widget\" data-widget_type=\"heading.default\">\n\t\t\t\t<div class=\"elementor-widget-container\">\n\t\t\t\t\t<div class=\"elementor-heading-title elementor-size-default\">Svetskoordinator\/IWS\/<br>\nProjektledare - Uppsala<\/div>\t\t\t\t<\/div>\n\t\t\t\t<\/div>\n\t\t\t\t<\/div>\n\t\t<div class=\"elementor-element elementor-element-5c7fa97 e-con-full e-flex e-con e-child\" data-id=\"5c7fa97\" data-element_type=\"container\" data-e-type=\"container\">\n\t\t\t\t<div class=\"elementor-element elementor-element-4f16f5a elementor-widget elementor-widget-heading\" data-id=\"4f16f5a\" data-element_type=\"widget\" data-e-type=\"widget\" data-widget_type=\"heading.default\">\n\t\t\t\t<div class=\"elementor-widget-container\">\n\t\t\t\t\t<div class=\"elementor-heading-title elementor-size-default\"><a href=\"tel:+46708454678\">+46 708 45 46 78<\/a><\/div>\t\t\t\t<\/div>\n\t\t\t\t<\/div>\n\t\t\t\t<div class=\"elementor-element elementor-element-3ec9395 elementor-widget elementor-widget-heading\" data-id=\"3ec9395\" data-element_type=\"widget\" data-e-type=\"widget\" data-widget_type=\"heading.default\">\n\t\t\t\t<div class=\"elementor-widget-container\">\n\t\t\t\t\t<div class=\"elementor-heading-title elementor-size-default\"><a href=\"mailto:davy.huvitus@systemsvets.com\">davy.huvitus@systemsvets.com<\/a><\/div>\t\t\t\t<\/div>\n\t\t\t\t<\/div>\n\t\t\t\t<\/div>\n\t\t\t\t<\/div>\n\t\t\t\t<\/div>\n\t\t\t\t\t<\/div>\n\t\t\t\t<\/div>\n\t\t\t\t<\/div>\n\t\t\t\t\t<\/div>\n\t\t\t\t<\/div>\n\t\t<div class=\"elementor-element elementor-element-5e0ea30 border e-flex e-con-boxed e-con e-parent\" data-id=\"5e0ea30\" data-element_type=\"container\" data-e-type=\"container\">\n\t\t\t\t\t<div class=\"e-con-inner\">\n\t\t\t\t\t<\/div>\n\t\t\t\t<\/div>\n\t\t\t\t<\/div>\n\t\t","protected":false},"excerpt":{"rendered":"<p>Professionella svetsare med dokumenterad erfarenhet Uppt\u00e4ck f\u00f6rdelarna med TIG-svetsning och orbitalsvetsning \u2013 tv\u00e5 avancerade metoder som levererar precision, renhet och f\u00f6rstklassig kvalitet. Ni kan lita p\u00e5 att vi uppfyller de h\u00f6gsta branschstandarderna, s\u00e5 v\u00e4lj oss som er p\u00e5litliga partner f\u00f6r att s\u00e4kerst\u00e4lla s\u00e4kra, p\u00e5litliga och effektiva resultat. Kontakta oss TIG-svets &#8211; H\u00f6gkvalitativ precision och m\u00e5ngsidighet [&hellip;]<\/p>\n","protected":false},"author":6,"featured_media":0,"parent":0,"menu_order":0,"comment_status":"closed","ping_status":"closed","template":"","meta":{"footnotes":""},"class_list":["post-2317","page","type-page","status-publish","hentry"],"_links":{"self":[{"href":"https:\/\/systemsvets.com\/sv\/wp-json\/wp\/v2\/pages\/2317","targetHints":{"allow":["GET"]}}],"collection":[{"href":"https:\/\/systemsvets.com\/sv\/wp-json\/wp\/v2\/pages"}],"about":[{"href":"https:\/\/systemsvets.com\/sv\/wp-json\/wp\/v2\/types\/page"}],"author":[{"embeddable":true,"href":"https:\/\/systemsvets.com\/sv\/wp-json\/wp\/v2\/users\/6"}],"replies":[{"embeddable":true,"href":"https:\/\/systemsvets.com\/sv\/wp-json\/wp\/v2\/comments?post=2317"}],"version-history":[{"count":774,"href":"https:\/\/systemsvets.com\/sv\/wp-json\/wp\/v2\/pages\/2317\/revisions"}],"predecessor-version":[{"id":14112,"href":"https:\/\/systemsvets.com\/sv\/wp-json\/wp\/v2\/pages\/2317\/revisions\/14112"}],"wp:attachment":[{"href":"https:\/\/systemsvets.com\/sv\/wp-json\/wp\/v2\/media?parent=2317"}],"curies":[{"name":"wp","href":"https:\/\/api.w.org\/{rel}","templated":true}]}}