{"id":2063,"date":"2023-08-14T10:24:28","date_gmt":"2023-08-14T08:24:28","guid":{"rendered":"https:\/\/systemsvets.com\/?page_id=2063"},"modified":"2023-10-27T17:57:54","modified_gmt":"2023-10-27T15:57:54","slug":"fabrikstillverkning","status":"publish","type":"page","link":"https:\/\/systemsvets.com\/sv\/fabrikstillverkning\/","title":{"rendered":"Fabrikstillverkning"},"content":{"rendered":"\t\t<div data-elementor-type=\"wp-page\" data-elementor-id=\"2063\" class=\"elementor elementor-2063\" data-elementor-post-type=\"page\">\n\t\t\t\t<div class=\"elementor-element elementor-element-409d8422 hero e-flex e-con-boxed e-con e-parent\" data-id=\"409d8422\" data-element_type=\"container\" data-e-type=\"container\" data-settings=\"{&quot;background_background&quot;:&quot;classic&quot;}\">\n\t\t\t\t\t<div class=\"e-con-inner\">\n\t\t\t\t<div class=\"elementor-element elementor-element-5ec96d3 elementor-widget-tablet__width-initial elementor-widget-mobile__width-initial mh1 elementor-widget__width-initial elementor-widget elementor-widget-heading\" data-id=\"5ec96d3\" data-element_type=\"widget\" data-e-type=\"widget\" data-widget_type=\"heading.default\">\n\t\t\t\t<div class=\"elementor-widget-container\">\n\t\t\t\t\t<h1 class=\"elementor-heading-title elementor-size-default\">Fr\u00e5n vision till\nf\u00e4rdig fabrik<\/h1>\t\t\t\t<\/div>\n\t\t\t\t<\/div>\n\t\t\t\t<div class=\"elementor-element elementor-element-eae28d1 elementor-widget__width-initial tagline elementor-widget elementor-widget-text-editor\" data-id=\"eae28d1\" data-element_type=\"widget\" data-e-type=\"widget\" data-widget_type=\"text-editor.default\">\n\t\t\t\t<div class=\"elementor-widget-container\">\n\t\t\t\t\t\t\t\t\t<p>P\u00e5 Systemsvets tar vi ett helhetsansvar gentemot kund. Vi erbjuder h\u00f6gkvalitativa och s\u00e4kra tj\u00e4nster genom noggrann dokumentation, kvalificerade svetsare, djupg\u00e5ende inspektioner och omfattande fabriks\u00f6vervakning, allt certifierat av olika myndigheter och regeringsinstanser.<\/p>\t\t\t\t\t\t\t\t<\/div>\n\t\t\t\t<\/div>\n\t\t\t\t<div class=\"elementor-element elementor-element-ce54931 elementor-widget elementor-widget-global elementor-global-10539 elementor-widget-button\" data-id=\"ce54931\" data-element_type=\"widget\" data-e-type=\"widget\" data-widget_type=\"button.default\">\n\t\t\t\t<div class=\"elementor-widget-container\">\n\t\t\t\t\t\t\t\t\t<div class=\"elementor-button-wrapper\">\n\t\t\t\t\t<a class=\"elementor-button elementor-button-link elementor-size-md elementor-animation-shrink\" href=\"https:\/\/systemsvets.com\/sv\/galleri\/\">\n\t\t\t\t\t\t<span class=\"elementor-button-content-wrapper\">\n\t\t\t\t\t\t\t\t\t<span class=\"elementor-button-text\">Se galleriet<\/span>\n\t\t\t\t\t<\/span>\n\t\t\t\t\t<\/a>\n\t\t\t\t<\/div>\n\t\t\t\t\t\t\t\t<\/div>\n\t\t\t\t<\/div>\n\t\t\t\t\t<\/div>\n\t\t\t\t<\/div>\n\t\t<div class=\"elementor-element elementor-element-31a292f4 border e-flex e-con-boxed e-con e-parent\" data-id=\"31a292f4\" data-element_type=\"container\" data-e-type=\"container\">\n\t\t\t\t\t<div class=\"e-con-inner\">\n\t\t\t\t\t<\/div>\n\t\t\t\t<\/div>\n\t\t<div class=\"elementor-element elementor-element-60d1184 e-flex e-con-boxed e-con e-parent\" data-id=\"60d1184\" data-element_type=\"container\" data-e-type=\"container\" data-settings=\"{&quot;background_background&quot;:&quot;classic&quot;}\">\n\t\t\t\t\t<div class=\"e-con-inner\">\n\t\t<div class=\"elementor-element elementor-element-e1fef66 e-con-full e-flex e-con e-child\" data-id=\"e1fef66\" data-element_type=\"container\" data-e-type=\"container\">\n\t\t<div class=\"elementor-element elementor-element-fb9d1a6 e-con-full e-flex e-con e-child\" data-id=\"fb9d1a6\" data-element_type=\"container\" data-e-type=\"container\">\n\t\t\t\t<div class=\"elementor-element elementor-element-0272944 elementor-widget-mobile__width-initial elementor-widget elementor-widget-heading\" data-id=\"0272944\" data-element_type=\"widget\" data-e-type=\"widget\" data-widget_type=\"heading.default\">\n\t\t\t\t<div class=\"elementor-widget-container\">\n\t\t\t\t\t<div class=\"elementor-heading-title elementor-size-default\">S\u00e4kerhet och dokumentation i fokus\n<\/div>\t\t\t\t<\/div>\n\t\t\t\t<\/div>\n\t\t\t\t<div class=\"elementor-element elementor-element-8320963 elementor-widget__width-inherit elementor-widget-tablet__width-auto elementor-widget elementor-widget-text-editor\" data-id=\"8320963\" data-element_type=\"widget\" data-e-type=\"widget\" data-widget_type=\"text-editor.default\">\n\t\t\t\t<div class=\"elementor-widget-container\">\n\t\t\t\t\t\t\t\t\tMed en gedigen erfarenhet inom branschen \u00e4r v\u00e5ra anl\u00e4ggningar utformade efter de str\u00e4nga riktlinjerna som finns f\u00f6r l\u00e4kemedels-, process- och livsmedelsindustrin. Vi har alltid s\u00e4kerhet, hygien och precision i fokus. Varje uppdrag vi f\u00e5r in dokumenteras och f\u00f6ljs upp av v\u00e5r kunniga personal, f\u00f6r att ni ska k\u00e4nna er trygga med oss som er p\u00e5litliga partner.\t\t\t\t\t\t\t\t<\/div>\n\t\t\t\t<\/div>\n\t\t\t\t<\/div>\n\t\t<div class=\"elementor-element elementor-element-a19895a e-con-full e-flex e-con e-child\" data-id=\"a19895a\" data-element_type=\"container\" data-e-type=\"container\">\n\t\t\t\t<div class=\"elementor-element elementor-element-8d99016 elementor-widget elementor-widget-image\" data-id=\"8d99016\" data-element_type=\"widget\" data-e-type=\"widget\" data-widget_type=\"image.default\">\n\t\t\t\t<div class=\"elementor-widget-container\">\n\t\t\t\t\t\t\t\t\t\t\t\t\t\t\t<img decoding=\"async\" src=\"https:\/\/systemsvets.com\/wp-content\/uploads\/2023\/08\/7Rityta-1.svg\" title=\"7Rityta 1\" alt=\"7Rityta 1\" loading=\"lazy\" \/>\t\t\t\t\t\t\t\t\t\t\t\t\t\t\t<\/div>\n\t\t\t\t<\/div>\n\t\t\t\t<\/div>\n\t\t\t\t<\/div>\n\t\t<div class=\"elementor-element elementor-element-41c187c e-con-full e-flex e-con e-child\" data-id=\"41c187c\" data-element_type=\"container\" data-e-type=\"container\">\n\t\t<div class=\"elementor-element elementor-element-c7cf109 e-con-full e-flex e-con e-child\" data-id=\"c7cf109\" data-element_type=\"container\" data-e-type=\"container\">\n\t\t\t\t<div class=\"elementor-element elementor-element-2083d9c elementor-widget elementor-widget-image\" data-id=\"2083d9c\" data-element_type=\"widget\" data-e-type=\"widget\" data-widget_type=\"image.default\">\n\t\t\t\t<div class=\"elementor-widget-container\">\n\t\t\t\t\t\t\t\t\t\t\t\t\t\t\t<img decoding=\"async\" src=\"https:\/\/systemsvets.com\/wp-content\/uploads\/2023\/08\/4Rityta-1.svg\" title=\"4Rityta 1\" alt=\"4Rityta 1\" loading=\"lazy\" \/>\t\t\t\t\t\t\t\t\t\t\t\t\t\t\t<\/div>\n\t\t\t\t<\/div>\n\t\t\t\t<\/div>\n\t\t<div class=\"elementor-element elementor-element-419487d e-con-full e-flex e-con e-child\" data-id=\"419487d\" data-element_type=\"container\" data-e-type=\"container\">\n\t\t\t\t<div class=\"elementor-element elementor-element-8e77691 elementor-widget elementor-widget-heading\" data-id=\"8e77691\" data-element_type=\"widget\" data-e-type=\"widget\" data-widget_type=\"heading.default\">\n\t\t\t\t<div class=\"elementor-widget-container\">\n\t\t\t\t\t<div class=\"elementor-heading-title elementor-size-default\">Kollektivt tillv\u00e4gag\u00e5ngss\u00e4tt\n\n<\/div>\t\t\t\t<\/div>\n\t\t\t\t<\/div>\n\t\t\t\t<div class=\"elementor-element elementor-element-0360e59 elementor-widget__width-inherit elementor-widget-tablet__width-auto elementor-widget elementor-widget-text-editor\" data-id=\"0360e59\" data-element_type=\"widget\" data-e-type=\"widget\" data-widget_type=\"text-editor.default\">\n\t\t\t\t<div class=\"elementor-widget-container\">\n\t\t\t\t\t\t\t\t\t<p>Vi \u00e4r stolta \u00f6ver v\u00e5r f\u00f6rm\u00e5ga att lyssna och samarbeta. Varje projekt b\u00f6rjar med att f\u00f6rst\u00e5 era unika krav och er vision. Sedan anpassar vi v\u00e5ra strategier, verktyg och tekniker f\u00f6r att s\u00e4kerst\u00e4lla att er vision blir verklighet.<\/p>\t\t\t\t\t\t\t\t<\/div>\n\t\t\t\t<\/div>\n\t\t\t\t<\/div>\n\t\t\t\t<\/div>\n\t\t<div class=\"elementor-element elementor-element-0dfd7dd e-con-full e-flex e-con e-child\" data-id=\"0dfd7dd\" data-element_type=\"container\" data-e-type=\"container\">\n\t\t<div class=\"elementor-element elementor-element-9904cfd e-con-full e-flex e-con e-child\" data-id=\"9904cfd\" data-element_type=\"container\" data-e-type=\"container\">\n\t\t\t\t<div class=\"elementor-element elementor-element-26dfb2a elementor-widget elementor-widget-heading\" data-id=\"26dfb2a\" data-element_type=\"widget\" data-e-type=\"widget\" data-widget_type=\"heading.default\">\n\t\t\t\t<div class=\"elementor-widget-container\">\n\t\t\t\t\t<div class=\"elementor-heading-title elementor-size-default\">P\u00e5litlig expertis\u200b<\/div>\t\t\t\t<\/div>\n\t\t\t\t<\/div>\n\t\t\t\t<div class=\"elementor-element elementor-element-24ecd53 elementor-widget__width-inherit elementor-widget-tablet__width-auto elementor-widget elementor-widget-text-editor\" data-id=\"24ecd53\" data-element_type=\"widget\" data-e-type=\"widget\" data-widget_type=\"text-editor.default\">\n\t\t\t\t<div class=\"elementor-widget-container\">\n\t\t\t\t\t\t\t\t\t<p>V\u00e5r historia bygger p\u00e5 en stark grund av komplexa projekt som str\u00e4cker sig \u00f6ver flera l\u00e4nder och olika behov. Fr\u00e5n sterila milj\u00f6er till enorma fabriksanl\u00e4ggningar har vi sett och gjort allt. V\u00e5r omfattande projektportf\u00f6lj talar f\u00f6r v\u00e5r expertis djup och bredd.<\/p>\t\t\t\t\t\t\t\t<\/div>\n\t\t\t\t<\/div>\n\t\t\t\t<\/div>\n\t\t<div class=\"elementor-element elementor-element-9967d5a e-con-full e-flex e-con e-child\" data-id=\"9967d5a\" data-element_type=\"container\" data-e-type=\"container\">\n\t\t\t\t<div class=\"elementor-element elementor-element-ebea02f elementor-widget__width-inherit elementor-widget-tablet__width-auto elementor-widget elementor-widget-image\" data-id=\"ebea02f\" data-element_type=\"widget\" data-e-type=\"widget\" data-widget_type=\"image.default\">\n\t\t\t\t<div class=\"elementor-widget-container\">\n\t\t\t\t\t\t\t\t\t\t\t\t\t\t\t<img decoding=\"async\" src=\"https:\/\/systemsvets.com\/wp-content\/uploads\/2023\/08\/6Rityta-1.svg\" title=\"6Rityta 1\" alt=\"6Rityta 1\" loading=\"lazy\" \/>\t\t\t\t\t\t\t\t\t\t\t\t\t\t\t<\/div>\n\t\t\t\t<\/div>\n\t\t\t\t<\/div>\n\t\t\t\t<\/div>\n\t\t<div class=\"elementor-element elementor-element-23a7006 e-con-full e-flex e-con e-child\" data-id=\"23a7006\" data-element_type=\"container\" data-e-type=\"container\">\n\t\t<div class=\"elementor-element elementor-element-162f8e7 e-con-full e-flex e-con e-child\" data-id=\"162f8e7\" data-element_type=\"container\" data-e-type=\"container\">\n\t\t\t\t<div class=\"elementor-element elementor-element-d180ad4 elementor-widget elementor-widget-image\" data-id=\"d180ad4\" data-element_type=\"widget\" data-e-type=\"widget\" data-widget_type=\"image.default\">\n\t\t\t\t<div class=\"elementor-widget-container\">\n\t\t\t\t\t\t\t\t\t\t\t\t\t\t\t<img decoding=\"async\" src=\"https:\/\/systemsvets.com\/wp-content\/uploads\/2023\/08\/1Rityta-1.svg\" title=\"1Rityta 1\" alt=\"1Rityta 1\" loading=\"lazy\" \/>\t\t\t\t\t\t\t\t\t\t\t\t\t\t\t<\/div>\n\t\t\t\t<\/div>\n\t\t\t\t<\/div>\n\t\t<div class=\"elementor-element elementor-element-432db9a e-con-full e-flex e-con e-child\" data-id=\"432db9a\" data-element_type=\"container\" data-e-type=\"container\">\n\t\t\t\t<div class=\"elementor-element elementor-element-4e02d85 elementor-widget elementor-widget-heading\" data-id=\"4e02d85\" data-element_type=\"widget\" data-e-type=\"widget\" data-widget_type=\"heading.default\">\n\t\t\t\t<div class=\"elementor-widget-container\">\n\t\t\t\t\t<div class=\"elementor-heading-title elementor-size-default\">O\u00f6vertr\u00e4ffad kapacitet\u200b<\/div>\t\t\t\t<\/div>\n\t\t\t\t<\/div>\n\t\t\t\t<div class=\"elementor-element elementor-element-63db5ad elementor-widget__width-inherit elementor-widget-tablet__width-auto elementor-widget elementor-widget-text-editor\" data-id=\"63db5ad\" data-element_type=\"widget\" data-e-type=\"widget\" data-widget_type=\"text-editor.default\">\n\t\t\t\t<div class=\"elementor-widget-container\">\n\t\t\t\t\t\t\t\t\t<p>Storlek, omfattning och hastighet \u00e4r avg\u00f6rande inom fabriksbyggnation. V\u00e5ra omfattande resurser, tillsammans med v\u00e5r kunniga personal, g\u00f6r att vi kan genomf\u00f6ra och leverera komplexa projekt med en effektivitet som \u00e4r o\u00f6vertr\u00e4ffad.<\/p>\t\t\t\t\t\t\t\t<\/div>\n\t\t\t\t<\/div>\n\t\t\t\t<\/div>\n\t\t\t\t<\/div>\n\t\t<div class=\"elementor-element elementor-element-1d5a993 e-con-full e-flex e-con e-child\" data-id=\"1d5a993\" data-element_type=\"container\" data-e-type=\"container\">\n\t\t<div class=\"elementor-element elementor-element-fbb91d5 e-con-full e-flex e-con e-child\" data-id=\"fbb91d5\" data-element_type=\"container\" data-e-type=\"container\">\n\t\t\t\t<div class=\"elementor-element elementor-element-cf73b57 elementor-widget elementor-widget-heading\" data-id=\"cf73b57\" data-element_type=\"widget\" data-e-type=\"widget\" data-widget_type=\"heading.default\">\n\t\t\t\t<div class=\"elementor-widget-container\">\n\t\t\t\t\t<div class=\"elementor-heading-title elementor-size-default\">Avancerad kunskap\u200b<\/div>\t\t\t\t<\/div>\n\t\t\t\t<\/div>\n\t\t\t\t<div class=\"elementor-element elementor-element-c930c9f elementor-widget__width-inherit elementor-widget-tablet__width-auto elementor-widget elementor-widget-text-editor\" data-id=\"c930c9f\" data-element_type=\"widget\" data-e-type=\"widget\" data-widget_type=\"text-editor.default\">\n\t\t\t\t<div class=\"elementor-widget-container\">\n\t\t\t\t\t\t\t\t\t<p>I en bransch d\u00e4r teknik och standarder utvecklas i snabb takt \u00e4r uppdatering inte bara en prioritet, utan en plikt. V\u00e5rt team h\u00e5ller sig st\u00e4ndigt uppdaterade f\u00f6r att s\u00e4kerst\u00e4lla att vi inte bara uppfyller branschstandarder, utan att vi \u00e4r med och s\u00e4tter dem.<\/p>\t\t\t\t\t\t\t\t<\/div>\n\t\t\t\t<\/div>\n\t\t\t\t<\/div>\n\t\t<div class=\"elementor-element elementor-element-ddd9378 e-con-full e-flex e-con e-child\" data-id=\"ddd9378\" data-element_type=\"container\" data-e-type=\"container\">\n\t\t\t\t<div class=\"elementor-element elementor-element-8fae429 elementor-widget elementor-widget-image\" data-id=\"8fae429\" data-element_type=\"widget\" data-e-type=\"widget\" data-widget_type=\"image.default\">\n\t\t\t\t<div class=\"elementor-widget-container\">\n\t\t\t\t\t\t\t\t\t\t\t\t\t\t\t<img decoding=\"async\" src=\"https:\/\/systemsvets.com\/wp-content\/uploads\/2023\/08\/5Rityta-1.svg\" title=\"5Rityta 1\" alt=\"5Rityta 1\" loading=\"lazy\" \/>\t\t\t\t\t\t\t\t\t\t\t\t\t\t\t<\/div>\n\t\t\t\t<\/div>\n\t\t\t\t<\/div>\n\t\t\t\t<\/div>\n\t\t\t\t\t<\/div>\n\t\t\t\t<\/div>\n\t\t<div class=\"elementor-element elementor-element-1ab4d57 border e-flex e-con-boxed e-con e-parent\" data-id=\"1ab4d57\" data-element_type=\"container\" data-e-type=\"container\">\n\t\t\t\t\t<div class=\"e-con-inner\">\n\t\t\t\t\t<\/div>\n\t\t\t\t<\/div>\n\t\t<div class=\"elementor-element elementor-element-a406e82 e-flex e-con-boxed e-con e-parent\" data-id=\"a406e82\" data-element_type=\"container\" data-e-type=\"container\" data-settings=\"{&quot;background_background&quot;:&quot;classic&quot;}\">\n\t\t\t\t\t<div class=\"e-con-inner\">\n\t\t\t\t<div class=\"elementor-element elementor-element-a4a5af7 elementor-widget elementor-widget-heading\" data-id=\"a4a5af7\" data-element_type=\"widget\" data-e-type=\"widget\" data-widget_type=\"heading.default\">\n\t\t\t\t<div class=\"elementor-widget-container\">\n\t\t\t\t\t<h2 class=\"elementor-heading-title elementor-size-default\">Vill du veta mer?<\/h2>\t\t\t\t<\/div>\n\t\t\t\t<\/div>\n\t\t<div class=\"elementor-element elementor-element-34ca465 e-flex e-con-boxed e-con e-child\" data-id=\"34ca465\" data-element_type=\"container\" data-e-type=\"container\">\n\t\t\t\t\t<div class=\"e-con-inner\">\n\t\t<div class=\"elementor-element elementor-element-33fe217 e-con-full e-flex e-con e-child\" data-id=\"33fe217\" data-element_type=\"container\" data-e-type=\"container\">\n\t\t<div class=\"elementor-element elementor-element-60c053b e-con-full e-flex e-con e-child\" data-id=\"60c053b\" data-element_type=\"container\" data-e-type=\"container\">\n\t\t<div class=\"elementor-element elementor-element-33a438c4 e-con-full e-flex e-con e-child\" data-id=\"33a438c4\" data-element_type=\"container\" data-e-type=\"container\">\n\t\t\t\t<div class=\"elementor-element elementor-element-7058d7e5 elementor-widget elementor-widget-image\" data-id=\"7058d7e5\" data-element_type=\"widget\" data-e-type=\"widget\" data-widget_type=\"image.default\">\n\t\t\t\t<div class=\"elementor-widget-container\">\n\t\t\t\t\t\t\t\t\t\t\t\t\t\t\t<img decoding=\"async\" src=\"https:\/\/systemsvets.com\/wp-content\/uploads\/elementor\/thumbs\/Anders-Kiefer-rdvfkrxisxherstxulc9h1o8q7nqks2ogmwry434f2.webp\" title=\"Anders Kiefer\" alt=\"Anders Kiefer\" loading=\"lazy\" \/>\t\t\t\t\t\t\t\t\t\t\t\t\t\t\t<\/div>\n\t\t\t\t<\/div>\n\t\t\t\t<\/div>\n\t\t<div class=\"elementor-element elementor-element-4b32c759 e-con-full e-flex e-con e-child\" data-id=\"4b32c759\" data-element_type=\"container\" data-e-type=\"container\">\n\t\t<div class=\"elementor-element elementor-element-bd26d34 e-con-full e-flex e-con e-child\" data-id=\"bd26d34\" data-element_type=\"container\" data-e-type=\"container\">\n\t\t\t\t<div class=\"elementor-element elementor-element-3f79329 burr elementor-widget elementor-widget-heading\" data-id=\"3f79329\" data-element_type=\"widget\" data-e-type=\"widget\" data-widget_type=\"heading.default\">\n\t\t\t\t<div class=\"elementor-widget-container\">\n\t\t\t\t\t<div class=\"elementor-heading-title elementor-size-default\">Anders Kiefer<\/div>\t\t\t\t<\/div>\n\t\t\t\t<\/div>\n\t\t<div class=\"elementor-element elementor-element-7f9b6f3 e-con-full e-flex e-con e-child\" data-id=\"7f9b6f3\" data-element_type=\"container\" data-e-type=\"container\">\n\t\t\t\t<div class=\"elementor-element elementor-element-5cfb7fbc elementor-widget elementor-widget-heading\" data-id=\"5cfb7fbc\" data-element_type=\"widget\" data-e-type=\"widget\" data-widget_type=\"heading.default\">\n\t\t\t\t<div class=\"elementor-widget-container\">\n\t\t\t\t\t<div class=\"elementor-heading-title elementor-size-default\">VD\n\n<\/div>\t\t\t\t<\/div>\n\t\t\t\t<\/div>\n\t\t\t\t<\/div>\n\t\t\t\t<\/div>\n\t\t<div class=\"elementor-element elementor-element-364673f4 e-con-full e-flex e-con e-child\" data-id=\"364673f4\" data-element_type=\"container\" data-e-type=\"container\">\n\t\t\t\t<div class=\"elementor-element elementor-element-36f58368 elementor-widget__width-inherit elementor-widget elementor-widget-heading\" data-id=\"36f58368\" data-element_type=\"widget\" data-e-type=\"widget\" data-widget_type=\"heading.default\">\n\t\t\t\t<div class=\"elementor-widget-container\">\n\t\t\t\t\t<div class=\"elementor-heading-title elementor-size-default\"><a href=\"tel:+46708322812\">+46 708 32 28 12<\/a><\/div>\t\t\t\t<\/div>\n\t\t\t\t<\/div>\n\t\t\t\t<div class=\"elementor-element elementor-element-392eb587 elementor-widget__width-inherit elementor-widget elementor-widget-heading\" data-id=\"392eb587\" data-element_type=\"widget\" data-e-type=\"widget\" data-widget_type=\"heading.default\">\n\t\t\t\t<div class=\"elementor-widget-container\">\n\t\t\t\t\t<div class=\"elementor-heading-title elementor-size-default\"><a href=\"mailto:anders.kiefer@systemsvets.com\">anders.kiefer@systemsvets.com<\/a><\/div>\t\t\t\t<\/div>\n\t\t\t\t<\/div>\n\t\t\t\t<\/div>\n\t\t\t\t<\/div>\n\t\t\t\t<\/div>\n\t\t\t\t<\/div>\n\t\t\t\t\t<\/div>\n\t\t\t\t<\/div>\n\t\t\t\t\t<\/div>\n\t\t\t\t<\/div>\n\t\t<div class=\"elementor-element elementor-element-afc602d border e-flex e-con-boxed e-con e-parent\" data-id=\"afc602d\" data-element_type=\"container\" data-e-type=\"container\">\n\t\t\t\t\t<div class=\"e-con-inner\">\n\t\t\t\t\t<\/div>\n\t\t\t\t<\/div>\n\t\t\t\t<\/div>\n\t\t","protected":false},"excerpt":{"rendered":"<p>Fr\u00e5n vision till f\u00e4rdig fabrik P\u00e5 Systemsvets tar vi ett helhetsansvar gentemot kund. Vi erbjuder h\u00f6gkvalitativa och s\u00e4kra tj\u00e4nster genom noggrann dokumentation, kvalificerade svetsare, djupg\u00e5ende inspektioner och omfattande fabriks\u00f6vervakning, allt certifierat av olika myndigheter och regeringsinstanser. Se galleriet S\u00e4kerhet och dokumentation i fokus Med en gedigen erfarenhet inom branschen \u00e4r v\u00e5ra anl\u00e4ggningar utformade efter de [&hellip;]<\/p>\n","protected":false},"author":1,"featured_media":0,"parent":0,"menu_order":0,"comment_status":"closed","ping_status":"closed","template":"","meta":{"footnotes":""},"class_list":["post-2063","page","type-page","status-publish","hentry"],"_links":{"self":[{"href":"https:\/\/systemsvets.com\/sv\/wp-json\/wp\/v2\/pages\/2063","targetHints":{"allow":["GET"]}}],"collection":[{"href":"https:\/\/systemsvets.com\/sv\/wp-json\/wp\/v2\/pages"}],"about":[{"href":"https:\/\/systemsvets.com\/sv\/wp-json\/wp\/v2\/types\/page"}],"author":[{"embeddable":true,"href":"https:\/\/systemsvets.com\/sv\/wp-json\/wp\/v2\/users\/1"}],"replies":[{"embeddable":true,"href":"https:\/\/systemsvets.com\/sv\/wp-json\/wp\/v2\/comments?post=2063"}],"version-history":[{"count":267,"href":"https:\/\/systemsvets.com\/sv\/wp-json\/wp\/v2\/pages\/2063\/revisions"}],"predecessor-version":[{"id":13936,"href":"https:\/\/systemsvets.com\/sv\/wp-json\/wp\/v2\/pages\/2063\/revisions\/13936"}],"wp:attachment":[{"href":"https:\/\/systemsvets.com\/sv\/wp-json\/wp\/v2\/media?parent=2063"}],"curies":[{"name":"wp","href":"https:\/\/api.w.org\/{rel}","templated":true}]}}