{"id":1469,"date":"2023-08-09T04:19:21","date_gmt":"2023-08-09T04:19:21","guid":{"rendered":"https:\/\/systemsvets.com\/?page_id=1469"},"modified":"2023-11-09T18:16:08","modified_gmt":"2023-11-09T16:16:08","slug":"examples","status":"publish","type":"page","link":"https:\/\/systemsvets.com\/sv\/examples\/","title":{"rendered":"Exempel"},"content":{"rendered":"\t\t<div data-elementor-type=\"wp-page\" data-elementor-id=\"1469\" class=\"elementor elementor-1469\" data-elementor-post-type=\"page\">\n\t\t\t\t<div class=\"elementor-element elementor-element-318ef878 e-flex e-con-boxed e-con e-parent\" data-id=\"318ef878\" data-element_type=\"container\" data-e-type=\"container\" data-settings=\"{&quot;background_background&quot;:&quot;classic&quot;}\">\n\t\t\t\t\t<div class=\"e-con-inner\">\n\t\t\t\t<div class=\"elementor-element elementor-element-1c72491 elementor-widget elementor-widget-heading\" data-id=\"1c72491\" data-element_type=\"widget\" data-e-type=\"widget\" data-widget_type=\"heading.default\">\n\t\t\t\t<div class=\"elementor-widget-container\">\n\t\t\t\t\t<h1 class=\"elementor-heading-title elementor-size-default\">Exempel <\/h1>\t\t\t\t<\/div>\n\t\t\t\t<\/div>\n\t\t\t\t\t<\/div>\n\t\t\t\t<\/div>\n\t\t<div class=\"elementor-element elementor-element-39e2a8e e-flex e-con-boxed e-con e-parent\" data-id=\"39e2a8e\" data-element_type=\"container\" data-e-type=\"container\" data-settings=\"{&quot;background_background&quot;:&quot;classic&quot;}\">\n\t\t\t\t\t<div class=\"e-con-inner\">\n\t\t<div class=\"elementor-element elementor-element-cc3e064 e-flex e-con-boxed e-con e-child\" data-id=\"cc3e064\" data-element_type=\"container\" data-e-type=\"container\" data-settings=\"{&quot;background_background&quot;:&quot;classic&quot;}\">\n\t\t\t\t\t<div class=\"e-con-inner\">\n\t\t\t\t<div class=\"elementor-element elementor-element-e28059e elementor-widget elementor-widget-image\" data-id=\"e28059e\" data-element_type=\"widget\" data-e-type=\"widget\" data-widget_type=\"image.default\">\n\t\t\t\t<div class=\"elementor-widget-container\">\n\t\t\t\t\t\t\t\t\t\t\t\t\t\t\t<img decoding=\"async\" src=\"https:\/\/systemsvets.com\/wp-content\/uploads\/elementor\/thumbs\/ritning3-rdvfl613p76597hu5z4eyemw2byjh9vmui9cplnx88.jpg\" title=\"Isometric calculation sheet\" alt=\"Isometric calculation sheet\" loading=\"lazy\" \/>\t\t\t\t\t\t\t\t\t\t\t\t\t\t\t<\/div>\n\t\t\t\t<\/div>\n\t\t<div class=\"elementor-element elementor-element-889f01e e-con-full e-flex e-con e-child\" data-id=\"889f01e\" data-element_type=\"container\" data-e-type=\"container\">\n\t\t\t\t<div class=\"elementor-element elementor-element-414fac5 elementor-widget elementor-widget-heading\" data-id=\"414fac5\" data-element_type=\"widget\" data-e-type=\"widget\" data-widget_type=\"heading.default\">\n\t\t\t\t<div class=\"elementor-widget-container\">\n\t\t\t\t\t<h2 class=\"elementor-heading-title elementor-size-default\"><span>Isometriska ber\u00e4kningsblad exempel <\/span><\/h2>\t\t\t\t<\/div>\n\t\t\t\t<\/div>\n\t\t\t\t<div class=\"elementor-element elementor-element-3301bff elementor-widget elementor-widget-heading\" data-id=\"3301bff\" data-element_type=\"widget\" data-e-type=\"widget\" data-widget_type=\"heading.default\">\n\t\t\t\t<div class=\"elementor-widget-container\">\n\t\t\t\t\t<p class=\"elementor-heading-title elementor-size-default\">Isometriska ber\u00e4kningsblad \u00e4r omfattande dokument som inkluderar olika aspekter av ett svetsprojekt. Det omfattar materialcertifikat, som autentiserar kvaliteten och specifikationerna av de anv\u00e4nda materialen, samt materialkvitton, som ger en detaljerad redog\u00f6relse f\u00f6r de material som inf\u00f6rskaffats f\u00f6r projektet. <br><br>Detta blad innefattar \u00e4ven RA-m\u00e4tningar, som \u00e4r avg\u00f6rande f\u00f6r att s\u00e4kerst\u00e4lla noggrannheten och precisionen i det utf\u00f6rda svetsarbetet.<\/p>\t\t\t\t<\/div>\n\t\t\t\t<\/div>\n\t\t<div class=\"elementor-element elementor-element-348d488 e-con-full e-flex e-con e-child\" data-id=\"348d488\" data-element_type=\"container\" data-e-type=\"container\">\n\t\t\t\t<div class=\"elementor-element elementor-element-e0dd25c elementor-widget elementor-widget-button\" data-id=\"e0dd25c\" data-element_type=\"widget\" data-e-type=\"widget\" data-widget_type=\"button.default\">\n\t\t\t\t<div class=\"elementor-widget-container\">\n\t\t\t\t\t\t\t\t\t<div class=\"elementor-button-wrapper\">\n\t\t\t\t\t<a class=\"elementor-button elementor-button-link elementor-size-md elementor-animation-shrink\" href=\"https:\/\/www.systemsvets.com\/wp-content\/uploads\/2023\/08\/ritning3.jpg\">\n\t\t\t\t\t\t<span class=\"elementor-button-content-wrapper\">\n\t\t\t\t\t\t\t\t\t<span class=\"elementor-button-text\">Ladda ned<\/span>\n\t\t\t\t\t<\/span>\n\t\t\t\t\t<\/a>\n\t\t\t\t<\/div>\n\t\t\t\t\t\t\t\t<\/div>\n\t\t\t\t<\/div>\n\t\t\t\t<\/div>\n\t\t\t\t<\/div>\n\t\t\t\t\t<\/div>\n\t\t\t\t<\/div>\n\t\t<div class=\"elementor-element elementor-element-ff45045 e-flex e-con-boxed e-con e-child\" data-id=\"ff45045\" data-element_type=\"container\" data-e-type=\"container\" data-settings=\"{&quot;background_background&quot;:&quot;classic&quot;}\">\n\t\t\t\t\t<div class=\"e-con-inner\">\n\t\t\t\t<div class=\"elementor-element elementor-element-3ad5c64 elementor-widget elementor-widget-image\" data-id=\"3ad5c64\" data-element_type=\"widget\" data-e-type=\"widget\" data-widget_type=\"image.default\">\n\t\t\t\t<div class=\"elementor-widget-container\">\n\t\t\t\t\t\t\t\t\t\t\t\t\t\t\t<img decoding=\"async\" src=\"https:\/\/systemsvets.com\/wp-content\/uploads\/elementor\/thumbs\/ritning6-rdvfl614opz735ghmoakk2o96ymk286ib4xanfv4ra.jpg\" title=\"ritning6\" alt=\"ritning6\" loading=\"lazy\" \/>\t\t\t\t\t\t\t\t\t\t\t\t\t\t\t<\/div>\n\t\t\t\t<\/div>\n\t\t<div class=\"elementor-element elementor-element-14fdc5a e-con-full e-flex e-con e-child\" data-id=\"14fdc5a\" data-element_type=\"container\" data-e-type=\"container\">\n\t\t\t\t<div class=\"elementor-element elementor-element-8a905f4 elementor-widget elementor-widget-heading\" data-id=\"8a905f4\" data-element_type=\"widget\" data-e-type=\"widget\" data-widget_type=\"heading.default\">\n\t\t\t\t<div class=\"elementor-widget-container\">\n\t\t\t\t\t<h2 class=\"elementor-heading-title elementor-size-default\">Dokumentation exampel<\/h2>\t\t\t\t<\/div>\n\t\t\t\t<\/div>\n\t\t\t\t<div class=\"elementor-element elementor-element-0ddb4f2 elementor-widget elementor-widget-heading\" data-id=\"0ddb4f2\" data-element_type=\"widget\" data-e-type=\"widget\" data-widget_type=\"heading.default\">\n\t\t\t\t<div class=\"elementor-widget-container\">\n\t\t\t\t\t<p class=\"elementor-heading-title elementor-size-default\">N\u00e4r vi \u00e5tar oss projekt, erbjuder vi fullt ansvar gentemot kunden f\u00f6r all dokumentation relaterad till det arbete vi har utf\u00f6rt. Denna dokumentation inkluderar materialcertifikat, materialkvitton, RA-m\u00e4tningar, svetslistor, testprotokoll och inspektioner.\n<br><br>Vid behov assisterar vi \u00e4ven med att uppr\u00e4tta rutiner f\u00f6r underh\u00e5llstj\u00e4nster och funktionskontroller.<\/p>\t\t\t\t<\/div>\n\t\t\t\t<\/div>\n\t\t<div class=\"elementor-element elementor-element-3d48d97 e-con-full e-flex e-con e-child\" data-id=\"3d48d97\" data-element_type=\"container\" data-e-type=\"container\">\n\t\t<div class=\"elementor-element elementor-element-20e9c02 e-con-full e-flex e-con e-child\" data-id=\"20e9c02\" data-element_type=\"container\" data-e-type=\"container\">\n\t\t\t\t<div class=\"elementor-element elementor-element-152f881 elementor-widget elementor-widget-button\" data-id=\"152f881\" data-element_type=\"widget\" data-e-type=\"widget\" data-widget_type=\"button.default\">\n\t\t\t\t<div class=\"elementor-widget-container\">\n\t\t\t\t\t\t\t\t\t<div class=\"elementor-button-wrapper\">\n\t\t\t\t\t<a class=\"elementor-button elementor-button-link elementor-size-md elementor-animation-shrink\" href=\"https:\/\/www.systemsvets.com\/wp-content\/uploads\/2023\/08\/ritning6.jpg\">\n\t\t\t\t\t\t<span class=\"elementor-button-content-wrapper\">\n\t\t\t\t\t\t\t\t\t<span class=\"elementor-button-text\">Ladda ned<\/span>\n\t\t\t\t\t<\/span>\n\t\t\t\t\t<\/a>\n\t\t\t\t<\/div>\n\t\t\t\t\t\t\t\t<\/div>\n\t\t\t\t<\/div>\n\t\t\t\t<\/div>\n\t\t\t\t<\/div>\n\t\t\t\t<\/div>\n\t\t\t\t\t<\/div>\n\t\t\t\t<\/div>\n\t\t\t\t\t<\/div>\n\t\t\t\t<\/div>\n\t\t\t\t<\/div>\n\t\t","protected":false},"excerpt":{"rendered":"<p>Exempel Isometriska ber\u00e4kningsblad exempel Isometriska ber\u00e4kningsblad \u00e4r omfattande dokument som inkluderar olika aspekter av ett svetsprojekt. Det omfattar materialcertifikat, som autentiserar kvaliteten och specifikationerna av de anv\u00e4nda materialen, samt materialkvitton, som ger en detaljerad redog\u00f6relse f\u00f6r de material som inf\u00f6rskaffats f\u00f6r projektet. Detta blad innefattar \u00e4ven RA-m\u00e4tningar, som \u00e4r avg\u00f6rande f\u00f6r att s\u00e4kerst\u00e4lla noggrannheten och [&hellip;]<\/p>\n","protected":false},"author":1,"featured_media":0,"parent":0,"menu_order":0,"comment_status":"closed","ping_status":"closed","template":"","meta":{"footnotes":""},"class_list":["post-1469","page","type-page","status-publish","hentry"],"_links":{"self":[{"href":"https:\/\/systemsvets.com\/sv\/wp-json\/wp\/v2\/pages\/1469","targetHints":{"allow":["GET"]}}],"collection":[{"href":"https:\/\/systemsvets.com\/sv\/wp-json\/wp\/v2\/pages"}],"about":[{"href":"https:\/\/systemsvets.com\/sv\/wp-json\/wp\/v2\/types\/page"}],"author":[{"embeddable":true,"href":"https:\/\/systemsvets.com\/sv\/wp-json\/wp\/v2\/users\/1"}],"replies":[{"embeddable":true,"href":"https:\/\/systemsvets.com\/sv\/wp-json\/wp\/v2\/comments?post=1469"}],"version-history":[{"count":33,"href":"https:\/\/systemsvets.com\/sv\/wp-json\/wp\/v2\/pages\/1469\/revisions"}],"predecessor-version":[{"id":14053,"href":"https:\/\/systemsvets.com\/sv\/wp-json\/wp\/v2\/pages\/1469\/revisions\/14053"}],"wp:attachment":[{"href":"https:\/\/systemsvets.com\/sv\/wp-json\/wp\/v2\/media?parent=1469"}],"curies":[{"name":"wp","href":"https:\/\/api.w.org\/{rel}","templated":true}]}}