{"id":14250,"date":"2025-10-03T12:32:56","date_gmt":"2025-10-03T10:32:56","guid":{"rendered":"https:\/\/systemsvets.com\/?page_id=14250"},"modified":"2025-10-03T12:42:04","modified_gmt":"2025-10-03T10:42:04","slug":"elementor-14250","status":"publish","type":"page","link":"https:\/\/systemsvets.com\/sv\/elementor-14250\/","title":{"rendered":"Om Sertion"},"content":{"rendered":"\t\t<div data-elementor-type=\"wp-page\" data-elementor-id=\"14250\" class=\"elementor elementor-14250\" data-elementor-post-type=\"page\">\n\t\t\t\t<div class=\"elementor-element elementor-element-f739ff6 e-flex e-con-boxed e-con e-parent\" data-id=\"f739ff6\" data-element_type=\"container\" data-e-type=\"container\">\n\t\t\t\t\t<div class=\"e-con-inner\">\n\t\t<div class=\"elementor-element elementor-element-1bf0761 e-con-full e-flex e-con e-child\" data-id=\"1bf0761\" data-element_type=\"container\" data-e-type=\"container\" data-settings=\"{&quot;background_background&quot;:&quot;classic&quot;}\">\n\t\t\t\t<div class=\"elementor-element elementor-element-8c12e4e elementor-widget__width-initial elementor-widget-mobile__width-inherit elementor-widget elementor-widget-heading\" data-id=\"8c12e4e\" data-element_type=\"widget\" data-e-type=\"widget\" data-widget_type=\"heading.default\">\n\t\t\t\t<div class=\"elementor-widget-container\">\n\t\t\t\t\t<h1 class=\"elementor-heading-title elementor-size-default\">Om Sertion<\/h1>\t\t\t\t<\/div>\n\t\t\t\t<\/div>\n\t\t\t\t<\/div>\n\t\t\t\t\t<\/div>\n\t\t\t\t<\/div>\n\t\t<div class=\"elementor-element elementor-element-1f3a55d e-flex e-con-boxed e-con e-parent\" data-id=\"1f3a55d\" data-element_type=\"container\" data-e-type=\"container\">\n\t\t\t\t\t<div class=\"e-con-inner\">\n\t\t\t\t<div class=\"elementor-element elementor-element-1026883 elementor-widget elementor-widget-html\" data-id=\"1026883\" data-element_type=\"widget\" data-e-type=\"widget\" data-widget_type=\"html.default\">\n\t\t\t\t<div class=\"elementor-widget-container\">\n\t\t\t\t\t<!-- Sertion \u2013 Dark Section Clean -->\r\n<style>\r\n  .srt-dark {\r\n    --srt-accent: #ef2d1f;\r\n    --srt-bg: #0b0f1a;     \r\n    --srt-text: #f1f5f9;   \r\n    --srt-muted: #cbd5e1;  \r\n    --srt-maxw: 780px;\r\n  }\r\n\r\n  .srt-dark {\r\n    background: var(--srt-bg);\r\n    color: var(--srt-text);\r\n    padding: clamp(32px, 5vw, 72px) 20px;\r\n  }\r\n  .srt-wrap {\r\n    max-width: var(--srt-maxw);\r\n    margin: 0 auto;\r\n  }\r\n\r\n  \/* Heading *\/\r\n  .srt-head {\r\n    display: flex;\r\n    align-items: center;\r\n    gap: 14px;\r\n    margin-bottom: 16px;\r\n  }\r\n  .srt-logo {\r\n    width: clamp(120px, 24vw, 180px);\r\n    height: auto;\r\n    display: block;\r\n  }\r\n  .srt-brand {\r\n    font-size: clamp(22px, 2.6vw, 28px);\r\n    font-weight: 800;\r\n    letter-spacing: .2px;\r\n    color: var(--srt-accent);\r\n    line-height: 1;\r\n  }\r\n\r\n  \/* Text *\/\r\n  .srt-prose {\r\n    font-size: clamp(16px, 1.6vw, 18px);\r\n    line-height: 1.75;\r\n  }\r\n  .srt-prose p { margin: 1rem 0; }\r\n  .srt-prose strong { color: #fff; font-weight: 800; }\r\n\r\n  \/* List (ren, utan r\u00f6da rutor) *\/\r\n  .srt-list {\r\n    margin: .5rem 0 0 1.2rem;\r\n    padding: 0;\r\n    list-style: disc;\r\n  }\r\n  .srt-list li {\r\n    margin: .6rem 0;\r\n  }\r\n\r\n  \/* CTA link *\/\r\n  .srt-cta {\r\n    display: inline-flex; align-items: center; gap: .4rem;\r\n    color: var(--srt-accent);\r\n    font-weight: 700;\r\n    text-decoration: none;\r\n    margin-top: 1rem;\r\n    transition: opacity .2s ease;\r\n  }\r\n  .srt-cta:hover { opacity: .8; }\r\n  .srt-cta svg { width: 18px; height: 18px; }\r\n<\/style>\r\n\r\n<section class=\"srt-dark\" aria-labelledby=\"srt-title\">\r\n  <div class=\"srt-wrap srt-prose\">\r\n\r\n    <!-- Heading -->\r\n    <div class=\"srt-head\">\r\n      <img loading=\"lazy\" decoding=\"async\" class=\"srt-logo\" src=\"https:\/\/systemsvets.com\/wp-content\/uploads\/2025\/10\/Sertion-Logotype-ClearRed-e1756151071817.webp\" alt=\"Sertion logotyp\" width=\"320\" height=\"64\" loading=\"lazy\">\r\n      <div class=\"srt-brand\" id=\"srt-title\"><\/div>\r\n    <\/div>\r\n\r\n    <p>\r\n      Sertion grundades 2024 och best\u00e5r av ledande experter inom r\u00f6rinstallationer med ett gemensamt m\u00e5l:\r\n      att skapa effektiva och h\u00e5llbara fl\u00f6den. M\u00e5let \u00e4r att bli en ledande internationell partner inom\r\n      infrastruktur och installation, med fokus p\u00e5 komplexa projekt och service av h\u00f6gsta kvalitet.\r\n    <\/p>\r\n\r\n    <p>\r\n      Sertion s\u00e4kerst\u00e4ller att vatten, sanitet och energi fl\u00f6dar smidigt i fastigheter och verksamheter \u2013\r\n      f\u00f6r h\u00f6gre effektivitet, b\u00e4ttre h\u00e5llbarhet och \u00f6kad livskvalitet. Verksamheten \u00e4r specialiserad p\u00e5 design,\r\n      installation och service av h\u00e5llbara l\u00f6sningar f\u00f6r vatten-, v\u00e4rme- och sanitetssystem, industrir\u00f6r och energigas.\r\n    <\/p>\r\n\r\n    <p>\r\n      Genom att fokusera enbart p\u00e5 r\u00f6r kan Sertion leverera l\u00f6sningar av h\u00f6gsta kvalitet och samtidigt utveckla\r\n      djup expertis inom alla aspekter av r\u00f6rsystem. F\u00f6retaget har verksamhet i norra Europa och kombinerar\r\n      lokal expertis med bred branschkunskap f\u00f6r att hantera projekt av alla storlekar.\r\n    <\/p>\r\n\r\n    <p><strong>Sertions arbetss\u00e4tt kallas \u201dPipework Precision\u201d och vilar p\u00e5 tre pelare:<\/strong><\/p>\r\n    <ul class=\"srt-list\" aria-label=\"Pipework Precision \u2013 tre pelare\">\r\n      <li><strong>Hantverksstolthet:<\/strong> Stor vikt l\u00e4ggs vid varje detalj, och engagemang f\u00f6r kvalitet och service genomsyrar hela processen.<\/li>\r\n      <li><strong>Smart teknologi:<\/strong> Digitala verktyg i framkant anv\u00e4nds f\u00f6r att skapa effektiva och h\u00e5llbara system.<\/li>\r\n      <li><strong>Samarbete:<\/strong> Arbetet sker i n\u00e4ra samverkan med kunder och partners f\u00f6r att uppn\u00e5 b\u00e4sta m\u00f6jliga resultat.<\/li>\r\n    <\/ul>\r\n\r\n    <p>\r\n      H\u00e5llbarhet \u00e4r en sj\u00e4lvklar del. Sertion optimerar r\u00f6rsystem f\u00f6r att minimera resursf\u00f6rbrukning och\r\n      milj\u00f6p\u00e5verkan, genom effektiv vatten- och energianv\u00e4ndning.\r\n    <\/p>\r\n\r\n    <p>\r\n      <a class=\"srt-cta\" href=\"https:\/\/sertion.com\" target=\"_blank\" rel=\"noopener\">\r\n        L\u00e4s mer om Sertion p\u00e5 sertion.com\r\n        <svg viewBox=\"0 0 20 20\" aria-hidden=\"true\"><path d=\"M12 3h5v5h-2V6.41l-7.29 7.3-1.42-1.42 7.3-7.29H12V3zM5 5h4V3H5a2 2 0 0 0-2 2v9a2 2 0 0 0 2 2h9a2 2 0 0 0 2-2v-4h-2v4H5V5z\"\/><\/svg>\r\n      <\/a>\r\n    <\/p>\r\n\r\n  <\/div>\r\n<\/section>\r\n\t\t\t\t<\/div>\n\t\t\t\t<\/div>\n\t\t\t\t\t<\/div>\n\t\t\t\t<\/div>\n\t\t\t\t<\/div>\n\t\t","protected":false},"excerpt":{"rendered":"<p>Om Sertion Sertion grundades 2024 och best\u00e5r av ledande experter inom r\u00f6rinstallationer med ett gemensamt m\u00e5l: att skapa effektiva och h\u00e5llbara fl\u00f6den. M\u00e5let \u00e4r att bli en ledande internationell partner inom infrastruktur och installation, med fokus p\u00e5 komplexa projekt och service av h\u00f6gsta kvalitet. Sertion s\u00e4kerst\u00e4ller att vatten, sanitet och energi fl\u00f6dar smidigt i fastigheter [&hellip;]<\/p>\n","protected":false},"author":1,"featured_media":0,"parent":0,"menu_order":0,"comment_status":"closed","ping_status":"closed","template":"","meta":{"footnotes":""},"class_list":["post-14250","page","type-page","status-publish","hentry"],"_links":{"self":[{"href":"https:\/\/systemsvets.com\/sv\/wp-json\/wp\/v2\/pages\/14250","targetHints":{"allow":["GET"]}}],"collection":[{"href":"https:\/\/systemsvets.com\/sv\/wp-json\/wp\/v2\/pages"}],"about":[{"href":"https:\/\/systemsvets.com\/sv\/wp-json\/wp\/v2\/types\/page"}],"author":[{"embeddable":true,"href":"https:\/\/systemsvets.com\/sv\/wp-json\/wp\/v2\/users\/1"}],"replies":[{"embeddable":true,"href":"https:\/\/systemsvets.com\/sv\/wp-json\/wp\/v2\/comments?post=14250"}],"version-history":[{"count":8,"href":"https:\/\/systemsvets.com\/sv\/wp-json\/wp\/v2\/pages\/14250\/revisions"}],"predecessor-version":[{"id":14260,"href":"https:\/\/systemsvets.com\/sv\/wp-json\/wp\/v2\/pages\/14250\/revisions\/14260"}],"wp:attachment":[{"href":"https:\/\/systemsvets.com\/sv\/wp-json\/wp\/v2\/media?parent=14250"}],"curies":[{"name":"wp","href":"https:\/\/api.w.org\/{rel}","templated":true}]}}