{"id":1170,"date":"2023-08-07T18:08:40","date_gmt":"2023-08-07T16:08:40","guid":{"rendered":"https:\/\/systemsvets.com\/?page_id=1170"},"modified":"2023-10-21T13:59:21","modified_gmt":"2023-10-21T11:59:21","slug":"cookies","status":"publish","type":"page","link":"https:\/\/systemsvets.com\/sv\/cookies\/","title":{"rendered":"Cookies"},"content":{"rendered":"\t\t<div data-elementor-type=\"wp-page\" data-elementor-id=\"1170\" class=\"elementor elementor-1170\" data-elementor-post-type=\"page\">\n\t\t\t\t<div class=\"elementor-element elementor-element-136d6c6 sub-container-left e-flex e-con-boxed e-con e-parent\" data-id=\"136d6c6\" data-element_type=\"container\" data-e-type=\"container\" data-settings=\"{&quot;background_background&quot;:&quot;classic&quot;}\">\n\t\t\t\t\t<div class=\"e-con-inner\">\n\t\t<div class=\"elementor-element elementor-element-dca897e e-con-full e-flex e-con e-child\" data-id=\"dca897e\" data-element_type=\"container\" data-e-type=\"container\">\n\t\t\t\t<div class=\"elementor-element elementor-element-cf87260 elementor-widget__width-initial elementor-widget-mobile__width-inherit mh1 elementor-widget elementor-widget-heading\" data-id=\"cf87260\" data-element_type=\"widget\" data-e-type=\"widget\" data-widget_type=\"heading.default\">\n\t\t\t\t<div class=\"elementor-widget-container\">\n\t\t\t\t\t<h1 class=\"elementor-heading-title elementor-size-default\">Cookies<\/h1>\t\t\t\t<\/div>\n\t\t\t\t<\/div>\n\t\t\t\t<div class=\"elementor-element elementor-element-40408b7 elementor-widget elementor-widget-text-editor\" data-id=\"40408b7\" data-element_type=\"widget\" data-e-type=\"widget\" data-widget_type=\"text-editor.default\">\n\t\t\t\t<div class=\"elementor-widget-container\">\n\t\t\t\t\t\t\t\t\t<h2>Systemsvets Cookie Policy<\/h2><p>\u00a0<\/p><ol><li><h3>Introduktion<\/h3><\/li><\/ol><p>V\u00e5r webbplats, Systemsvets (&#8221;oss&#8221;, &#8221;vi&#8221; eller &#8221;v\u00e5r&#8221;), anv\u00e4nder kakor och liknande teknologier (kollektivt kallade &#8221;kakor&#8221;). Denna kakpolicy f\u00f6rklarar vad kakor \u00e4r, hur vi anv\u00e4nder dem och dina r\u00e4ttigheter att styra v\u00e5r anv\u00e4ndning av dem.<\/p><p>\u00a0<\/p><ol start=\"2\"><li><h3>Vad \u00e4r Kakor?<\/h3><\/li><\/ol><p>Kakor \u00e4r sm\u00e5 textstycken som skickas till din webbl\u00e4sare av en webbplats du bes\u00f6ker. De lagras p\u00e5 din enhet och l\u00e5ter en webbplats eller en tredje part k\u00e4nna igen dig och g\u00f6ra ditt n\u00e4sta bes\u00f6k enklare och webbplatsen mer anv\u00e4ndbar f\u00f6r dig.<\/p><p>\u00a0<\/p><ol start=\"3\"><li><h3>Hur Vi Anv\u00e4nder Kakor<\/h3><\/li><\/ol><p>Vi anv\u00e4nder kakor av flera sk\u00e4l, inklusive:<\/p><p>\u00a0<\/p><p><strong>N\u00f6dv\u00e4ndiga kakor:<\/strong> Dessa kakor \u00e4r n\u00f6dv\u00e4ndiga f\u00f6r att v\u00e5r webbplats ska fungera och kan inte st\u00e4ngas av i v\u00e5ra system.<\/p><p>\u00a0<\/p><p><strong>Prestandakakor:<\/strong> Dessa kakor l\u00e5ter oss r\u00e4kna bes\u00f6k och trafikk\u00e4llor, s\u00e5 vi kan m\u00e4ta och f\u00f6rb\u00e4ttra prestanda p\u00e5 v\u00e5r webbplats. De hj\u00e4lper oss att f\u00f6rst\u00e5 vilka sidor som \u00e4r mest och minst popul\u00e4ra och se hur bes\u00f6kare r\u00f6r sig p\u00e5 webbplatsen.<\/p><p>\u00a0<\/p><p><strong>Funktionella kakor:<\/strong> Dessa kakor m\u00f6jligg\u00f6r f\u00f6r webbplatsen att erbjuda f\u00f6rb\u00e4ttrad funktionalitet och personalisering.<\/p><p>\u00a0<\/p><p><strong>Reklamkakor:<\/strong> Dessa kakor kan s\u00e4ttas via v\u00e5r webbplats av v\u00e5ra reklampartner. De kan anv\u00e4ndas av dessa f\u00f6retag f\u00f6r att bygga en profil av dina intressen och visa dig relevanta annonser p\u00e5 andra webbplatser.<\/p><p>\u00a0<\/p><ol start=\"4\"><li><h3>Dina Val G\u00e4llande Kakor<\/h3><\/li><\/ol><p>De flesta webbl\u00e4sare l\u00e5ter dig styra kakor via deras inst\u00e4llningar. Men om du begr\u00e4nsar webbplatsers m\u00f6jlighet att s\u00e4tta kakor, kan din anv\u00e4ndarupplevelse f\u00f6rs\u00e4mras.<\/p><p>\u00a0<\/p><ol start=\"5\"><li><h3>\u00c4ndringar i Denna Kakpolicy<\/h3><\/li><\/ol><p>Vi kan uppdatera denna kakpolicy d\u00e5 och d\u00e5 f\u00f6r att reflektera \u00e4ndringar i de kakor vi anv\u00e4nder eller av andra operativa, r\u00e4ttsliga eller regulatoriska sk\u00e4l.<\/p><p>\u00a0<\/p><ol start=\"6\"><li><h3>Kontakta Oss<\/h3><\/li><\/ol><p>Om du har n\u00e5gra fr\u00e5gor om v\u00e5r anv\u00e4ndning av kakor eller andra teknologier, v\u00e4nligen kontakta oss.<\/p><p>\u00a0<\/p><p>E-post: <a href=\"mailto:Nicke.sundberg@systemsvets.com\" target=\"_new\">Nicke.sundberg@systemsvets.com<\/a><\/p><p>Telefon: +46-709-13 48 46<\/p><p>Senast uppdaterad: 21.10.2023<\/p>\t\t\t\t\t\t\t\t<\/div>\n\t\t\t\t<\/div>\n\t\t\t\t<\/div>\n\t\t\t\t\t<\/div>\n\t\t\t\t<\/div>\n\t\t<div class=\"elementor-element elementor-element-7a239d77 border e-flex e-con-boxed e-con e-parent\" data-id=\"7a239d77\" data-element_type=\"container\" data-e-type=\"container\">\n\t\t\t\t\t<div class=\"e-con-inner\">\n\t\t\t\t\t<\/div>\n\t\t\t\t<\/div>\n\t\t\t\t<\/div>\n\t\t","protected":false},"excerpt":{"rendered":"<p>Cookies Systemsvets Cookie Policy \u00a0 Introduktion V\u00e5r webbplats, Systemsvets (&#8221;oss&#8221;, &#8221;vi&#8221; eller &#8221;v\u00e5r&#8221;), anv\u00e4nder kakor och liknande teknologier (kollektivt kallade &#8221;kakor&#8221;). Denna kakpolicy f\u00f6rklarar vad kakor \u00e4r, hur vi anv\u00e4nder dem och dina r\u00e4ttigheter att styra v\u00e5r anv\u00e4ndning av dem. \u00a0 Vad \u00e4r Kakor? Kakor \u00e4r sm\u00e5 textstycken som skickas till din webbl\u00e4sare av en [&hellip;]<\/p>\n","protected":false},"author":1,"featured_media":0,"parent":0,"menu_order":0,"comment_status":"closed","ping_status":"closed","template":"","meta":{"footnotes":""},"class_list":["post-1170","page","type-page","status-publish","hentry"],"_links":{"self":[{"href":"https:\/\/systemsvets.com\/sv\/wp-json\/wp\/v2\/pages\/1170","targetHints":{"allow":["GET"]}}],"collection":[{"href":"https:\/\/systemsvets.com\/sv\/wp-json\/wp\/v2\/pages"}],"about":[{"href":"https:\/\/systemsvets.com\/sv\/wp-json\/wp\/v2\/types\/page"}],"author":[{"embeddable":true,"href":"https:\/\/systemsvets.com\/sv\/wp-json\/wp\/v2\/users\/1"}],"replies":[{"embeddable":true,"href":"https:\/\/systemsvets.com\/sv\/wp-json\/wp\/v2\/comments?post=1170"}],"version-history":[{"count":32,"href":"https:\/\/systemsvets.com\/sv\/wp-json\/wp\/v2\/pages\/1170\/revisions"}],"predecessor-version":[{"id":12172,"href":"https:\/\/systemsvets.com\/sv\/wp-json\/wp\/v2\/pages\/1170\/revisions\/12172"}],"wp:attachment":[{"href":"https:\/\/systemsvets.com\/sv\/wp-json\/wp\/v2\/media?parent=1170"}],"curies":[{"name":"wp","href":"https:\/\/api.w.org\/{rel}","templated":true}]}}