{"id":1161,"date":"2023-08-07T18:02:25","date_gmt":"2023-08-07T16:02:25","guid":{"rendered":"https:\/\/systemsvets.com\/?page_id=1161"},"modified":"2023-10-21T13:56:02","modified_gmt":"2023-10-21T11:56:02","slug":"allmana-villkor","status":"publish","type":"page","link":"https:\/\/systemsvets.com\/sv\/allmana-villkor\/","title":{"rendered":"Allm\u00e4nna villkor"},"content":{"rendered":"\t\t<div data-elementor-type=\"wp-page\" data-elementor-id=\"1161\" class=\"elementor elementor-1161\" data-elementor-post-type=\"page\">\n\t\t\t\t<div class=\"elementor-element elementor-element-f2e1b77 sub-container-left e-flex e-con-boxed e-con e-parent\" data-id=\"f2e1b77\" data-element_type=\"container\" data-e-type=\"container\" data-settings=\"{&quot;background_background&quot;:&quot;classic&quot;}\">\n\t\t\t\t\t<div class=\"e-con-inner\">\n\t\t<div class=\"elementor-element elementor-element-49860c2 e-con-full e-flex e-con e-child\" data-id=\"49860c2\" data-element_type=\"container\" data-e-type=\"container\">\n\t\t\t\t<div class=\"elementor-element elementor-element-a436dc3 elementor-widget__width-inherit elementor-widget-mobile__width-inherit mh1 elementor-widget elementor-widget-heading\" data-id=\"a436dc3\" data-element_type=\"widget\" data-e-type=\"widget\" data-widget_type=\"heading.default\">\n\t\t\t\t<div class=\"elementor-widget-container\">\n\t\t\t\t\t<h1 class=\"elementor-heading-title elementor-size-default\">Allm\u00e4nna vilkor<\/h1>\t\t\t\t<\/div>\n\t\t\t\t<\/div>\n\t\t\t\t<div class=\"elementor-element elementor-element-b7a698b elementor-widget elementor-widget-spacer\" data-id=\"b7a698b\" data-element_type=\"widget\" data-e-type=\"widget\" data-widget_type=\"spacer.default\">\n\t\t\t\t<div class=\"elementor-widget-container\">\n\t\t\t\t\t\t\t<div class=\"elementor-spacer\">\n\t\t\t<div class=\"elementor-spacer-inner\"><\/div>\n\t\t<\/div>\n\t\t\t\t\t\t<\/div>\n\t\t\t\t<\/div>\n\t\t\t\t<div class=\"elementor-element elementor-element-8abe413 elementor-widget elementor-widget-text-editor\" data-id=\"8abe413\" data-element_type=\"widget\" data-e-type=\"widget\" data-widget_type=\"text-editor.default\">\n\t\t\t\t<div class=\"elementor-widget-container\">\n\t\t\t\t\t\t\t\t\t<h2>Systemsvets Anv\u00e4ndarvillkor<\/h2><p>\u00a0<\/p><ol><li><h3>Introduktion<\/h3><\/li><\/ol><p>Dessa anv\u00e4ndarvillkor (&#8221;Villkor&#8221;) styr din anv\u00e4ndning av Systemsvets (&#8221;oss&#8221;, &#8221;vi&#8221; eller &#8221;v\u00e5r&#8221;) webbplats (&#8221;Webbplatsen&#8221;). Genom att anv\u00e4nda denna Webbplats godk\u00e4nner du dessa Villkor i sin helhet. Om du inte h\u00e5ller med n\u00e5gon del av dessa Villkor, anv\u00e4nd inte denna Webbplats.<\/p><p>\u00a0<\/p><ol start=\"2\"><li><h3>Immateriella R\u00e4ttigheter<\/h3><\/li><\/ol><p>Om inte annat anges \u00e4ger vi eller v\u00e5ra licensgivare de immateriella r\u00e4ttigheterna f\u00f6r allt material p\u00e5 Webbplatsen. Alla immateriella r\u00e4ttigheter \u00e4r reserverade. Du f\u00e5r tillg\u00e5ng till detta material p\u00e5 v\u00e5r Webbplats f\u00f6r personligt bruk, under f\u00f6ruts\u00e4ttning att du f\u00f6ljer de begr\u00e4nsningar som anges i dessa villkor och avtal.<\/p><p>\u00a0<\/p><ol start=\"3\"><li><h3>Begr\u00e4nsningar av Ansvar<\/h3><\/li><\/ol><p>Webbplatsen tillhandah\u00e5lls &#8221;som den \u00e4r&#8221;, med alla fel, och vi ger inga garantier eller f\u00f6rs\u00e4kringar, av n\u00e5got slag, relaterade till v\u00e5r Webbplats eller det material som finns p\u00e5 v\u00e5r Webbplats. Inget p\u00e5 denna Webbplats ska tolkas som r\u00e5dgivning till dig.<\/p><p>Vi ska inte h\u00e5llas ansvariga f\u00f6r n\u00e5got som uppst\u00e5r ur eller p\u00e5 n\u00e5got s\u00e4tt \u00e4r kopplat till din anv\u00e4ndning av denna Webbplats, oavsett om ansvaret \u00e4r kontraktsm\u00e4ssigt, delikt eller p\u00e5 annat s\u00e4tt. Vi, inklusive v\u00e5ra tj\u00e4nstem\u00e4n, direkt\u00f6rer och anst\u00e4llda, ska inte h\u00e5llas ansvariga f\u00f6r n\u00e5gon indirekt, f\u00f6ljd- eller speciell skada som uppst\u00e5r ur eller p\u00e5 n\u00e5got s\u00e4tt \u00e4r relaterad till din anv\u00e4ndning av denna Webbplats.<\/p><p>\u00a0<\/p><ol start=\"4\"><li><h3>Skadesl\u00f6shet<\/h3><\/li><\/ol><p>Du h\u00e5ller h\u00e4rmed oss skadesl\u00f6sa till fullo fr\u00e5n och mot alla ansvar, kostnader, krav, orsaker till \u00e5tg\u00e4rder, skador och utgifter som uppst\u00e5r p\u00e5 n\u00e5got s\u00e4tt relaterade till ditt brott mot n\u00e5gon av best\u00e4mmelserna i dessa Villkor.<\/p><ol start=\"5\"><li><h3>Delbarhet<\/h3><\/li><\/ol><p>Om n\u00e5gon best\u00e4mmelse i dessa Villkor \u00e4r ogiltig enligt till\u00e4mplig lag, ska s\u00e5dana best\u00e4mmelser strykas utan att p\u00e5verka de \u00f6vriga best\u00e4mmelserna h\u00e4r.<\/p><p>\u00a0<\/p><ol start=\"6\"><li><h3>Revideringar och Fel<\/h3><\/li><\/ol><p>Materialet som visas p\u00e5 v\u00e5r Webbplats kan inneh\u00e5lla tekniska, typografiska eller fotografiska fel. Vi garanterar inte att n\u00e5got av materialet p\u00e5 v\u00e5r Webbplats \u00e4r korrekt, fullst\u00e4ndigt eller aktuellt. Vi kan g\u00f6ra \u00e4ndringar i materialet p\u00e5 v\u00e5r Webbplats n\u00e4r som helst utan f\u00f6rvarning.<\/p><p>\u00a0<\/p><ol start=\"7\"><li><h3>\u00c4ndringar av dessa Villkor<\/h3><\/li><\/ol><p>Vi f\u00f6rbeh\u00e5ller oss r\u00e4tten att revidera dessa Villkor n\u00e4r som helst efter eget gottfinnande, och genom att anv\u00e4nda denna Webbplats f\u00f6rv\u00e4ntas du regelbundet granska dessa Villkor f\u00f6r att s\u00e4kerst\u00e4lla att du f\u00f6rst\u00e5r alla villkor och avtal som styr anv\u00e4ndningen av denna Webbplats.<\/p><p>\u00a0<\/p><ol start=\"8\"><li><h3>Kontakta Oss<\/h3><\/li><\/ol><p>Om du har n\u00e5gra fr\u00e5gor ang\u00e5ende n\u00e5gon av v\u00e5ra villkor, v\u00e4nligen kontakta oss.<\/p><p>\u00a0<\/p><p>E-post: <a href=\"mailto:Nicke.sundberg@systemsvets.com\" target=\"_new\">Nicke.sundberg@systemsvets.com<\/a><\/p><p>Telefon: <a href=\"tel:+46709134846\">+46-709-13 48 46 <\/a><\/p><p>Senast uppdaterad: 21.10.2023<\/p>\t\t\t\t\t\t\t\t<\/div>\n\t\t\t\t<\/div>\n\t\t\t\t<\/div>\n\t\t\t\t\t<\/div>\n\t\t\t\t<\/div>\n\t\t<div class=\"elementor-element elementor-element-4e07e830 border e-flex e-con-boxed e-con e-parent\" data-id=\"4e07e830\" data-element_type=\"container\" data-e-type=\"container\">\n\t\t\t\t\t<div class=\"e-con-inner\">\n\t\t\t\t\t<\/div>\n\t\t\t\t<\/div>\n\t\t\t\t<\/div>\n\t\t","protected":false},"excerpt":{"rendered":"<p>Allm\u00e4nna vilkor Systemsvets Anv\u00e4ndarvillkor \u00a0 Introduktion Dessa anv\u00e4ndarvillkor (&#8221;Villkor&#8221;) styr din anv\u00e4ndning av Systemsvets (&#8221;oss&#8221;, &#8221;vi&#8221; eller &#8221;v\u00e5r&#8221;) webbplats (&#8221;Webbplatsen&#8221;). Genom att anv\u00e4nda denna Webbplats godk\u00e4nner du dessa Villkor i sin helhet. Om du inte h\u00e5ller med n\u00e5gon del av dessa Villkor, anv\u00e4nd inte denna Webbplats. \u00a0 Immateriella R\u00e4ttigheter Om inte annat anges \u00e4ger vi [&hellip;]<\/p>\n","protected":false},"author":6,"featured_media":0,"parent":0,"menu_order":0,"comment_status":"closed","ping_status":"closed","template":"","meta":{"footnotes":""},"class_list":["post-1161","page","type-page","status-publish","hentry"],"_links":{"self":[{"href":"https:\/\/systemsvets.com\/sv\/wp-json\/wp\/v2\/pages\/1161","targetHints":{"allow":["GET"]}}],"collection":[{"href":"https:\/\/systemsvets.com\/sv\/wp-json\/wp\/v2\/pages"}],"about":[{"href":"https:\/\/systemsvets.com\/sv\/wp-json\/wp\/v2\/types\/page"}],"author":[{"embeddable":true,"href":"https:\/\/systemsvets.com\/sv\/wp-json\/wp\/v2\/users\/6"}],"replies":[{"embeddable":true,"href":"https:\/\/systemsvets.com\/sv\/wp-json\/wp\/v2\/comments?post=1161"}],"version-history":[{"count":42,"href":"https:\/\/systemsvets.com\/sv\/wp-json\/wp\/v2\/pages\/1161\/revisions"}],"predecessor-version":[{"id":12169,"href":"https:\/\/systemsvets.com\/sv\/wp-json\/wp\/v2\/pages\/1161\/revisions\/12169"}],"wp:attachment":[{"href":"https:\/\/systemsvets.com\/sv\/wp-json\/wp\/v2\/media?parent=1161"}],"curies":[{"name":"wp","href":"https:\/\/api.w.org\/{rel}","templated":true}]}}