{"id":1086,"date":"2023-08-07T16:37:57","date_gmt":"2023-08-07T14:37:57","guid":{"rendered":"https:\/\/systemsvets.com\/?page_id=1086"},"modified":"2023-11-02T22:17:07","modified_gmt":"2023-11-02T20:17:07","slug":"livsmedelsindustri","status":"publish","type":"page","link":"https:\/\/systemsvets.com\/sv\/livsmedelsindustri\/","title":{"rendered":"Livsmedelsindustri"},"content":{"rendered":"\t\t<div data-elementor-type=\"wp-page\" data-elementor-id=\"1086\" class=\"elementor elementor-1086\" data-elementor-post-type=\"page\">\n\t\t\t\t<div class=\"elementor-element elementor-element-75351775 e-flex e-con-boxed e-con e-parent\" data-id=\"75351775\" data-element_type=\"container\" data-e-type=\"container\" data-settings=\"{&quot;background_background&quot;:&quot;classic&quot;}\">\n\t\t\t\t\t<div class=\"e-con-inner\">\n\t\t\t\t<div class=\"elementor-element elementor-element-4eac2043 elementor-widget__width-initial elementor-widget-mobile__width-inherit mh1 elementor-widget elementor-widget-heading\" data-id=\"4eac2043\" data-element_type=\"widget\" data-e-type=\"widget\" data-widget_type=\"heading.default\">\n\t\t\t\t<div class=\"elementor-widget-container\">\n\t\t\t\t\t<h1 class=\"elementor-heading-title elementor-size-default\">Livsmedelsindustri<\/h1>\t\t\t\t<\/div>\n\t\t\t\t<\/div>\n\t\t\t\t<div class=\"elementor-element elementor-element-341f507 elementor-widget__width-initial elementor-widget elementor-widget-text-editor\" data-id=\"341f507\" data-element_type=\"widget\" data-e-type=\"widget\" data-widget_type=\"text-editor.default\">\n\t\t\t\t<div class=\"elementor-widget-container\">\n\t\t\t\t\t\t\t\t\t<p>Livsmedelsindustrin st\u00e4ller h\u00f6ga krav p\u00e5 renlighet, p\u00e5litlighet och precision. Med hj\u00e4lp av den senaste tekniken inom Orbitalsvetsning, avancerad fiberoptisk inspektion och gedigen dokumentation, minimerar vi risken f\u00f6r kontaminering, driftstopp och \u00f6kar din produktionseffektivitet dramatiskt.\u00a0<\/p>\t\t\t\t\t\t\t\t<\/div>\n\t\t\t\t<\/div>\n\t\t\t\t\t<\/div>\n\t\t\t\t<\/div>\n\t\t<div class=\"elementor-element elementor-element-2443e49 border e-flex e-con-boxed e-con e-parent\" data-id=\"2443e49\" data-element_type=\"container\" data-e-type=\"container\">\n\t\t\t\t\t<div class=\"e-con-inner\">\n\t\t\t\t\t<\/div>\n\t\t\t\t<\/div>\n\t\t<div class=\"elementor-element elementor-element-6a1d5166 e-grid elementor-hidden-desktop elementor-hidden-tablet elementor-hidden-mobile elementor-hidden-tablet_extra e-con-boxed e-con e-parent\" data-id=\"6a1d5166\" data-element_type=\"container\" data-e-type=\"container\">\n\t\t\t\t\t<div class=\"e-con-inner\">\n\t\t<div class=\"elementor-element elementor-element-160b56a3 e-grid e-con-boxed e-con e-child\" data-id=\"160b56a3\" data-element_type=\"container\" data-e-type=\"container\">\n\t\t\t\t\t<div class=\"e-con-inner\">\n\t\t\t\t<div class=\"elementor-element elementor-element-7a88deb7 elementor-widget elementor-widget-heading\" data-id=\"7a88deb7\" data-element_type=\"widget\" data-e-type=\"widget\" data-widget_type=\"heading.default\">\n\t\t\t\t<div class=\"elementor-widget-container\">\n\t\t\t\t\t<h2 class=\"elementor-heading-title elementor-size-default\">Cases<\/h2>\t\t\t\t<\/div>\n\t\t\t\t<\/div>\n\t\t\t\t<div class=\"elementor-element elementor-element-2c9a29ff elementor-widget elementor-widget-heading\" data-id=\"2c9a29ff\" data-element_type=\"widget\" data-e-type=\"widget\" data-widget_type=\"heading.default\">\n\t\t\t\t<div class=\"elementor-widget-container\">\n\t\t\t\t\t<h2 class=\"elementor-heading-title elementor-size-default\">Challenge<\/h2>\t\t\t\t<\/div>\n\t\t\t\t<\/div>\n\t\t\t\t<div class=\"elementor-element elementor-element-7fc8ab80 elementor-widget elementor-widget-spacer\" data-id=\"7fc8ab80\" data-element_type=\"widget\" data-e-type=\"widget\" data-widget_type=\"spacer.default\">\n\t\t\t\t<div class=\"elementor-widget-container\">\n\t\t\t\t\t\t\t<div class=\"elementor-spacer\">\n\t\t\t<div class=\"elementor-spacer-inner\"><\/div>\n\t\t<\/div>\n\t\t\t\t\t\t<\/div>\n\t\t\t\t<\/div>\n\t\t\t\t<div class=\"elementor-element elementor-element-e0d1e31 elementor-widget elementor-widget-text-editor\" data-id=\"e0d1e31\" data-element_type=\"widget\" data-e-type=\"widget\" data-widget_type=\"text-editor.default\">\n\t\t\t\t<div class=\"elementor-widget-container\">\n\t\t\t\t\t\t\t\t\t<p>Pharmaceutical manufacturing involves the processing of highly sensitive substances. The vessels, pipelines, and fittings used in the industry need to be impeccably welded to ensure zero contamination, leakage, and resistance to corrosive substances. Furthermore, the complex geometries and delicate nature of these components often require a welding process that offers utmost precision and control.<\/p><p>\u00a0<\/p>\t\t\t\t\t\t\t\t<\/div>\n\t\t\t\t<\/div>\n\t\t\t\t<div class=\"elementor-element elementor-element-5ffc8a48 elementor-widget elementor-widget-spacer\" data-id=\"5ffc8a48\" data-element_type=\"widget\" data-e-type=\"widget\" data-widget_type=\"spacer.default\">\n\t\t\t\t<div class=\"elementor-widget-container\">\n\t\t\t\t\t\t\t<div class=\"elementor-spacer\">\n\t\t\t<div class=\"elementor-spacer-inner\"><\/div>\n\t\t<\/div>\n\t\t\t\t\t\t<\/div>\n\t\t\t\t<\/div>\n\t\t\t\t<div class=\"elementor-element elementor-element-4a0b0609 elementor-widget elementor-widget-heading\" data-id=\"4a0b0609\" data-element_type=\"widget\" data-e-type=\"widget\" data-widget_type=\"heading.default\">\n\t\t\t\t<div class=\"elementor-widget-container\">\n\t\t\t\t\t<h2 class=\"elementor-heading-title elementor-size-default\">The TIG Welding Solution<\/h2>\t\t\t\t<\/div>\n\t\t\t\t<\/div>\n\t\t\t\t<div class=\"elementor-element elementor-element-67d128b7 elementor-widget elementor-widget-spacer\" data-id=\"67d128b7\" data-element_type=\"widget\" data-e-type=\"widget\" data-widget_type=\"spacer.default\">\n\t\t\t\t<div class=\"elementor-widget-container\">\n\t\t\t\t\t\t\t<div class=\"elementor-spacer\">\n\t\t\t<div class=\"elementor-spacer-inner\"><\/div>\n\t\t<\/div>\n\t\t\t\t\t\t<\/div>\n\t\t\t\t<\/div>\n\t\t\t\t<div class=\"elementor-element elementor-element-3d22399 elementor-widget elementor-widget-text-editor\" data-id=\"3d22399\" data-element_type=\"widget\" data-e-type=\"widget\" data-widget_type=\"text-editor.default\">\n\t\t\t\t<div class=\"elementor-widget-container\">\n\t\t\t\t\t\t\t\t\t<p>Systemsvets has brought forward its expertise in TIG welding, an advanced welding process renowned for its precision and cleanliness. With the ability to control the heat input finely and a filler material that matches the composition of the parent metal, TIG welding creates high-quality, structurally sound, and visually pleasing welds that are paramount in pharmaceutical applications.<\/p>\t\t\t\t\t\t\t\t<\/div>\n\t\t\t\t<\/div>\n\t\t\t\t<div class=\"elementor-element elementor-element-32048a60 elementor-widget elementor-widget-spacer\" data-id=\"32048a60\" data-element_type=\"widget\" data-e-type=\"widget\" data-widget_type=\"spacer.default\">\n\t\t\t\t<div class=\"elementor-widget-container\">\n\t\t\t\t\t\t\t<div class=\"elementor-spacer\">\n\t\t\t<div class=\"elementor-spacer-inner\"><\/div>\n\t\t<\/div>\n\t\t\t\t\t\t<\/div>\n\t\t\t\t<\/div>\n\t\t\t\t<div class=\"elementor-element elementor-element-2c7c3e60 elementor-widget elementor-widget-heading\" data-id=\"2c7c3e60\" data-element_type=\"widget\" data-e-type=\"widget\" data-widget_type=\"heading.default\">\n\t\t\t\t<div class=\"elementor-widget-container\">\n\t\t\t\t\t<h2 class=\"elementor-heading-title elementor-size-default\">Execution<\/h2>\t\t\t\t<\/div>\n\t\t\t\t<\/div>\n\t\t\t\t<div class=\"elementor-element elementor-element-2fbdc4cd elementor-widget elementor-widget-spacer\" data-id=\"2fbdc4cd\" data-element_type=\"widget\" data-e-type=\"widget\" data-widget_type=\"spacer.default\">\n\t\t\t\t<div class=\"elementor-widget-container\">\n\t\t\t\t\t\t\t<div class=\"elementor-spacer\">\n\t\t\t<div class=\"elementor-spacer-inner\"><\/div>\n\t\t<\/div>\n\t\t\t\t\t\t<\/div>\n\t\t\t\t<\/div>\n\t\t\t\t<div class=\"elementor-element elementor-element-13872dde elementor-widget elementor-widget-text-editor\" data-id=\"13872dde\" data-element_type=\"widget\" data-e-type=\"widget\" data-widget_type=\"text-editor.default\">\n\t\t\t\t<div class=\"elementor-widget-container\">\n\t\t\t\t\t\t\t\t\t<p>Our team performed welds on various components, ranging from processing vessels to complex pipeline systems. We implemented a comprehensive welding plan, considering factors like base material, joint configuration, and welder\u2019s skill. The welds were performed in clean, controlled environments to minimize contamination. <br \/><br \/>Every project was documented meticulously, providing clients with detailed records, including material certificates, RA-measurements, welding lists, test protocols, and inspections. This extensive documentation ensured our clients had full visibility and trust in the quality of our work.<\/p>\t\t\t\t\t\t\t\t<\/div>\n\t\t\t\t<\/div>\n\t\t\t\t<div class=\"elementor-element elementor-element-6ce45c5 elementor-widget elementor-widget-spacer\" data-id=\"6ce45c5\" data-element_type=\"widget\" data-e-type=\"widget\" data-widget_type=\"spacer.default\">\n\t\t\t\t<div class=\"elementor-widget-container\">\n\t\t\t\t\t\t\t<div class=\"elementor-spacer\">\n\t\t\t<div class=\"elementor-spacer-inner\"><\/div>\n\t\t<\/div>\n\t\t\t\t\t\t<\/div>\n\t\t\t\t<\/div>\n\t\t\t\t<div class=\"elementor-element elementor-element-5a64347b elementor-widget elementor-widget-heading\" data-id=\"5a64347b\" data-element_type=\"widget\" data-e-type=\"widget\" data-widget_type=\"heading.default\">\n\t\t\t\t<div class=\"elementor-widget-container\">\n\t\t\t\t\t<h2 class=\"elementor-heading-title elementor-size-default\">Result<\/h2>\t\t\t\t<\/div>\n\t\t\t\t<\/div>\n\t\t\t\t<div class=\"elementor-element elementor-element-5738a383 elementor-widget elementor-widget-spacer\" data-id=\"5738a383\" data-element_type=\"widget\" data-e-type=\"widget\" data-widget_type=\"spacer.default\">\n\t\t\t\t<div class=\"elementor-widget-container\">\n\t\t\t\t\t\t\t<div class=\"elementor-spacer\">\n\t\t\t<div class=\"elementor-spacer-inner\"><\/div>\n\t\t<\/div>\n\t\t\t\t\t\t<\/div>\n\t\t\t\t<\/div>\n\t\t\t\t<div class=\"elementor-element elementor-element-517b45c elementor-widget elementor-widget-text-editor\" data-id=\"517b45c\" data-element_type=\"widget\" data-e-type=\"widget\" data-widget_type=\"text-editor.default\">\n\t\t\t\t<div class=\"elementor-widget-container\">\n\t\t\t\t\t\t\t\t\t<p>By delivering high-quality, precision TIG welding services, Systemsvets has significantly improved the efficiency and safety of our pharmaceutical clients\u2019 operations. The seamless, durable, and clean welds have not only ensured optimal product quality but have also enhanced the overall lifecycle of the manufacturing equipment.<br \/><br \/>In addition, our commitment to transparency and quality assurance, evidenced through comprehensive documentation, has instilled confidence in our clients and established us as a trusted partner in the pharmaceutical industry.<\/p>\t\t\t\t\t\t\t\t<\/div>\n\t\t\t\t<\/div>\n\t\t\t\t<div class=\"elementor-element elementor-element-35bdd56 elementor-widget elementor-widget-spacer\" data-id=\"35bdd56\" data-element_type=\"widget\" data-e-type=\"widget\" data-widget_type=\"spacer.default\">\n\t\t\t\t<div class=\"elementor-widget-container\">\n\t\t\t\t\t\t\t<div class=\"elementor-spacer\">\n\t\t\t<div class=\"elementor-spacer-inner\"><\/div>\n\t\t<\/div>\n\t\t\t\t\t\t<\/div>\n\t\t\t\t<\/div>\n\t\t\t\t<div class=\"elementor-element elementor-element-23e8c33d elementor-widget elementor-widget-heading\" data-id=\"23e8c33d\" data-element_type=\"widget\" data-e-type=\"widget\" data-widget_type=\"heading.default\">\n\t\t\t\t<div class=\"elementor-widget-container\">\n\t\t\t\t\t<h2 class=\"elementor-heading-title elementor-size-default\">Conclusion<\/h2>\t\t\t\t<\/div>\n\t\t\t\t<\/div>\n\t\t\t\t<div class=\"elementor-element elementor-element-326ccbe6 elementor-widget elementor-widget-spacer\" data-id=\"326ccbe6\" data-element_type=\"widget\" data-e-type=\"widget\" data-widget_type=\"spacer.default\">\n\t\t\t\t<div class=\"elementor-widget-container\">\n\t\t\t\t\t\t\t<div class=\"elementor-spacer\">\n\t\t\t<div class=\"elementor-spacer-inner\"><\/div>\n\t\t<\/div>\n\t\t\t\t\t\t<\/div>\n\t\t\t\t<\/div>\n\t\t\t\t<div class=\"elementor-element elementor-element-35ca5f5a elementor-widget elementor-widget-text-editor\" data-id=\"35ca5f5a\" data-element_type=\"widget\" data-e-type=\"widget\" data-widget_type=\"text-editor.default\">\n\t\t\t\t<div class=\"elementor-widget-container\">\n\t\t\t\t\t\t\t\t\t<p>This case highlights the critical role of TIG welding in meeting the exacting standards of the pharmaceutical industry. Systemsvets continues to innovate, building on its welding expertise to help pharmaceutical companies improve their production capabilities, maintain safety standards, and deliver high-quality products.<\/p>\t\t\t\t\t\t\t\t<\/div>\n\t\t\t\t<\/div>\n\t\t\t\t\t<\/div>\n\t\t\t\t<\/div>\n\t\t\t\t\t<\/div>\n\t\t\t\t<\/div>\n\t\t<div class=\"elementor-element elementor-element-6919b88f e-flex e-con-boxed e-con e-parent\" data-id=\"6919b88f\" data-element_type=\"container\" data-e-type=\"container\" data-settings=\"{&quot;background_background&quot;:&quot;classic&quot;}\">\n\t\t\t\t\t<div class=\"e-con-inner\">\n\t\t\t\t<div class=\"elementor-element elementor-element-287a557 elementor-widget elementor-widget-image\" data-id=\"287a557\" data-element_type=\"widget\" data-e-type=\"widget\" data-widget_type=\"image.default\">\n\t\t\t\t<div class=\"elementor-widget-container\">\n\t\t\t\t\t\t\t\t\t\t\t\t\t\t\t<img fetchpriority=\"high\" decoding=\"async\" width=\"1440\" height=\"757\" src=\"https:\/\/systemsvets.com\/wp-content\/uploads\/2023\/08\/NS_Drone1_bild_1440.webp\" class=\"attachment-full size-full wp-image-3175\" alt=\"\" srcset=\"https:\/\/systemsvets.com\/wp-content\/uploads\/2023\/08\/NS_Drone1_bild_1440.webp 1440w, https:\/\/systemsvets.com\/wp-content\/uploads\/2023\/08\/NS_Drone1_bild_1440-300x158.webp 300w, https:\/\/systemsvets.com\/wp-content\/uploads\/2023\/08\/NS_Drone1_bild_1440-1024x538.webp 1024w, https:\/\/systemsvets.com\/wp-content\/uploads\/2023\/08\/NS_Drone1_bild_1440-768x404.webp 768w, https:\/\/systemsvets.com\/wp-content\/uploads\/2023\/08\/NS_Drone1_bild_1440-18x9.webp 18w\" sizes=\"(max-width: 1440px) 100vw, 1440px\" \/>\t\t\t\t\t\t\t\t\t\t\t\t\t\t\t<\/div>\n\t\t\t\t<\/div>\n\t\t\t\t<div class=\"elementor-element elementor-element-2f47744 elementor-widget elementor-widget-image\" data-id=\"2f47744\" data-element_type=\"widget\" data-e-type=\"widget\" data-widget_type=\"image.default\">\n\t\t\t\t<div class=\"elementor-widget-container\">\n\t\t\t\t\t\t\t\t\t\t\t\t\t\t\t<img decoding=\"async\" width=\"1440\" height=\"759\" src=\"https:\/\/systemsvets.com\/wp-content\/uploads\/2023\/08\/NS_drone3_1440.webp\" class=\"attachment-full size-full wp-image-3177\" alt=\"\" srcset=\"https:\/\/systemsvets.com\/wp-content\/uploads\/2023\/08\/NS_drone3_1440.webp 1440w, https:\/\/systemsvets.com\/wp-content\/uploads\/2023\/08\/NS_drone3_1440-300x158.webp 300w, https:\/\/systemsvets.com\/wp-content\/uploads\/2023\/08\/NS_drone3_1440-1024x540.webp 1024w, https:\/\/systemsvets.com\/wp-content\/uploads\/2023\/08\/NS_drone3_1440-768x405.webp 768w, https:\/\/systemsvets.com\/wp-content\/uploads\/2023\/08\/NS_drone3_1440-18x9.webp 18w\" sizes=\"(max-width: 1440px) 100vw, 1440px\" \/>\t\t\t\t\t\t\t\t\t\t\t\t\t\t\t<\/div>\n\t\t\t\t<\/div>\n\t\t\t\t<div class=\"elementor-element elementor-element-9e55570 elementor-widget elementor-widget-image\" data-id=\"9e55570\" data-element_type=\"widget\" data-e-type=\"widget\" data-widget_type=\"image.default\">\n\t\t\t\t<div class=\"elementor-widget-container\">\n\t\t\t\t\t\t\t\t\t\t\t\t\t\t\t<img decoding=\"async\" width=\"1440\" height=\"758\" src=\"https:\/\/systemsvets.com\/wp-content\/uploads\/2023\/08\/NS_drone2_1440_ny.webp\" class=\"attachment-full size-full wp-image-3176\" alt=\"\" srcset=\"https:\/\/systemsvets.com\/wp-content\/uploads\/2023\/08\/NS_drone2_1440_ny.webp 1440w, https:\/\/systemsvets.com\/wp-content\/uploads\/2023\/08\/NS_drone2_1440_ny-300x158.webp 300w, https:\/\/systemsvets.com\/wp-content\/uploads\/2023\/08\/NS_drone2_1440_ny-1024x539.webp 1024w, https:\/\/systemsvets.com\/wp-content\/uploads\/2023\/08\/NS_drone2_1440_ny-768x404.webp 768w, https:\/\/systemsvets.com\/wp-content\/uploads\/2023\/08\/NS_drone2_1440_ny-18x9.webp 18w\" sizes=\"(max-width: 1440px) 100vw, 1440px\" \/>\t\t\t\t\t\t\t\t\t\t\t\t\t\t\t<\/div>\n\t\t\t\t<\/div>\n\t\t\t\t<div class=\"elementor-element elementor-element-f860daa elementor-widget elementor-widget-image\" data-id=\"f860daa\" data-element_type=\"widget\" data-e-type=\"widget\" data-widget_type=\"image.default\">\n\t\t\t\t<div class=\"elementor-widget-container\">\n\t\t\t\t\t\t\t\t\t\t\t\t\t\t\t<img loading=\"lazy\" decoding=\"async\" width=\"1440\" height=\"856\" src=\"https:\/\/systemsvets.com\/wp-content\/uploads\/2023\/08\/DSCF1870_1440.webp\" class=\"attachment-full size-full wp-image-3171\" alt=\"\" srcset=\"https:\/\/systemsvets.com\/wp-content\/uploads\/2023\/08\/DSCF1870_1440.webp 1440w, https:\/\/systemsvets.com\/wp-content\/uploads\/2023\/08\/DSCF1870_1440-300x178.webp 300w, https:\/\/systemsvets.com\/wp-content\/uploads\/2023\/08\/DSCF1870_1440-1024x609.webp 1024w, https:\/\/systemsvets.com\/wp-content\/uploads\/2023\/08\/DSCF1870_1440-768x457.webp 768w, https:\/\/systemsvets.com\/wp-content\/uploads\/2023\/08\/DSCF1870_1440-18x12.webp 18w\" sizes=\"(max-width: 1440px) 100vw, 1440px\" \/>\t\t\t\t\t\t\t\t\t\t\t\t\t\t\t<\/div>\n\t\t\t\t<\/div>\n\t\t\t\t\t<\/div>\n\t\t\t\t<\/div>\n\t\t<div class=\"elementor-element elementor-element-5267702b border e-flex e-con-boxed e-con e-parent\" data-id=\"5267702b\" data-element_type=\"container\" data-e-type=\"container\">\n\t\t\t\t\t<div class=\"e-con-inner\">\n\t\t\t\t\t<\/div>\n\t\t\t\t<\/div>\n\t\t\t\t<\/div>\n\t\t","protected":false},"excerpt":{"rendered":"<p>Livsmedelsindustri Livsmedelsindustrin st\u00e4ller h\u00f6ga krav p\u00e5 renlighet, p\u00e5litlighet och precision. Med hj\u00e4lp av den senaste tekniken inom Orbitalsvetsning, avancerad fiberoptisk inspektion och gedigen dokumentation, minimerar vi risken f\u00f6r kontaminering, driftstopp och \u00f6kar din produktionseffektivitet dramatiskt.\u00a0 Cases Challenge Pharmaceutical manufacturing involves the processing of highly sensitive substances. The vessels, pipelines, and fittings used in the industry [&hellip;]<\/p>\n","protected":false},"author":6,"featured_media":0,"parent":0,"menu_order":0,"comment_status":"closed","ping_status":"closed","template":"","meta":{"footnotes":""},"class_list":["post-1086","page","type-page","status-publish","hentry"],"_links":{"self":[{"href":"https:\/\/systemsvets.com\/sv\/wp-json\/wp\/v2\/pages\/1086","targetHints":{"allow":["GET"]}}],"collection":[{"href":"https:\/\/systemsvets.com\/sv\/wp-json\/wp\/v2\/pages"}],"about":[{"href":"https:\/\/systemsvets.com\/sv\/wp-json\/wp\/v2\/types\/page"}],"author":[{"embeddable":true,"href":"https:\/\/systemsvets.com\/sv\/wp-json\/wp\/v2\/users\/6"}],"replies":[{"embeddable":true,"href":"https:\/\/systemsvets.com\/sv\/wp-json\/wp\/v2\/comments?post=1086"}],"version-history":[{"count":76,"href":"https:\/\/systemsvets.com\/sv\/wp-json\/wp\/v2\/pages\/1086\/revisions"}],"predecessor-version":[{"id":13979,"href":"https:\/\/systemsvets.com\/sv\/wp-json\/wp\/v2\/pages\/1086\/revisions\/13979"}],"wp:attachment":[{"href":"https:\/\/systemsvets.com\/sv\/wp-json\/wp\/v2\/media?parent=1086"}],"curies":[{"name":"wp","href":"https:\/\/api.w.org\/{rel}","templated":true}]}}