{"id":10703,"date":"2023-10-08T21:28:15","date_gmt":"2023-10-08T19:28:15","guid":{"rendered":"https:\/\/systemsvets.com\/?page_id=10703"},"modified":"2023-11-08T21:29:16","modified_gmt":"2023-11-08T19:29:16","slug":"karriar","status":"publish","type":"page","link":"https:\/\/systemsvets.com\/sv\/karriar\/","title":{"rendered":"Karri\u00e4r"},"content":{"rendered":"\t\t<div data-elementor-type=\"wp-page\" data-elementor-id=\"10703\" class=\"elementor elementor-10703\" data-elementor-post-type=\"page\">\n\t\t\t\t<div class=\"elementor-element elementor-element-4b7bf4f7 hero e-flex e-con-boxed e-con e-parent\" data-id=\"4b7bf4f7\" data-element_type=\"container\" data-e-type=\"container\" data-settings=\"{&quot;background_background&quot;:&quot;classic&quot;}\">\n\t\t\t\t\t<div class=\"e-con-inner\">\n\t\t<div class=\"elementor-element elementor-element-3ce8fad2 e-flex e-con-boxed e-con e-child\" data-id=\"3ce8fad2\" data-element_type=\"container\" data-e-type=\"container\">\n\t\t\t\t\t<div class=\"e-con-inner\">\n\t\t\t\t<div class=\"elementor-element elementor-element-40a07e19 elementor-widget-mobile__width-inherit mh1 elementor-widget elementor-widget-heading\" data-id=\"40a07e19\" data-element_type=\"widget\" data-e-type=\"widget\" data-settings=\"{&quot;_animation&quot;:&quot;none&quot;}\" data-widget_type=\"heading.default\">\n\t\t\t\t<div class=\"elementor-widget-container\">\n\t\t\t\t\t<h1 class=\"elementor-heading-title elementor-size-default\">Karri\u00e4r<\/h1>\t\t\t\t<\/div>\n\t\t\t\t<\/div>\n\t\t\t\t<div class=\"elementor-element elementor-element-1462ae3d elementor-widget__width-initial elementor-widget elementor-widget-text-editor\" data-id=\"1462ae3d\" data-element_type=\"widget\" data-e-type=\"widget\" data-settings=\"{&quot;_animation&quot;:&quot;none&quot;}\" data-widget_type=\"text-editor.default\">\n\t\t\t\t<div class=\"elementor-widget-container\">\n\t\t\t\t\t\t\t\t\t\u00c4r du passionerad svets och r\u00f6rmontage expert och letar efter nya karri\u00e4rssm\u00f6jligheter? Ta kontakt med oss. P\u00e5 Systemsvets letar vi hela tiden efter nya talanger att bli en del av v\u00e5rt professionella team.\t\t\t\t\t\t\t\t<\/div>\n\t\t\t\t<\/div>\n\t\t\t\t<div class=\"elementor-element elementor-element-3e8eb918 elementor-align-center elementor-widget elementor-widget-button\" data-id=\"3e8eb918\" data-element_type=\"widget\" data-e-type=\"widget\" data-widget_type=\"button.default\">\n\t\t\t\t<div class=\"elementor-widget-container\">\n\t\t\t\t\t\t\t\t\t<div class=\"elementor-button-wrapper\">\n\t\t\t\t\t<a class=\"elementor-button elementor-button-link elementor-size-md elementor-animation-shrink\" href=\"#lediga-jobb-sektion\">\n\t\t\t\t\t\t<span class=\"elementor-button-content-wrapper\">\n\t\t\t\t\t\t\t\t\t<span class=\"elementor-button-text\">Se lediga tj\u00e4nster<\/span>\n\t\t\t\t\t<\/span>\n\t\t\t\t\t<\/a>\n\t\t\t\t<\/div>\n\t\t\t\t\t\t\t\t<\/div>\n\t\t\t\t<\/div>\n\t\t\t\t\t<\/div>\n\t\t\t\t<\/div>\n\t\t\t\t\t<\/div>\n\t\t\t\t<\/div>\n\t\t<div class=\"elementor-element elementor-element-259c4505 border e-flex e-con-boxed e-con e-parent\" data-id=\"259c4505\" data-element_type=\"container\" data-e-type=\"container\">\n\t\t\t\t\t<div class=\"e-con-inner\">\n\t\t\t\t\t<\/div>\n\t\t\t\t<\/div>\n\t\t<div class=\"elementor-element elementor-element-2d6b9689 e-flex e-con-boxed e-con e-parent\" data-id=\"2d6b9689\" data-element_type=\"container\" data-e-type=\"container\">\n\t\t\t\t\t<div class=\"e-con-inner\">\n\t\t<div class=\"elementor-element elementor-element-0f6346c e-con-full e-flex e-con e-child\" data-id=\"0f6346c\" data-element_type=\"container\" data-e-type=\"container\">\n\t\t<div class=\"elementor-element elementor-element-55a9b463 e-con-full e-flex e-con e-child\" data-id=\"55a9b463\" data-element_type=\"container\" data-e-type=\"container\">\n\t\t\t\t<div class=\"elementor-element elementor-element-3cb57a4a elementor-widget elementor-widget-heading\" data-id=\"3cb57a4a\" data-element_type=\"widget\" data-e-type=\"widget\" data-widget_type=\"heading.default\">\n\t\t\t\t<div class=\"elementor-widget-container\">\n\t\t\t\t\t<h2 class=\"elementor-heading-title elementor-size-default\">Jobba p\u00e5 Systemsvets<\/h2>\t\t\t\t<\/div>\n\t\t\t\t<\/div>\n\t\t\t\t<div class=\"elementor-element elementor-element-58bf785b elementor-widget elementor-widget-text-editor\" data-id=\"58bf785b\" data-element_type=\"widget\" data-e-type=\"widget\" data-widget_type=\"text-editor.default\">\n\t\t\t\t<div class=\"elementor-widget-container\">\n\t\t\t\t\t\t\t\t\t<p>Brinner du f\u00f6r svetsning och s\u00f6ker sp\u00e4nnande karri\u00e4rm\u00f6jligheter inom branschen? P\u00e5 Systemsvets letar vi st\u00e4ndigt efter talangfulla individer att ansluta till v\u00e5rt team av svetsproffs. Oavsett om du har erfarenhet eller just b\u00f6rjar din karri\u00e4r, erbjuder vi en dynamisk arbetsmilj\u00f6 som v\u00e4rdes\u00e4tter dina f\u00e4rdigheter och expertis.<\/p><p><br><\/p>\n<p>Som marknadsledare tar vi stolthet i v\u00e5rt engagemang f\u00f6r excellens och kundn\u00f6jdhet. Vi erbjuder kontinuerlig utbildning och st\u00f6d f\u00f6r att se till att du h\u00e5ller dig i framkant av branschtrender.&nbsp;<\/p>\n<p><br><\/p>\n<p>Ta n\u00e4sta steg i din karri\u00e4r och bli en del av v\u00e5rt team genom att bl\u00e4ddra bland v\u00e5ra jobb\u00f6ppningar eller skicka in en spontanans\u00f6kan idag. Vi ser fram emot att h\u00f6ra fr\u00e5n dig.<\/p>\t\t\t\t\t\t\t\t<\/div>\n\t\t\t\t<\/div>\n\t\t\t\t<div class=\"elementor-element elementor-element-e2b549e elementor-widget elementor-widget-button\" data-id=\"e2b549e\" data-element_type=\"widget\" data-e-type=\"widget\" data-widget_type=\"button.default\">\n\t\t\t\t<div class=\"elementor-widget-container\">\n\t\t\t\t\t\t\t\t\t<div class=\"elementor-button-wrapper\">\n\t\t\t\t\t<a class=\"elementor-button elementor-button-link elementor-size-md elementor-animation-shrink\" href=\"https:\/\/systemsvets.com\/sv\/spontanansokan\/\">\n\t\t\t\t\t\t<span class=\"elementor-button-content-wrapper\">\n\t\t\t\t\t\t\t\t\t<span class=\"elementor-button-text\">Spontanans\u00f6kan<\/span>\n\t\t\t\t\t<\/span>\n\t\t\t\t\t<\/a>\n\t\t\t\t<\/div>\n\t\t\t\t\t\t\t\t<\/div>\n\t\t\t\t<\/div>\n\t\t\t\t<\/div>\n\t\t<div class=\"elementor-element elementor-element-ae8f51e e-con-full e-flex e-con e-child\" data-id=\"ae8f51e\" data-element_type=\"container\" data-e-type=\"container\">\n\t\t\t\t<div class=\"elementor-element elementor-element-ec46883 elementor-widget elementor-widget-image\" data-id=\"ec46883\" data-element_type=\"widget\" data-e-type=\"widget\" data-widget_type=\"image.default\">\n\t\t\t\t<div class=\"elementor-widget-container\">\n\t\t\t\t\t\t\t\t\t\t\t\t\t\t\t<img fetchpriority=\"high\" decoding=\"async\" width=\"1440\" height=\"960\" src=\"https:\/\/systemsvets.com\/wp-content\/uploads\/2023\/08\/Svetsning_Pao_Duell_35.webp\" class=\"attachment-full size-full wp-image-3734\" alt=\"\" srcset=\"https:\/\/systemsvets.com\/wp-content\/uploads\/2023\/08\/Svetsning_Pao_Duell_35.webp 1440w, https:\/\/systemsvets.com\/wp-content\/uploads\/2023\/08\/Svetsning_Pao_Duell_35-300x200.webp 300w, https:\/\/systemsvets.com\/wp-content\/uploads\/2023\/08\/Svetsning_Pao_Duell_35-1024x683.webp 1024w, https:\/\/systemsvets.com\/wp-content\/uploads\/2023\/08\/Svetsning_Pao_Duell_35-768x512.webp 768w, https:\/\/systemsvets.com\/wp-content\/uploads\/2023\/08\/Svetsning_Pao_Duell_35-18x12.webp 18w\" sizes=\"(max-width: 1440px) 100vw, 1440px\" \/>\t\t\t\t\t\t\t\t\t\t\t\t\t\t\t<\/div>\n\t\t\t\t<\/div>\n\t\t\t\t<\/div>\n\t\t\t\t<\/div>\n\t\t<div class=\"elementor-element elementor-element-c87f878 e-flex e-con-boxed e-con e-child\" data-id=\"c87f878\" data-element_type=\"container\" data-e-type=\"container\" id=\"lediga-jobb-sektion\">\n\t\t\t\t\t<div class=\"e-con-inner\">\n\t\t<div class=\"elementor-element elementor-element-92fbf7f e-flex e-con-boxed e-con e-child\" data-id=\"92fbf7f\" data-element_type=\"container\" data-e-type=\"container\">\n\t\t\t\t\t<div class=\"e-con-inner\">\n\t\t\t\t\t<\/div>\n\t\t\t\t<\/div>\n\t\t\t\t<div class=\"elementor-element elementor-element-f4bde67 elementor-widget elementor-widget-heading\" data-id=\"f4bde67\" data-element_type=\"widget\" data-e-type=\"widget\" data-widget_type=\"heading.default\">\n\t\t\t\t<div class=\"elementor-widget-container\">\n\t\t\t\t\t<h2 class=\"elementor-heading-title elementor-size-default\">Lediga jobb<\/h2>\t\t\t\t<\/div>\n\t\t\t\t<\/div>\n\t\t\t\t<div class=\"elementor-element elementor-element-84909ab elementor-widget elementor-widget-text-editor\" data-id=\"84909ab\" data-element_type=\"widget\" data-e-type=\"widget\" data-widget_type=\"text-editor.default\">\n\t\t\t\t<div class=\"elementor-widget-container\">\n\t\t\t\t\t\t\t\t\t<p>H\u00e4r hittar du v\u00e5ra lediga tj\u00e4nster p\u00e5 Systemsvets eller n\u00e5got av v\u00e5ra dotterbolag.<\/p>\t\t\t\t\t\t\t\t<\/div>\n\t\t\t\t<\/div>\n\t\t<div class=\"elementor-element elementor-element-395c228 elementor-hidden-desktop elementor-hidden-tablet_extra elementor-hidden-tablet elementor-hidden-mobile e-flex e-con-boxed e-con e-child\" data-id=\"395c228\" data-element_type=\"container\" data-e-type=\"container\">\n\t\t\t\t\t<div class=\"e-con-inner\">\n\t\t<div class=\"elementor-element elementor-element-f1022fc elementor-hidden-mobile e-flex e-con-boxed e-con e-child\" data-id=\"f1022fc\" data-element_type=\"container\" data-e-type=\"container\">\n\t\t\t\t\t<div class=\"e-con-inner\">\n\t\t\t\t<div class=\"elementor-element elementor-element-eb1f5d1 elementor-widget__width-initial elementor-widget elementor-widget-text-editor\" data-id=\"eb1f5d1\" data-element_type=\"widget\" data-e-type=\"widget\" data-widget_type=\"text-editor.default\">\n\t\t\t\t<div class=\"elementor-widget-container\">\n\t\t\t\t\t\t\t\t\t<p>TITEL<\/p>\t\t\t\t\t\t\t\t<\/div>\n\t\t\t\t<\/div>\n\t\t\t\t<div class=\"elementor-element elementor-element-fa950a0 elementor-widget__width-initial elementor-hidden-mobile elementor-widget elementor-widget-text-editor\" data-id=\"fa950a0\" data-element_type=\"widget\" data-e-type=\"widget\" data-widget_type=\"text-editor.default\">\n\t\t\t\t<div class=\"elementor-widget-container\">\n\t\t\t\t\t\t\t\t\t<p>LAND<\/p>\t\t\t\t\t\t\t\t<\/div>\n\t\t\t\t<\/div>\n\t\t\t\t<div class=\"elementor-element elementor-element-d8371c3 elementor-widget__width-initial elementor-hidden-mobile elementor-widget elementor-widget-text-editor\" data-id=\"d8371c3\" data-element_type=\"widget\" data-e-type=\"widget\" data-widget_type=\"text-editor.default\">\n\t\t\t\t<div class=\"elementor-widget-container\">\n\t\t\t\t\t\t\t\t\t<p>STAD<\/p>\t\t\t\t\t\t\t\t<\/div>\n\t\t\t\t<\/div>\n\t\t\t\t<div class=\"elementor-element elementor-element-67f78e0 elementor-widget__width-initial elementor-hidden-mobile elementor-widget elementor-widget-text-editor\" data-id=\"67f78e0\" data-element_type=\"widget\" data-e-type=\"widget\" data-widget_type=\"text-editor.default\">\n\t\t\t\t<div class=\"elementor-widget-container\">\n\t\t\t\t\t\t\t\t\t<p>AKTIV TILL<\/p>\t\t\t\t\t\t\t\t<\/div>\n\t\t\t\t<\/div>\n\t\t\t\t<div class=\"elementor-element elementor-element-42130f5 elementor-widget__width-initial elementor-hidden-mobile elementor-widget elementor-widget-text-editor\" data-id=\"42130f5\" data-element_type=\"widget\" data-e-type=\"widget\" data-widget_type=\"text-editor.default\">\n\t\t\t\t<div class=\"elementor-widget-container\">\n\t\t\t\t\t\t\t\t\t<p>BOLAG<\/p>\t\t\t\t\t\t\t\t<\/div>\n\t\t\t\t<\/div>\n\t\t\t\t\t<\/div>\n\t\t\t\t<\/div>\n\t\t\t\t\t<\/div>\n\t\t\t\t<\/div>\n\t\t<div class=\"elementor-element elementor-element-e501858 e-con-full elementor-hidden-desktop elementor-hidden-tablet_extra elementor-hidden-tablet elementor-hidden-mobile e-flex e-con e-child\" data-id=\"e501858\" data-element_type=\"container\" data-e-type=\"container\" id=\"lediga-jobb\">\n\t\t\t\t<div class=\"elementor-element elementor-element-3668df5 elementor-grid-1 elementor-grid-tablet-1 elementor-grid-mobile-1 elementor-widget elementor-widget-loop-grid\" data-id=\"3668df5\" data-element_type=\"widget\" data-e-type=\"widget\" data-settings=\"{&quot;template_id&quot;:&quot;10866&quot;,&quot;columns&quot;:1,&quot;columns_tablet&quot;:1,&quot;_skin&quot;:&quot;post&quot;,&quot;columns_mobile&quot;:&quot;1&quot;,&quot;edit_handle_selector&quot;:&quot;[data-elementor-type=\\&quot;loop-item\\&quot;]&quot;,&quot;row_gap&quot;:{&quot;unit&quot;:&quot;px&quot;,&quot;size&quot;:&quot;&quot;,&quot;sizes&quot;:[]},&quot;row_gap_tablet_extra&quot;:{&quot;unit&quot;:&quot;px&quot;,&quot;size&quot;:&quot;&quot;,&quot;sizes&quot;:[]},&quot;row_gap_tablet&quot;:{&quot;unit&quot;:&quot;px&quot;,&quot;size&quot;:&quot;&quot;,&quot;sizes&quot;:[]},&quot;row_gap_mobile&quot;:{&quot;unit&quot;:&quot;px&quot;,&quot;size&quot;:&quot;&quot;,&quot;sizes&quot;:[]}}\" data-widget_type=\"loop-grid.post\">\n\t\t\t\t<div class=\"elementor-widget-container\">\n\t\t\t\t\t\t\t<div class=\"e-loop-nothing-found-message\">\n\t\t<\/div>\n\t\t\t\t\t\t<\/div>\n\t\t\t\t<\/div>\n\t\t\t\t<\/div>\n\t\t\t\t<div class=\"elementor-element elementor-element-f7aa108 elementor-widget elementor-widget-text-editor\" data-id=\"f7aa108\" data-element_type=\"widget\" data-e-type=\"widget\" data-widget_type=\"text-editor.default\">\n\t\t\t\t<div class=\"elementor-widget-container\">\n\t\t\t\t\t\t\t\t\t<p>Det finns inga lediga jobb just nu.<\/p>\t\t\t\t\t\t\t\t<\/div>\n\t\t\t\t<\/div>\n\t\t\t\t\t<\/div>\n\t\t\t\t<\/div>\n\t\t\t\t\t<\/div>\n\t\t\t\t<\/div>\n\t\t<div class=\"elementor-element elementor-element-351af0cf border e-flex e-con-boxed e-con e-parent\" data-id=\"351af0cf\" data-element_type=\"container\" data-e-type=\"container\">\n\t\t\t\t\t<div class=\"e-con-inner\">\n\t\t\t\t\t<\/div>\n\t\t\t\t<\/div>\n\t\t\t\t<\/div>\n\t\t","protected":false},"excerpt":{"rendered":"<p>Karri\u00e4r \u00c4r du passionerad svets och r\u00f6rmontage expert och letar efter nya karri\u00e4rssm\u00f6jligheter? Ta kontakt med oss. P\u00e5 Systemsvets letar vi hela tiden efter nya talanger att bli en del av v\u00e5rt professionella team. Se lediga tj\u00e4nster Jobba p\u00e5 Systemsvets Brinner du f\u00f6r svetsning och s\u00f6ker sp\u00e4nnande karri\u00e4rm\u00f6jligheter inom branschen? P\u00e5 Systemsvets letar vi st\u00e4ndigt [&hellip;]<\/p>\n","protected":false},"author":5,"featured_media":0,"parent":0,"menu_order":0,"comment_status":"closed","ping_status":"closed","template":"","meta":{"footnotes":""},"class_list":["post-10703","page","type-page","status-publish","hentry"],"_links":{"self":[{"href":"https:\/\/systemsvets.com\/sv\/wp-json\/wp\/v2\/pages\/10703","targetHints":{"allow":["GET"]}}],"collection":[{"href":"https:\/\/systemsvets.com\/sv\/wp-json\/wp\/v2\/pages"}],"about":[{"href":"https:\/\/systemsvets.com\/sv\/wp-json\/wp\/v2\/types\/page"}],"author":[{"embeddable":true,"href":"https:\/\/systemsvets.com\/sv\/wp-json\/wp\/v2\/users\/5"}],"replies":[{"embeddable":true,"href":"https:\/\/systemsvets.com\/sv\/wp-json\/wp\/v2\/comments?post=10703"}],"version-history":[{"count":226,"href":"https:\/\/systemsvets.com\/sv\/wp-json\/wp\/v2\/pages\/10703\/revisions"}],"predecessor-version":[{"id":14032,"href":"https:\/\/systemsvets.com\/sv\/wp-json\/wp\/v2\/pages\/10703\/revisions\/14032"}],"wp:attachment":[{"href":"https:\/\/systemsvets.com\/sv\/wp-json\/wp\/v2\/media?parent=10703"}],"curies":[{"name":"wp","href":"https:\/\/api.w.org\/{rel}","templated":true}]}}