{"id":1017,"date":"2023-08-07T15:03:30","date_gmt":"2023-08-07T13:03:30","guid":{"rendered":"https:\/\/systemsvets.com\/?page_id=1017"},"modified":"2023-10-27T17:44:10","modified_gmt":"2023-10-27T15:44:10","slug":"underhall","status":"publish","type":"page","link":"https:\/\/systemsvets.com\/sv\/underhall\/","title":{"rendered":"Underh\u00e5ll"},"content":{"rendered":"\t\t<div data-elementor-type=\"wp-page\" data-elementor-id=\"1017\" class=\"elementor elementor-1017\" data-elementor-post-type=\"page\">\n\t\t\t\t<div class=\"elementor-element elementor-element-2eba3ff0 hero e-flex e-con-boxed e-con e-parent\" data-id=\"2eba3ff0\" data-element_type=\"container\" data-e-type=\"container\" data-settings=\"{&quot;background_background&quot;:&quot;classic&quot;}\">\n\t\t\t\t\t<div class=\"e-con-inner\">\n\t\t\t\t<div class=\"elementor-element elementor-element-50db4e24 elementor-widget-mobile__width-initial mh1 elementor-widget__width-initial elementor-widget elementor-widget-heading\" data-id=\"50db4e24\" data-element_type=\"widget\" data-e-type=\"widget\" data-widget_type=\"heading.default\">\n\t\t\t\t<div class=\"elementor-widget-container\">\n\t\t\t\t\t<style>.elementor-element-50db4e24{display:none !important}<\/style>\t\t\t\t<\/div>\n\t\t\t\t<\/div>\n\t\t\t\t<div class=\"elementor-element elementor-element-69b69b2 elementor-widget-mobile__width-initial mh1 elementor-widget__width-initial elementor-widget elementor-widget-heading\" data-id=\"69b69b2\" data-element_type=\"widget\" data-e-type=\"widget\" data-no-translation=\"\" data-widget_type=\"heading.default\">\n\t\t\t\t<div class=\"elementor-widget-container\">\n\t\t\t\t\t<h1 class=\"elementor-heading-title elementor-size-default\">Underh\u00e5ll och industriella tj\u00e4nster<\/h1>\t\t\t\t<\/div>\n\t\t\t\t<\/div>\n\t\t\t\t<div class=\"elementor-element elementor-element-a15ef39 elementor-widget__width-initial elementor-widget elementor-widget-text-editor\" data-id=\"a15ef39\" data-element_type=\"widget\" data-e-type=\"widget\" data-widget_type=\"text-editor.default\">\n\t\t\t\t<div class=\"elementor-widget-container\">\n\t\t\t\t\t\t\t\t\t<p>Ut\u00f6ver svetsning erbjuder vi installation, underh\u00e5ll och industriella tj\u00e4nster, skr\u00e4ddarsydda efter era behov. V\u00e5r expertis t\u00e4cker allt fr\u00e5n installation, montering, svetsning, VVS, fj\u00e4rrv\u00e4rmeenheter, till st\u00f6rre undercentraler.<\/p>\t\t\t\t\t\t\t\t<\/div>\n\t\t\t\t<\/div>\n\t\t\t\t<div class=\"elementor-element elementor-element-84a1ccc elementor-widget elementor-widget-global elementor-global-10539 elementor-widget-button\" data-id=\"84a1ccc\" data-element_type=\"widget\" data-e-type=\"widget\" data-widget_type=\"button.default\">\n\t\t\t\t<div class=\"elementor-widget-container\">\n\t\t\t\t\t\t\t\t\t<div class=\"elementor-button-wrapper\">\n\t\t\t\t\t<a class=\"elementor-button elementor-button-link elementor-size-md elementor-animation-shrink\" href=\"https:\/\/systemsvets.com\/sv\/galleri\/\">\n\t\t\t\t\t\t<span class=\"elementor-button-content-wrapper\">\n\t\t\t\t\t\t\t\t\t<span class=\"elementor-button-text\">Se galleriet<\/span>\n\t\t\t\t\t<\/span>\n\t\t\t\t\t<\/a>\n\t\t\t\t<\/div>\n\t\t\t\t\t\t\t\t<\/div>\n\t\t\t\t<\/div>\n\t\t\t\t\t<\/div>\n\t\t\t\t<\/div>\n\t\t<div class=\"elementor-element elementor-element-7ac72d81 border e-flex e-con-boxed e-con e-parent\" data-id=\"7ac72d81\" data-element_type=\"container\" data-e-type=\"container\">\n\t\t\t\t\t<div class=\"e-con-inner\">\n\t\t\t\t\t<\/div>\n\t\t\t\t<\/div>\n\t\t<div class=\"elementor-element elementor-element-7dbf234f sub-container-left e-flex e-con-boxed e-con e-parent\" data-id=\"7dbf234f\" data-element_type=\"container\" data-e-type=\"container\">\n\t\t\t\t\t<div class=\"e-con-inner\">\n\t\t<div class=\"elementor-element elementor-element-47dcc1ab e-con-full my-container e-flex e-con e-child\" data-id=\"47dcc1ab\" data-element_type=\"container\" data-e-type=\"container\">\n\t\t\t\t<div class=\"elementor-element elementor-element-90505d3 elementor-widget-tablet__width-inherit elementor-widget elementor-widget-heading\" data-id=\"90505d3\" data-element_type=\"widget\" data-e-type=\"widget\" data-widget_type=\"heading.default\">\n\t\t\t\t<div class=\"elementor-widget-container\">\n\t\t\t\t\t<h2 class=\"elementor-heading-title elementor-size-default\">Underh\u00e5ll och industriella tj\u00e4nster<\/h2>\t\t\t\t<\/div>\n\t\t\t\t<\/div>\n\t\t\t\t<div class=\"elementor-element elementor-element-d1a9d58 elementor-widget elementor-widget-text-editor\" data-id=\"d1a9d58\" data-element_type=\"widget\" data-e-type=\"widget\" data-widget_type=\"text-editor.default\">\n\t\t\t\t<div class=\"elementor-widget-container\">\n\t\t\t\t\t\t\t\t\t<p>Vi \u00e4r specialiserade p\u00e5 att arbeta med olika material, inklusive rostfritt st\u00e5l, svart st\u00e5l och plast. V\u00e5ra tekniker \u00e4r utbildade i de senaste teknikerna och utrustade med toppmoderna verktyg f\u00f6r att s\u00e4kerst\u00e4lla precisa och felfria resultat. Oavsett om det \u00e4r en mindre reparationsuppgift eller ett storskaligt projekt, n\u00e4rmar vi oss varje uppgift med professionalism, noggrannhet och en str\u00e4van efter excellens.<\/p><p>\u00a0<\/p><p>V\u00e5rt skickliga team \u00e4r dedikerat till att leverera h\u00f6gkvalitativa och s\u00e4kra l\u00f6sningar f\u00f6r att m\u00f6ta era specifika behov. Med v\u00e5r expertis och erfarenhet minimerar vi driftsstopp och maximerar produktiviteten, vilket garanterar effektiva och p\u00e5litliga resultat.<\/p><p>\u00a0<\/p><p>Kontakta oss idag f\u00f6r att prata om dina behov inom industriservice. Upplev skillnaden med en p\u00e5litlig partner som \u00e4r inriktad p\u00e5 att leverera toppresultat inom svetsbranschen.<\/p>\t\t\t\t\t\t\t\t<\/div>\n\t\t\t\t<\/div>\n\t\t\t\t<\/div>\n\t\t\t\t\t<\/div>\n\t\t\t\t<\/div>\n\t\t<div class=\"elementor-element elementor-element-0148157 border e-flex e-con-boxed e-con e-parent\" data-id=\"0148157\" data-element_type=\"container\" data-e-type=\"container\">\n\t\t\t\t\t<div class=\"e-con-inner\">\n\t\t\t\t\t<\/div>\n\t\t\t\t<\/div>\n\t\t<div class=\"elementor-element elementor-element-3f650308 e-flex e-con-boxed e-con e-parent\" data-id=\"3f650308\" data-element_type=\"container\" data-e-type=\"container\" data-settings=\"{&quot;background_background&quot;:&quot;classic&quot;}\">\n\t\t\t\t\t<div class=\"e-con-inner\">\n\t\t\t\t\t<\/div>\n\t\t\t\t<\/div>\n\t\t<div class=\"elementor-element elementor-element-8eac645 border e-flex e-con-boxed e-con e-parent\" data-id=\"8eac645\" data-element_type=\"container\" data-e-type=\"container\">\n\t\t\t\t\t<div class=\"e-con-inner\">\n\t\t\t\t\t<\/div>\n\t\t\t\t<\/div>\n\t\t<div class=\"elementor-element elementor-element-4e91b16 e-flex e-con-boxed e-con e-parent\" data-id=\"4e91b16\" data-element_type=\"container\" data-e-type=\"container\" data-settings=\"{&quot;background_background&quot;:&quot;classic&quot;}\">\n\t\t\t\t\t<div class=\"e-con-inner\">\n\t\t\t\t<div class=\"elementor-element elementor-element-0dd771d elementor-widget elementor-widget-heading\" data-id=\"0dd771d\" data-element_type=\"widget\" data-e-type=\"widget\" data-widget_type=\"heading.default\">\n\t\t\t\t<div class=\"elementor-widget-container\">\n\t\t\t\t\t<h2 class=\"elementor-heading-title elementor-size-default\">Vill du veta mer?<\/h2>\t\t\t\t<\/div>\n\t\t\t\t<\/div>\n\t\t<div class=\"elementor-element elementor-element-5605cbe e-flex e-con-boxed e-con e-child\" data-id=\"5605cbe\" data-element_type=\"container\" data-e-type=\"container\">\n\t\t\t\t\t<div class=\"e-con-inner\">\n\t\t<div class=\"elementor-element elementor-element-4c16cbe e-con-full e-flex e-con e-child\" data-id=\"4c16cbe\" data-element_type=\"container\" data-e-type=\"container\">\n\t\t<div class=\"elementor-element elementor-element-ae4b0be e-con-full e-flex e-con e-child\" data-id=\"ae4b0be\" data-element_type=\"container\" data-e-type=\"container\">\n\t\t<div class=\"elementor-element elementor-element-a09edd1 e-con-full e-flex e-con e-child\" data-id=\"a09edd1\" data-element_type=\"container\" data-e-type=\"container\">\n\t\t\t\t<div class=\"elementor-element elementor-element-dccd8ba elementor-widget elementor-widget-image\" data-id=\"dccd8ba\" data-element_type=\"widget\" data-e-type=\"widget\" data-widget_type=\"image.default\">\n\t\t\t\t<div class=\"elementor-widget-container\">\n\t\t\t\t\t\t\t\t\t\t\t\t\t\t\t<img decoding=\"async\" src=\"https:\/\/systemsvets.com\/wp-content\/uploads\/elementor\/thumbs\/Anders-Kiefer-rdvfkrxisxherstxulc9h1o8q7nqks2ogmwry434f2.webp\" title=\"Anders Kiefer\" alt=\"Anders Kiefer\" loading=\"lazy\" \/>\t\t\t\t\t\t\t\t\t\t\t\t\t\t\t<\/div>\n\t\t\t\t<\/div>\n\t\t\t\t<\/div>\n\t\t<div class=\"elementor-element elementor-element-9438dbd e-con-full e-flex e-con e-child\" data-id=\"9438dbd\" data-element_type=\"container\" data-e-type=\"container\">\n\t\t<div class=\"elementor-element elementor-element-3d0d0ce e-con-full e-flex e-con e-child\" data-id=\"3d0d0ce\" data-element_type=\"container\" data-e-type=\"container\">\n\t\t\t\t<div class=\"elementor-element elementor-element-b93f422 burr elementor-widget elementor-widget-heading\" data-id=\"b93f422\" data-element_type=\"widget\" data-e-type=\"widget\" data-widget_type=\"heading.default\">\n\t\t\t\t<div class=\"elementor-widget-container\">\n\t\t\t\t\t<div class=\"elementor-heading-title elementor-size-default\">Anders Kiefer<\/div>\t\t\t\t<\/div>\n\t\t\t\t<\/div>\n\t\t<div class=\"elementor-element elementor-element-eaf762d e-con-full e-flex e-con e-child\" data-id=\"eaf762d\" data-element_type=\"container\" data-e-type=\"container\">\n\t\t\t\t<div class=\"elementor-element elementor-element-5c8a021 elementor-widget elementor-widget-heading\" data-id=\"5c8a021\" data-element_type=\"widget\" data-e-type=\"widget\" data-widget_type=\"heading.default\">\n\t\t\t\t<div class=\"elementor-widget-container\">\n\t\t\t\t\t<div class=\"elementor-heading-title elementor-size-default\">VD\n\n<\/div>\t\t\t\t<\/div>\n\t\t\t\t<\/div>\n\t\t\t\t<\/div>\n\t\t\t\t<\/div>\n\t\t<div class=\"elementor-element elementor-element-bab8641 e-con-full e-flex e-con e-child\" data-id=\"bab8641\" data-element_type=\"container\" data-e-type=\"container\">\n\t\t\t\t<div class=\"elementor-element elementor-element-4df6015 elementor-widget__width-inherit elementor-widget elementor-widget-heading\" data-id=\"4df6015\" data-element_type=\"widget\" data-e-type=\"widget\" data-widget_type=\"heading.default\">\n\t\t\t\t<div class=\"elementor-widget-container\">\n\t\t\t\t\t<div class=\"elementor-heading-title elementor-size-default\"><a href=\"tel:+46708322812\">+46 708 32 28 12<\/a><\/div>\t\t\t\t<\/div>\n\t\t\t\t<\/div>\n\t\t\t\t<div class=\"elementor-element elementor-element-1b0f6bd elementor-widget__width-inherit elementor-widget elementor-widget-heading\" data-id=\"1b0f6bd\" data-element_type=\"widget\" data-e-type=\"widget\" data-widget_type=\"heading.default\">\n\t\t\t\t<div class=\"elementor-widget-container\">\n\t\t\t\t\t<div class=\"elementor-heading-title elementor-size-default\"><a href=\"mailto:anders.kiefer@systemsvets.com\">anders.kiefer@systemsvets.com<\/a><\/div>\t\t\t\t<\/div>\n\t\t\t\t<\/div>\n\t\t\t\t<\/div>\n\t\t\t\t<\/div>\n\t\t\t\t<\/div>\n\t\t<div class=\"elementor-element elementor-element-04ec222 e-con-full e-flex e-con e-child\" data-id=\"04ec222\" data-element_type=\"container\" data-e-type=\"container\">\n\t\t<div class=\"elementor-element elementor-element-c5c5770 e-con-full e-flex e-con e-child\" data-id=\"c5c5770\" data-element_type=\"container\" data-e-type=\"container\">\n\t\t\t\t<div class=\"elementor-element elementor-element-0a11301 elementor-widget elementor-widget-image\" data-id=\"0a11301\" data-element_type=\"widget\" data-e-type=\"widget\" data-widget_type=\"image.default\">\n\t\t\t\t<div class=\"elementor-widget-container\">\n\t\t\t\t\t\t\t\t\t\t\t\t\t\t\t<img decoding=\"async\" src=\"https:\/\/systemsvets.com\/wp-content\/uploads\/elementor\/thumbs\/Profilbilder-hemsidan-uppsala-2023.07.307-rdvfl539glzfacatpr11fycp1luvkjix6g1knzjlzy.webp\" title=\"Joakim Johansson\u200b\" alt=\"Joakim Johansson\u200b\" loading=\"lazy\" \/>\t\t\t\t\t\t\t\t\t\t\t\t\t\t\t<\/div>\n\t\t\t\t<\/div>\n\t\t\t\t<\/div>\n\t\t<div class=\"elementor-element elementor-element-76ebf87 e-con-full e-flex e-con e-child\" data-id=\"76ebf87\" data-element_type=\"container\" data-e-type=\"container\">\n\t\t<div class=\"elementor-element elementor-element-33b279e e-con-full e-flex e-con e-child\" data-id=\"33b279e\" data-element_type=\"container\" data-e-type=\"container\">\n\t\t\t\t<div class=\"elementor-element elementor-element-f3db874 burr elementor-widget elementor-widget-heading\" data-id=\"f3db874\" data-element_type=\"widget\" data-e-type=\"widget\" data-widget_type=\"heading.default\">\n\t\t\t\t<div class=\"elementor-widget-container\">\n\t\t\t\t\t<div class=\"elementor-heading-title elementor-size-default\">Joakim Johansson<\/div>\t\t\t\t<\/div>\n\t\t\t\t<\/div>\n\t\t\t\t<div class=\"elementor-element elementor-element-6655119 burr elementor-widget elementor-widget-heading\" data-id=\"6655119\" data-element_type=\"widget\" data-e-type=\"widget\" data-widget_type=\"heading.default\">\n\t\t\t\t<div class=\"elementor-widget-container\">\n\t\t\t\t\t<div class=\"elementor-heading-title elementor-size-default\">Avdelningschef Service\/<br>\nProjektledare - Uppsala<\/div>\t\t\t\t<\/div>\n\t\t\t\t<\/div>\n\t\t\t\t<\/div>\n\t\t<div class=\"elementor-element elementor-element-b60c9e9 e-con-full e-flex e-con e-child\" data-id=\"b60c9e9\" data-element_type=\"container\" data-e-type=\"container\">\n\t\t\t\t<div class=\"elementor-element elementor-element-118bc4c elementor-widget elementor-widget-heading\" data-id=\"118bc4c\" data-element_type=\"widget\" data-e-type=\"widget\" data-widget_type=\"heading.default\">\n\t\t\t\t<div class=\"elementor-widget-container\">\n\t\t\t\t\t<div class=\"elementor-heading-title elementor-size-default\"><a href=\"tel:+46%20705%2008%2056%2047\">+46 705 08 56 47<\/a><\/div>\t\t\t\t<\/div>\n\t\t\t\t<\/div>\n\t\t\t\t<div class=\"elementor-element elementor-element-b27965c elementor-widget elementor-widget-heading\" data-id=\"b27965c\" data-element_type=\"widget\" data-e-type=\"widget\" data-widget_type=\"heading.default\">\n\t\t\t\t<div class=\"elementor-widget-container\">\n\t\t\t\t\t<div class=\"elementor-heading-title elementor-size-default\"><a href=\"mailto:joakim.johansson@systemsvets.com\">joakim.johansson@systemsvets.com<\/a><\/div>\t\t\t\t<\/div>\n\t\t\t\t<\/div>\n\t\t\t\t<\/div>\n\t\t\t\t<\/div>\n\t\t\t\t<\/div>\n\t\t<div class=\"elementor-element elementor-element-59fe74c e-con-full e-flex e-con e-child\" data-id=\"59fe74c\" data-element_type=\"container\" data-e-type=\"container\">\n\t\t<div class=\"elementor-element elementor-element-01358e0 e-con-full e-flex e-con e-child\" data-id=\"01358e0\" data-element_type=\"container\" data-e-type=\"container\">\n\t\t\t\t<div class=\"elementor-element elementor-element-e4219e4 elementor-widget elementor-widget-image\" data-id=\"e4219e4\" data-element_type=\"widget\" data-e-type=\"widget\" data-widget_type=\"image.default\">\n\t\t\t\t<div class=\"elementor-widget-container\">\n\t\t\t\t\t\t\t\t\t\t\t\t\t\t\t<img decoding=\"async\" src=\"https:\/\/systemsvets.com\/wp-content\/uploads\/elementor\/thumbs\/Mikael_Linderoth_profilbild_ny-rdvfl1bwp9u9zwgabpej5zauo2depr3ztxfmqvp6ou.webp\" title=\"Mikael Linderoth\u200b\" alt=\"Mikael Linderoth\u200b\" loading=\"lazy\" \/>\t\t\t\t\t\t\t\t\t\t\t\t\t\t\t<\/div>\n\t\t\t\t<\/div>\n\t\t\t\t<\/div>\n\t\t<div class=\"elementor-element elementor-element-3c58527 e-con-full e-flex e-con e-child\" data-id=\"3c58527\" data-element_type=\"container\" data-e-type=\"container\">\n\t\t<div class=\"elementor-element elementor-element-83c155e e-con-full e-flex e-con e-child\" data-id=\"83c155e\" data-element_type=\"container\" data-e-type=\"container\">\n\t\t\t\t<div class=\"elementor-element elementor-element-58a47a3 burr elementor-widget elementor-widget-heading\" data-id=\"58a47a3\" data-element_type=\"widget\" data-e-type=\"widget\" data-widget_type=\"heading.default\">\n\t\t\t\t<div class=\"elementor-widget-container\">\n\t\t\t\t\t<div class=\"elementor-heading-title elementor-size-default\">Mikael Linderoth<\/div>\t\t\t\t<\/div>\n\t\t\t\t<\/div>\n\t\t\t\t<div class=\"elementor-element elementor-element-596f0e3 burr elementor-widget elementor-widget-heading\" data-id=\"596f0e3\" data-element_type=\"widget\" data-e-type=\"widget\" data-widget_type=\"heading.default\">\n\t\t\t\t<div class=\"elementor-widget-container\">\n\t\t\t\t\t<div class=\"elementor-heading-title elementor-size-default\">Avdelningschef Service\/<br>\nProjektledare - G\u00f6teborg\n<\/div>\t\t\t\t<\/div>\n\t\t\t\t<\/div>\n\t\t\t\t<\/div>\n\t\t<div class=\"elementor-element elementor-element-3c8ed7c e-con-full e-flex e-con e-child\" data-id=\"3c8ed7c\" data-element_type=\"container\" data-e-type=\"container\">\n\t\t\t\t<div class=\"elementor-element elementor-element-94d84d9 elementor-widget elementor-widget-heading\" data-id=\"94d84d9\" data-element_type=\"widget\" data-e-type=\"widget\" data-widget_type=\"heading.default\">\n\t\t\t\t<div class=\"elementor-widget-container\">\n\t\t\t\t\t<div class=\"elementor-heading-title elementor-size-default\"><a href=\"tel:+46%20730%2020%2097%2098\">+46 730 20 97 98<\/a><\/div>\t\t\t\t<\/div>\n\t\t\t\t<\/div>\n\t\t\t\t<div class=\"elementor-element elementor-element-6e5db32 elementor-widget elementor-widget-heading\" data-id=\"6e5db32\" data-element_type=\"widget\" data-e-type=\"widget\" data-widget_type=\"heading.default\">\n\t\t\t\t<div class=\"elementor-widget-container\">\n\t\t\t\t\t<div class=\"elementor-heading-title elementor-size-default\"><a href=\"mailto:mikael.linderoth@systemsvets.com\">mikael.linderoth@systemsvets.com<\/a><\/div>\t\t\t\t<\/div>\n\t\t\t\t<\/div>\n\t\t\t\t<\/div>\n\t\t\t\t<\/div>\n\t\t\t\t<\/div>\n\t\t\t\t<\/div>\n\t\t\t\t\t<\/div>\n\t\t\t\t<\/div>\n\t\t\t\t\t<\/div>\n\t\t\t\t<\/div>\n\t\t<div class=\"elementor-element elementor-element-885dc25 border e-flex e-con-boxed e-con e-parent\" data-id=\"885dc25\" data-element_type=\"container\" data-e-type=\"container\">\n\t\t\t\t\t<div class=\"e-con-inner\">\n\t\t\t\t\t<\/div>\n\t\t\t\t<\/div>\n\t\t\t\t<\/div>\n\t\t","protected":false},"excerpt":{"rendered":"<p>Underh\u00e5ll och industriella tj\u00e4nster Ut\u00f6ver svetsning erbjuder vi installation, underh\u00e5ll och industriella tj\u00e4nster, skr\u00e4ddarsydda efter era behov. V\u00e5r expertis t\u00e4cker allt fr\u00e5n installation, montering, svetsning, VVS, fj\u00e4rrv\u00e4rmeenheter, till st\u00f6rre undercentraler. Se galleriet Underh\u00e5ll och industriella tj\u00e4nster Vi \u00e4r specialiserade p\u00e5 att arbeta med olika material, inklusive rostfritt st\u00e5l, svart st\u00e5l och plast. V\u00e5ra tekniker \u00e4r [&hellip;]<\/p>\n","protected":false},"author":6,"featured_media":0,"parent":0,"menu_order":0,"comment_status":"closed","ping_status":"open","template":"","meta":{"footnotes":""},"class_list":["post-1017","page","type-page","status-publish","hentry"],"_links":{"self":[{"href":"https:\/\/systemsvets.com\/sv\/wp-json\/wp\/v2\/pages\/1017","targetHints":{"allow":["GET"]}}],"collection":[{"href":"https:\/\/systemsvets.com\/sv\/wp-json\/wp\/v2\/pages"}],"about":[{"href":"https:\/\/systemsvets.com\/sv\/wp-json\/wp\/v2\/types\/page"}],"author":[{"embeddable":true,"href":"https:\/\/systemsvets.com\/sv\/wp-json\/wp\/v2\/users\/6"}],"replies":[{"embeddable":true,"href":"https:\/\/systemsvets.com\/sv\/wp-json\/wp\/v2\/comments?post=1017"}],"version-history":[{"count":379,"href":"https:\/\/systemsvets.com\/sv\/wp-json\/wp\/v2\/pages\/1017\/revisions"}],"predecessor-version":[{"id":13911,"href":"https:\/\/systemsvets.com\/sv\/wp-json\/wp\/v2\/pages\/1017\/revisions\/13911"}],"wp:attachment":[{"href":"https:\/\/systemsvets.com\/sv\/wp-json\/wp\/v2\/media?parent=1017"}],"curies":[{"name":"wp","href":"https:\/\/api.w.org\/{rel}","templated":true}]}}