{"id":94,"date":"2021-12-12T05:33:24","date_gmt":"2021-12-12T03:33:24","guid":{"rendered":"https:\/\/demosites.royal-elementor-addons.com\/construction-v1\/?page_id=94"},"modified":"2023-10-27T18:09:36","modified_gmt":"2023-10-27T16:09:36","slug":"om-oss","status":"publish","type":"page","link":"https:\/\/systemsvets.com\/en\/om-oss\/","title":{"rendered":"About"},"content":{"rendered":"<div data-elementor-type=\"wp-page\" data-elementor-id=\"94\" class=\"elementor elementor-94\" data-elementor-post-type=\"page\">\n\t\t\t\t<div class=\"elementor-element elementor-element-4b531ea7 e-flex e-con-boxed e-con e-parent\" data-id=\"4b531ea7\" data-element_type=\"container\" data-e-type=\"container\" data-settings=\"{&quot;background_background&quot;:&quot;classic&quot;}\">\n\t\t\t\t\t<div class=\"e-con-inner\">\n\t\t<div class=\"elementor-element elementor-element-56ed474 e-con-full main-container e-flex e-con e-child\" data-id=\"56ed474\" data-element_type=\"container\" data-e-type=\"container\">\n\t\t\t\t<div class=\"elementor-element elementor-element-7bc39963 elementor-widget elementor-widget-heading\" data-id=\"7bc39963\" data-element_type=\"widget\" data-e-type=\"widget\" data-widget_type=\"heading.default\">\n\t\t\t\t<div class=\"elementor-widget-container\">\n\t\t\t\t\t<h1 class=\"elementor-heading-title elementor-size-default\">About<\/h1>\t\t\t\t<\/div>\n\t\t\t\t<\/div>\n\t\t\t\t<div class=\"elementor-element elementor-element-5f342ab4 elementor-widget__width-initial mtext elementor-widget-tablet__width-inherit elementor-widget elementor-widget-text-editor\" data-id=\"5f342ab4\" data-element_type=\"widget\" data-e-type=\"widget\" data-settings=\"{&quot;_animation&quot;:&quot;none&quot;}\" data-widget_type=\"text-editor.default\">\n\t\t\t\t<div class=\"elementor-widget-container\">\n\t\t\t\t\t\t\t\t\t<p>Systemsvets is a leading provider of complex piping and process installations. Our specialty lies in advanced TIG welding and pipe installation, where the requirements for cleanliness, surface finish, traceability, and documentation are high.\u200b<\/p><p>\u00a0<\/p><p>With extensive experience and the latest technology, we ensure the highest quality in everything we deliver. Whether it\u2019s a small or large project, our team of experts is committed to meeting your needs with precision and efficiency.<\/p><p>\u00a0<\/p><p>Our focus on quality and customer satisfaction has earned us a reputation as a trusted partner in the industry. We take pride in our work and strive to exceed your expectations. So, whether you need a new installation, maintenance or repair services, Systemsvets is here to provide you with the best solution possible.<\/p><p>\u00a0<\/p><p>Contact us today to discuss your project requirements and experience the excellence of Systemsvets.<\/p>\t\t\t\t\t\t\t\t<\/div>\n\t\t\t\t<\/div>\n\t\t\t\t<div class=\"elementor-element elementor-element-cf021bc elementor-widget elementor-widget-global elementor-global-10539 elementor-widget-button\" data-id=\"cf021bc\" data-element_type=\"widget\" data-e-type=\"widget\" data-widget_type=\"button.default\">\n\t\t\t\t<div class=\"elementor-widget-container\">\n\t\t\t\t\t\t\t\t\t<div class=\"elementor-button-wrapper\">\n\t\t\t\t\t<a class=\"elementor-button elementor-button-link elementor-size-md elementor-animation-shrink\" href=\"https:\/\/systemsvets.com\/en\/galleri\/\">\n\t\t\t\t\t\t<span class=\"elementor-button-content-wrapper\">\n\t\t\t\t\t\t\t\t\t<span class=\"elementor-button-text\">See gallery<\/span>\n\t\t\t\t\t<\/span>\n\t\t\t\t\t<\/a>\n\t\t\t\t<\/div>\n\t\t\t\t\t\t\t\t<\/div>\n\t\t\t\t<\/div>\n\t\t\t\t<\/div>\n\t\t\t\t\t<\/div>\n\t\t\t\t<\/div>\n\t\t<div class=\"elementor-element elementor-element-308ce936 border e-flex e-con-boxed e-con e-parent\" data-id=\"308ce936\" data-element_type=\"container\" data-e-type=\"container\">\n\t\t\t\t\t<div class=\"e-con-inner\">\n\t\t\t\t\t<\/div>\n\t\t\t\t<\/div>\n\t\t<div class=\"elementor-element elementor-element-7c7dc50 e-con-full e-flex e-con e-parent\" data-id=\"7c7dc50\" data-element_type=\"container\" data-e-type=\"container\" data-settings=\"{&quot;background_background&quot;:&quot;classic&quot;}\">\n\t\t\t\t<div class=\"elementor-element elementor-element-7313b8e mh2 elementor-widget elementor-widget-heading\" data-id=\"7313b8e\" data-element_type=\"widget\" data-e-type=\"widget\" data-settings=\"{&quot;_animation&quot;:&quot;none&quot;}\" data-widget_type=\"heading.default\">\n\t\t\t\t<div class=\"elementor-widget-container\">\n\t\t\t\t\t<h2 class=\"elementor-heading-title elementor-size-default\">View our brochure<\/h2>\t\t\t\t<\/div>\n\t\t\t\t<\/div>\n\t\t\t\t<div class=\"elementor-element elementor-element-70856c3 elementor-widget-mobile__width-inherit elementor-widget elementor-widget-image\" data-id=\"70856c3\" data-element_type=\"widget\" data-e-type=\"widget\" data-settings=\"{&quot;_animation&quot;:&quot;none&quot;}\" data-widget_type=\"image.default\">\n\t\t\t\t<div class=\"elementor-widget-container\">\n\t\t\t\t\t\t\t\t\t\t\t\t\t\t\t\t<a href=\"#elementor-action%3Aaction%3Dpopup%3Aopen%26settings%3DeyJpZCI6IjExODIwIiwidG9nZ2xlIjpmYWxzZX0%3D\">\n\t\t\t\t\t\t\t<img fetchpriority=\"high\" decoding=\"async\" width=\"1748\" height=\"2480\" src=\"https:\/\/systemsvets.com\/wp-content\/uploads\/2023\/09\/Systemsvets_8-sid_A5_broschyr-1.webp\" class=\"attachment-full size-full wp-image-10417\" alt=\"\" srcset=\"https:\/\/systemsvets.com\/wp-content\/uploads\/2023\/09\/Systemsvets_8-sid_A5_broschyr-1.webp 1748w, https:\/\/systemsvets.com\/wp-content\/uploads\/2023\/09\/Systemsvets_8-sid_A5_broschyr-1-211x300.webp 211w, https:\/\/systemsvets.com\/wp-content\/uploads\/2023\/09\/Systemsvets_8-sid_A5_broschyr-1-722x1024.webp 722w, https:\/\/systemsvets.com\/wp-content\/uploads\/2023\/09\/Systemsvets_8-sid_A5_broschyr-1-768x1090.webp 768w, https:\/\/systemsvets.com\/wp-content\/uploads\/2023\/09\/Systemsvets_8-sid_A5_broschyr-1-1083x1536.webp 1083w, https:\/\/systemsvets.com\/wp-content\/uploads\/2023\/09\/Systemsvets_8-sid_A5_broschyr-1-1444x2048.webp 1444w, https:\/\/systemsvets.com\/wp-content\/uploads\/2023\/09\/Systemsvets_8-sid_A5_broschyr-1-8x12.webp 8w\" sizes=\"(max-width: 1748px) 100vw, 1748px\" \/>\t\t\t\t\t\t\t\t<\/a>\n\t\t\t\t\t\t\t\t\t\t\t\t\t\t\t<\/div>\n\t\t\t\t<\/div>\n\t\t\t\t<\/div>\n\t\t<div class=\"elementor-element elementor-element-da1371c border e-flex e-con-boxed e-con e-parent\" data-id=\"da1371c\" data-element_type=\"container\" data-e-type=\"container\">\n\t\t\t\t\t<div class=\"e-con-inner\">\n\t\t\t\t\t<\/div>\n\t\t\t\t<\/div>\n\t\t<div class=\"elementor-element elementor-element-ffbefbd e-con-full e-flex e-con e-parent\" data-id=\"ffbefbd\" data-element_type=\"container\" data-e-type=\"container\" id=\"kief\" data-settings=\"{&quot;background_background&quot;:&quot;classic&quot;}\">\n\t\t<div class=\"elementor-element elementor-element-3513de2 e-con-full e-flex e-con e-child\" data-id=\"3513de2\" data-element_type=\"container\" data-e-type=\"container\">\n\t\t\t\t<div class=\"elementor-element elementor-element-f49d202 elementor-widget elementor-widget-heading\" data-id=\"f49d202\" data-element_type=\"widget\" data-e-type=\"widget\" data-widget_type=\"heading.default\">\n\t\t\t\t<div class=\"elementor-widget-container\">\n\t\t\t\t\t<p class=\"elementor-heading-title elementor-size-default\">Kiefer System Group<\/p>\t\t\t\t<\/div>\n\t\t\t\t<\/div>\n\t\t<div class=\"elementor-element elementor-element-b2069c9 e-con-full e-flex e-con e-child\" data-id=\"b2069c9\" data-element_type=\"container\" data-e-type=\"container\">\n\t\t<div class=\"elementor-element elementor-element-85f0763 e-con-full e-flex e-con e-child\" data-id=\"85f0763\" data-element_type=\"container\" data-e-type=\"container\">\n\t\t\t\t<div class=\"elementor-element elementor-element-b8c3575 elementor-widget__width-initial elementor-widget-tablet__width-initial elementor-widget-mobile__width-auto elementor-widget elementor-widget-image\" data-id=\"b8c3575\" data-element_type=\"widget\" data-e-type=\"widget\" data-widget_type=\"image.default\">\n\t\t\t\t<div class=\"elementor-widget-container\">\n\t\t\t\t\t\t\t\t\t\t\t\t\t\t\t\t<a href=\"https:\/\/systemsvets.com\/en\/\">\n\t\t\t\t\t\t\t<img decoding=\"async\" width=\"300\" height=\"70\" src=\"https:\/\/systemsvets.com\/wp-content\/uploads\/2023\/08\/30Rityta-1@2x-300x70.png\" class=\"attachment-medium size-medium wp-image-4154\" alt=\"\" srcset=\"https:\/\/systemsvets.com\/wp-content\/uploads\/2023\/08\/30Rityta-1@2x-300x70.png 300w, https:\/\/systemsvets.com\/wp-content\/uploads\/2023\/08\/30Rityta-1@2x-18x4.png 18w, https:\/\/systemsvets.com\/wp-content\/uploads\/2023\/08\/30Rityta-1@2x.png 758w\" sizes=\"(max-width: 300px) 100vw, 300px\" \/>\t\t\t\t\t\t\t\t<\/a>\n\t\t\t\t\t\t\t\t\t\t\t\t\t\t\t<\/div>\n\t\t\t\t<\/div>\n\t\t\t\t<div class=\"elementor-element elementor-element-32a3901 elementor-widget__width-initial elementor-widget-tablet__width-initial elementor-widget-mobile__width-auto elementor-widget elementor-widget-image\" data-id=\"32a3901\" data-element_type=\"widget\" data-e-type=\"widget\" data-widget_type=\"image.default\">\n\t\t\t\t<div class=\"elementor-widget-container\">\n\t\t\t\t\t\t\t\t\t\t\t\t\t\t\t\t<a href=\"http:\/\/systemsprinkler.se\/\" target=\"_blank\" rel=\"noopener\">\n\t\t\t\t\t\t\t<img decoding=\"async\" width=\"951\" height=\"189\" src=\"https:\/\/systemsvets.com\/wp-content\/uploads\/2023\/08\/31Rityta-1@2x.png\" class=\"attachment-full size-full wp-image-4153\" alt=\"Click to visit Systemsprinkler\" srcset=\"https:\/\/systemsvets.com\/wp-content\/uploads\/2023\/08\/31Rityta-1@2x.png 951w, https:\/\/systemsvets.com\/wp-content\/uploads\/2023\/08\/31Rityta-1@2x-300x60.png 300w, https:\/\/systemsvets.com\/wp-content\/uploads\/2023\/08\/31Rityta-1@2x-768x153.png 768w, https:\/\/systemsvets.com\/wp-content\/uploads\/2023\/08\/31Rityta-1@2x-18x4.png 18w\" sizes=\"(max-width: 951px) 100vw, 951px\" \/>\t\t\t\t\t\t\t\t<\/a>\n\t\t\t\t\t\t\t\t\t\t\t\t\t\t\t<\/div>\n\t\t\t\t<\/div>\n\t\t\t\t<div class=\"elementor-element elementor-element-2d58e18 elementor-widget__width-initial elementor-widget-tablet__width-initial elementor-widget-mobile__width-auto elementor-widget elementor-widget-image\" data-id=\"2d58e18\" data-element_type=\"widget\" data-e-type=\"widget\" data-widget_type=\"image.default\">\n\t\t\t\t<div class=\"elementor-widget-container\">\n\t\t\t\t\t\t\t\t\t\t\t\t\t\t\t\t<a href=\"https:\/\/www.umb.se\/\" target=\"_blank\" rel=\"noopener\">\n\t\t\t\t\t\t\t<img loading=\"lazy\" decoding=\"async\" width=\"965\" height=\"188\" src=\"https:\/\/systemsvets.com\/wp-content\/uploads\/2023\/08\/29Rityta-1@2x.png\" class=\"attachment-full size-full wp-image-4152\" alt=\"Click to visit UMB Mekaniska\" srcset=\"https:\/\/systemsvets.com\/wp-content\/uploads\/2023\/08\/29Rityta-1@2x.png 965w, https:\/\/systemsvets.com\/wp-content\/uploads\/2023\/08\/29Rityta-1@2x-300x58.png 300w, https:\/\/systemsvets.com\/wp-content\/uploads\/2023\/08\/29Rityta-1@2x-768x150.png 768w, https:\/\/systemsvets.com\/wp-content\/uploads\/2023\/08\/29Rityta-1@2x-18x4.png 18w\" sizes=\"(max-width: 965px) 100vw, 965px\" \/>\t\t\t\t\t\t\t\t<\/a>\n\t\t\t\t\t\t\t\t\t\t\t\t\t\t\t<\/div>\n\t\t\t\t<\/div>\n\t\t\t\t<\/div>\n\t\t\t\t<\/div>\n\t\t\t\t<\/div>\n\t\t\t\t<\/div>\n\t\t<div class=\"elementor-element elementor-element-f8e8f5f border e-flex e-con-boxed e-con e-parent\" data-id=\"f8e8f5f\" data-element_type=\"container\" data-e-type=\"container\">\n\t\t\t\t\t<div class=\"e-con-inner\">\n\t\t\t\t\t<\/div>\n\t\t\t\t<\/div>\n\t\t<div class=\"elementor-element elementor-element-ad43063 e-flex e-con-boxed e-con e-parent\" data-id=\"ad43063\" data-element_type=\"container\" data-e-type=\"container\" id=\"k2\" data-settings=\"{&quot;background_background&quot;:&quot;classic&quot;}\">\n\t\t\t\t\t<div class=\"e-con-inner\">\n\t\t\t\t<div class=\"elementor-element elementor-element-bab275b elementor-widget elementor-widget-image\" data-id=\"bab275b\" data-element_type=\"widget\" data-e-type=\"widget\" data-widget_type=\"image.default\">\n\t\t\t\t<div class=\"elementor-widget-container\">\n\t\t\t\t\t\t\t\t\t\t\t\t\t\t\t<img loading=\"lazy\" decoding=\"async\" width=\"1440\" height=\"960\" src=\"https:\/\/systemsvets.com\/wp-content\/uploads\/2023\/08\/Svetsning_Pao_Duell_28_1440.webp\" class=\"attachment-full size-full wp-image-3182\" alt=\"\" srcset=\"https:\/\/systemsvets.com\/wp-content\/uploads\/2023\/08\/Svetsning_Pao_Duell_28_1440.webp 1440w, https:\/\/systemsvets.com\/wp-content\/uploads\/2023\/08\/Svetsning_Pao_Duell_28_1440-300x200.webp 300w, https:\/\/systemsvets.com\/wp-content\/uploads\/2023\/08\/Svetsning_Pao_Duell_28_1440-1024x683.webp 1024w, https:\/\/systemsvets.com\/wp-content\/uploads\/2023\/08\/Svetsning_Pao_Duell_28_1440-768x512.webp 768w, https:\/\/systemsvets.com\/wp-content\/uploads\/2023\/08\/Svetsning_Pao_Duell_28_1440-18x12.webp 18w\" sizes=\"(max-width: 1440px) 100vw, 1440px\" \/>\t\t\t\t\t\t\t\t\t\t\t\t\t\t\t<\/div>\n\t\t\t\t<\/div>\n\t\t\t\t<div class=\"elementor-element elementor-element-2e18a4b elementor-widget elementor-widget-image\" data-id=\"2e18a4b\" data-element_type=\"widget\" data-e-type=\"widget\" data-widget_type=\"image.default\">\n\t\t\t\t<div class=\"elementor-widget-container\">\n\t\t\t\t\t\t\t\t\t\t\t\t\t\t\t<img loading=\"lazy\" decoding=\"async\" width=\"1440\" height=\"960\" src=\"https:\/\/systemsvets.com\/wp-content\/uploads\/2023\/08\/Svetsning_Pao_Duell_48_1440.webp\" class=\"attachment-full size-full wp-image-3183\" alt=\"\" srcset=\"https:\/\/systemsvets.com\/wp-content\/uploads\/2023\/08\/Svetsning_Pao_Duell_48_1440.webp 1440w, https:\/\/systemsvets.com\/wp-content\/uploads\/2023\/08\/Svetsning_Pao_Duell_48_1440-300x200.webp 300w, https:\/\/systemsvets.com\/wp-content\/uploads\/2023\/08\/Svetsning_Pao_Duell_48_1440-1024x683.webp 1024w, https:\/\/systemsvets.com\/wp-content\/uploads\/2023\/08\/Svetsning_Pao_Duell_48_1440-768x512.webp 768w, https:\/\/systemsvets.com\/wp-content\/uploads\/2023\/08\/Svetsning_Pao_Duell_48_1440-18x12.webp 18w\" sizes=\"(max-width: 1440px) 100vw, 1440px\" \/>\t\t\t\t\t\t\t\t\t\t\t\t\t\t\t<\/div>\n\t\t\t\t<\/div>\n\t\t<div class=\"elementor-element elementor-element-66e8d33 e-flex e-con-boxed e-con e-child\" data-id=\"66e8d33\" data-element_type=\"container\" data-e-type=\"container\">\n\t\t\t\t\t<div class=\"e-con-inner\">\n\t\t\t\t<div class=\"elementor-element elementor-element-1dd6094 elementor-widget elementor-widget-image\" data-id=\"1dd6094\" data-element_type=\"widget\" data-e-type=\"widget\" data-widget_type=\"image.default\">\n\t\t\t\t<div class=\"elementor-widget-container\">\n\t\t\t\t\t\t\t\t\t\t\t\t\t\t\t<img loading=\"lazy\" decoding=\"async\" width=\"1440\" height=\"2161\" src=\"https:\/\/systemsvets.com\/wp-content\/uploads\/2023\/08\/Svetsning_Pao_Duell_49_1440.webp\" class=\"attachment-full size-full wp-image-3184\" alt=\"\" srcset=\"https:\/\/systemsvets.com\/wp-content\/uploads\/2023\/08\/Svetsning_Pao_Duell_49_1440.webp 1440w, https:\/\/systemsvets.com\/wp-content\/uploads\/2023\/08\/Svetsning_Pao_Duell_49_1440-200x300.webp 200w, https:\/\/systemsvets.com\/wp-content\/uploads\/2023\/08\/Svetsning_Pao_Duell_49_1440-682x1024.webp 682w, https:\/\/systemsvets.com\/wp-content\/uploads\/2023\/08\/Svetsning_Pao_Duell_49_1440-768x1153.webp 768w, https:\/\/systemsvets.com\/wp-content\/uploads\/2023\/08\/Svetsning_Pao_Duell_49_1440-1024x1536.webp 1024w, https:\/\/systemsvets.com\/wp-content\/uploads\/2023\/08\/Svetsning_Pao_Duell_49_1440-1365x2048.webp 1365w, https:\/\/systemsvets.com\/wp-content\/uploads\/2023\/08\/Svetsning_Pao_Duell_49_1440-8x12.webp 8w\" sizes=\"(max-width: 1440px) 100vw, 1440px\" \/>\t\t\t\t\t\t\t\t\t\t\t\t\t\t\t<\/div>\n\t\t\t\t<\/div>\n\t\t\t\t<div class=\"elementor-element elementor-element-d0e7835 elementor-widget elementor-widget-image\" data-id=\"d0e7835\" data-element_type=\"widget\" data-e-type=\"widget\" data-widget_type=\"image.default\">\n\t\t\t\t<div class=\"elementor-widget-container\">\n\t\t\t\t\t\t\t\t\t\t\t\t\t\t\t<img loading=\"lazy\" decoding=\"async\" width=\"1440\" height=\"2161\" src=\"https:\/\/systemsvets.com\/wp-content\/uploads\/2023\/08\/Svetsning_Pao_Duell_57_1440.webp\" class=\"attachment-full size-full wp-image-3186\" alt=\"\" srcset=\"https:\/\/systemsvets.com\/wp-content\/uploads\/2023\/08\/Svetsning_Pao_Duell_57_1440.webp 1440w, https:\/\/systemsvets.com\/wp-content\/uploads\/2023\/08\/Svetsning_Pao_Duell_57_1440-200x300.webp 200w, https:\/\/systemsvets.com\/wp-content\/uploads\/2023\/08\/Svetsning_Pao_Duell_57_1440-682x1024.webp 682w, https:\/\/systemsvets.com\/wp-content\/uploads\/2023\/08\/Svetsning_Pao_Duell_57_1440-768x1153.webp 768w, https:\/\/systemsvets.com\/wp-content\/uploads\/2023\/08\/Svetsning_Pao_Duell_57_1440-1024x1536.webp 1024w, https:\/\/systemsvets.com\/wp-content\/uploads\/2023\/08\/Svetsning_Pao_Duell_57_1440-1365x2048.webp 1365w, https:\/\/systemsvets.com\/wp-content\/uploads\/2023\/08\/Svetsning_Pao_Duell_57_1440-8x12.webp 8w\" sizes=\"(max-width: 1440px) 100vw, 1440px\" \/>\t\t\t\t\t\t\t\t\t\t\t\t\t\t\t<\/div>\n\t\t\t\t<\/div>\n\t\t\t\t\t<\/div>\n\t\t\t\t<\/div>\n\t\t\t\t\t<\/div>\n\t\t\t\t<\/div>\n\t\t<div class=\"elementor-element elementor-element-46dbcd4 border e-flex e-con-boxed e-con e-parent\" data-id=\"46dbcd4\" data-element_type=\"container\" data-e-type=\"container\">\n\t\t\t\t\t<div class=\"e-con-inner\">\n\t\t\t\t\t<\/div>\n\t\t\t\t<\/div>\n\t\t\t\t<\/div>","protected":false},"excerpt":{"rendered":"<p>Om oss Systemsvets \u00e4r en ledande leverant\u00f6r av komplexa r\u00f6r- och processinstallationer. V\u00e5r specialitet ligger inom avancerad TIG-svetsning och r\u00f6rinstallation d\u00e4r kraven p\u00e5 renhet, ytfinish, sp\u00e5rbarhet och dokumentation \u00e4r h\u00f6ga. \u00a0 Med omfattande erfarenhet och den senaste teknologin s\u00e4kerst\u00e4ller vi h\u00f6gsta kvalitet i allt vi levererar. Oavsett om det \u00e4r ett litet eller stort projekt, [&hellip;]<\/p>\n","protected":false},"author":6,"featured_media":0,"parent":0,"menu_order":0,"comment_status":"closed","ping_status":"closed","template":"","meta":{"footnotes":""},"class_list":["post-94","page","type-page","status-publish","hentry"],"_links":{"self":[{"href":"https:\/\/systemsvets.com\/en\/wp-json\/wp\/v2\/pages\/94","targetHints":{"allow":["GET"]}}],"collection":[{"href":"https:\/\/systemsvets.com\/en\/wp-json\/wp\/v2\/pages"}],"about":[{"href":"https:\/\/systemsvets.com\/en\/wp-json\/wp\/v2\/types\/page"}],"author":[{"embeddable":true,"href":"https:\/\/systemsvets.com\/en\/wp-json\/wp\/v2\/users\/6"}],"replies":[{"embeddable":true,"href":"https:\/\/systemsvets.com\/en\/wp-json\/wp\/v2\/comments?post=94"}],"version-history":[{"count":280,"href":"https:\/\/systemsvets.com\/en\/wp-json\/wp\/v2\/pages\/94\/revisions"}],"predecessor-version":[{"id":13953,"href":"https:\/\/systemsvets.com\/en\/wp-json\/wp\/v2\/pages\/94\/revisions\/13953"}],"wp:attachment":[{"href":"https:\/\/systemsvets.com\/en\/wp-json\/wp\/v2\/media?parent=94"}],"curies":[{"name":"wp","href":"https:\/\/api.w.org\/{rel}","templated":true}]}}