{"id":2341,"date":"2023-08-15T06:51:08","date_gmt":"2023-08-15T04:51:08","guid":{"rendered":"https:\/\/systemsvets.com\/?page_id=2341"},"modified":"2023-10-27T18:03:21","modified_gmt":"2023-10-27T16:03:21","slug":"ror-installationer","status":"publish","type":"page","link":"https:\/\/systemsvets.com\/en\/ror-installationer\/","title":{"rendered":"R\u00f6r installationer"},"content":{"rendered":"<div data-elementor-type=\"wp-page\" data-elementor-id=\"2341\" class=\"elementor elementor-2341\" data-elementor-post-type=\"page\">\n\t\t\t\t<div class=\"elementor-element elementor-element-bba371c hero e-flex e-con-boxed e-con e-parent\" data-id=\"bba371c\" data-element_type=\"container\" data-e-type=\"container\" data-settings=\"{&quot;background_background&quot;:&quot;classic&quot;}\">\n\t\t\t\t\t<div class=\"e-con-inner\">\n\t\t<div class=\"elementor-element elementor-element-a68ffb3 e-con-full e-flex e-con e-child\" data-id=\"a68ffb3\" data-element_type=\"container\" data-e-type=\"container\">\n\t\t\t\t<div class=\"elementor-element elementor-element-71899050 elementor-widget-mobile__width-initial mh1 elementor-widget__width-initial elementor-widget elementor-widget-heading\" data-id=\"71899050\" data-element_type=\"widget\" data-e-type=\"widget\" data-widget_type=\"heading.default\">\n\t\t\t\t<div class=\"elementor-widget-container\">\n\t\t\t\t\t<h1 class=\"elementor-heading-title elementor-size-default\">Trusted pipe installation experts\n<\/h1>\t\t\t\t<\/div>\n\t\t\t\t<\/div>\n\t\t\t\t<div class=\"elementor-element elementor-element-4fffd09 elementor-widget__width-initial elementor-widget-tablet__width-initial elementor-widget elementor-widget-text-editor\" data-id=\"4fffd09\" data-element_type=\"widget\" data-e-type=\"widget\" data-widget_type=\"text-editor.default\">\n\t\t\t\t<div class=\"elementor-widget-container\">\n\t\t\t\t\t\t\t\t\t<p>In the rigorous landscape of the pharmaceutical and process industries, seamless pipe installation isn\u2019t just a service \u2013 it\u2019s an essential piece in the jigsaw of your operations. We\u2019re here to ensure that this critical process is managed with the utmost precision, efficiency, and commitment to quality.<\/p>\t\t\t\t\t\t\t\t<\/div>\n\t\t\t\t<\/div>\n\t\t\t\t<div class=\"elementor-element elementor-element-3fb3b38 elementor-align-center elementor-widget elementor-widget-button\" data-id=\"3fb3b38\" data-element_type=\"widget\" data-e-type=\"widget\" data-widget_type=\"button.default\">\n\t\t\t\t<div class=\"elementor-widget-container\">\n\t\t\t\t\t\t\t\t\t<div class=\"elementor-button-wrapper\">\n\t\t\t\t\t<a class=\"elementor-button elementor-button-link elementor-size-md elementor-animation-shrink\" href=\"https:\/\/systemsvets.com\/en\/kontakt\/\">\n\t\t\t\t\t\t<span class=\"elementor-button-content-wrapper\">\n\t\t\t\t\t\t\t\t\t<span class=\"elementor-button-text\">Contact us<\/span>\n\t\t\t\t\t<\/span>\n\t\t\t\t\t<\/a>\n\t\t\t\t<\/div>\n\t\t\t\t\t\t\t\t<\/div>\n\t\t\t\t<\/div>\n\t\t\t\t<\/div>\n\t\t\t\t\t<\/div>\n\t\t\t\t<\/div>\n\t\t<div class=\"elementor-element elementor-element-30a7a6af border e-flex e-con-boxed e-con e-parent\" data-id=\"30a7a6af\" data-element_type=\"container\" data-e-type=\"container\">\n\t\t\t\t\t<div class=\"e-con-inner\">\n\t\t\t\t\t<\/div>\n\t\t\t\t<\/div>\n\t\t<div class=\"elementor-element elementor-element-8a131cb e-flex e-con-boxed e-con e-parent\" data-id=\"8a131cb\" data-element_type=\"container\" data-e-type=\"container\" data-no-translation=\"\">\n\t\t\t\t\t<div class=\"e-con-inner\">\n\t\t<div class=\"elementor-element elementor-element-d98a635 e-con-full e-flex e-con e-child\" data-id=\"d98a635\" data-element_type=\"container\" data-e-type=\"container\">\n\t\t\t\t<div class=\"elementor-element elementor-element-b267471 elementor-widget elementor-widget-heading\" data-id=\"b267471\" data-element_type=\"widget\" data-e-type=\"widget\" data-widget_type=\"heading.default\">\n\t\t\t\t<div class=\"elementor-widget-container\">\n\t\t\t\t\t<h2 class=\"elementor-heading-title elementor-size-default\">Why pipe installation matters<\/h2>\t\t\t\t<\/div>\n\t\t\t\t<\/div>\n\t\t\t\t<div class=\"elementor-element elementor-element-800f77a elementor-widget elementor-widget-text-editor\" data-id=\"800f77a\" data-element_type=\"widget\" data-e-type=\"widget\" data-widget_type=\"text-editor.default\">\n\t\t\t\t<div class=\"elementor-widget-container\">\n\t\t\t\t\t\t\t\t\t<p><span style=\"font-weight: 400;\">In industries like pharmaceuticals and chemical processing, pipe installations are really the heart of the operation. They are not merely channels for liquids and gases; they are complex systems designed to meet specific functional and safety standards.<\/span><\/p><p><span style=\"font-weight: 400;\"><br><\/span><\/p>\n<p><span style=\"font-weight: 400;\">Bad installations can result in not only significant operational downtime but also compromised product integrity and elevated safety risks. In the specialized fields of pharmaceuticals and process industries, you can&#8217;t afford to cut corners on quality pipe installation.<\/span><\/p>\t\t\t\t\t\t\t\t<\/div>\n\t\t\t\t<\/div>\n\t\t\t\t<div class=\"elementor-element elementor-element-e35f68e elementor-widget elementor-widget-heading\" data-id=\"e35f68e\" data-element_type=\"widget\" data-e-type=\"widget\" data-widget_type=\"heading.default\">\n\t\t\t\t<div class=\"elementor-widget-container\">\n\t\t\t\t\t<h2 class=\"elementor-heading-title elementor-size-default\">Types of pipes and their functions<\/h2>\t\t\t\t<\/div>\n\t\t\t\t<\/div>\n\t\t\t\t<div class=\"elementor-element elementor-element-32277de elementor-widget elementor-widget-text-editor\" data-id=\"32277de\" data-element_type=\"widget\" data-e-type=\"widget\" data-widget_type=\"text-editor.default\">\n\t\t\t\t<div class=\"elementor-widget-container\">\n\t\t\t\t\t\t\t\t\t<p><span style=\"font-weight: 400;\">Different industries require different types of pipes, each with its own set of characteristics. For example, pharmaceutical manufacturing often uses stainless steel pipes because they are durable and resist corrosion. High-purity plastic pipes are essential in processes that require ultra-clean environments, like certain chemical reactions. We may use advanced alloys in conditions with high temperatures or high pressures.<\/span><\/p><p><span style=\"font-weight: 400;\"><br><\/span><\/p>\n<p><span style=\"font-weight: 400;\">Pipe installation involves more than merely connecting components. Initially, we conduct a thorough evaluation of your facility&#8217;s requirements. Then we plan and design the system carefully. This ensures that the system will meet all requirements and safety standards.<\/span><\/p>\n<p><span style=\"font-weight: 400;\">The actual installation involves meticulous work, from welding and sealing to testing for leaks and pressure variations. It&#8217;s a multi-step process that requires specialized skills and equipment.<\/span><\/p>\t\t\t\t\t\t\t\t<\/div>\n\t\t\t\t<\/div>\n\t\t\t\t<div class=\"elementor-element elementor-element-7454dfc elementor-widget elementor-widget-heading\" data-id=\"7454dfc\" data-element_type=\"widget\" data-e-type=\"widget\" data-widget_type=\"heading.default\">\n\t\t\t\t<div class=\"elementor-widget-container\">\n\t\t\t\t\t<h2 class=\"elementor-heading-title elementor-size-default\">Maintenance<\/h2>\t\t\t\t<\/div>\n\t\t\t\t<\/div>\n\t\t\t\t<div class=\"elementor-element elementor-element-2ecc04f elementor-widget elementor-widget-text-editor\" data-id=\"2ecc04f\" data-element_type=\"widget\" data-e-type=\"widget\" data-widget_type=\"text-editor.default\">\n\t\t\t\t<div class=\"elementor-widget-container\">\n\t\t\t\t\t\t\t\t\t<p><span style=\"font-weight: 400;\">A well-installed piping system is not a &#8217;set it and forget it&#8217; component. Regular maintenance checks, including pressure tests and inspections for wear and tear, are essential to ensure ongoing reliability and safety.&nbsp;<\/span><span style=\"background-color: transparent; color: var( --e-global-color-238af66 ); letter-spacing: var( --e-global-typography-text-letter-spacing );\">Expertise is essential in this context, particularly for understanding the specific materials and requirements crucial to effective maintenance. You can read more about maintenance here.<\/span><\/p>\t\t\t\t\t\t\t\t<\/div>\n\t\t\t\t<\/div>\n\t\t\t\t<div class=\"elementor-element elementor-element-0c9ddf4 elementor-widget elementor-widget-heading\" data-id=\"0c9ddf4\" data-element_type=\"widget\" data-e-type=\"widget\" data-widget_type=\"heading.default\">\n\t\t\t\t<div class=\"elementor-widget-container\">\n\t\t\t\t\t<h2 class=\"elementor-heading-title elementor-size-default\">Your next pipe installation project<\/h2>\t\t\t\t<\/div>\n\t\t\t\t<\/div>\n\t\t\t\t<div class=\"elementor-element elementor-element-be43740 elementor-widget elementor-widget-text-editor\" data-id=\"be43740\" data-element_type=\"widget\" data-e-type=\"widget\" data-widget_type=\"text-editor.default\">\n\t\t\t\t<div class=\"elementor-widget-container\">\n\t\t\t\t\t\t\t\t\t<p><span style=\"font-weight: 400;\">We&#8217;re not just another service provider; we&#8217;re specialists in the pharmaceutical and process industries. That means we understand exactly what you need\u2014installations that are clean, precise, and reliable.<\/span><\/p><p><span style=\"font-weight: 400;\"><br><\/span><\/p>\n<p><span style=\"font-weight: 400;\">Quality and safety are more than just words to us; they serve as our foundational principles. Our team is committed to delivering exceptional work from first contact to completion.<\/span><span style=\"color: var( --e-global-color-238af66 ); letter-spacing: var( --e-global-typography-text-letter-spacing ); background-color: transparent;\">&nbsp;<\/span><\/p>\t\t\t\t\t\t\t\t<\/div>\n\t\t\t\t<\/div>\n\t\t\t\t<\/div>\n\t\t\t\t\t<\/div>\n\t\t\t\t<\/div>\n\t\t<div class=\"elementor-element elementor-element-0e04eef border e-flex e-con-boxed e-con e-parent\" data-id=\"0e04eef\" data-element_type=\"container\" data-e-type=\"container\">\n\t\t\t\t\t<div class=\"e-con-inner\">\n\t\t\t\t\t<\/div>\n\t\t\t\t<\/div>\n\t\t<div class=\"elementor-element elementor-element-43bd4da e-flex e-con-boxed e-con e-parent\" data-id=\"43bd4da\" data-element_type=\"container\" data-e-type=\"container\" data-settings=\"{&quot;background_background&quot;:&quot;classic&quot;}\">\n\t\t\t\t\t<div class=\"e-con-inner\">\n\t\t\t\t\t<\/div>\n\t\t\t\t<\/div>\n\t\t<div class=\"elementor-element elementor-element-374d1fe border e-flex e-con-boxed e-con e-parent\" data-id=\"374d1fe\" data-element_type=\"container\" data-e-type=\"container\">\n\t\t\t\t\t<div class=\"e-con-inner\">\n\t\t\t\t\t<\/div>\n\t\t\t\t<\/div>\n\t\t<div class=\"elementor-element elementor-element-f223420 e-flex e-con-boxed e-con e-parent\" data-id=\"f223420\" data-element_type=\"container\" data-e-type=\"container\" data-settings=\"{&quot;background_background&quot;:&quot;classic&quot;}\">\n\t\t\t\t\t<div class=\"e-con-inner\">\n\t\t\t\t<div class=\"elementor-element elementor-element-06d822e elementor-widget elementor-widget-heading\" data-id=\"06d822e\" data-element_type=\"widget\" data-e-type=\"widget\" data-widget_type=\"heading.default\">\n\t\t\t\t<div class=\"elementor-widget-container\">\n\t\t\t\t\t<h2 class=\"elementor-heading-title elementor-size-default\">Want to know more?<\/h2>\t\t\t\t<\/div>\n\t\t\t\t<\/div>\n\t\t<div class=\"elementor-element elementor-element-3beba79 e-flex e-con-boxed e-con e-child\" data-id=\"3beba79\" data-element_type=\"container\" data-e-type=\"container\">\n\t\t\t\t\t<div class=\"e-con-inner\">\n\t\t<div class=\"elementor-element elementor-element-b1acfb1 e-con-full e-flex e-con e-child\" data-id=\"b1acfb1\" data-element_type=\"container\" data-e-type=\"container\">\n\t\t<div class=\"elementor-element elementor-element-1e4db92 e-con-full e-flex e-con e-child\" data-id=\"1e4db92\" data-element_type=\"container\" data-e-type=\"container\">\n\t\t<div class=\"elementor-element elementor-element-3149933 e-con-full e-flex e-con e-child\" data-id=\"3149933\" data-element_type=\"container\" data-e-type=\"container\">\n\t\t\t\t<div class=\"elementor-element elementor-element-9d8ecf6 elementor-widget elementor-widget-image\" data-id=\"9d8ecf6\" data-element_type=\"widget\" data-e-type=\"widget\" data-widget_type=\"image.default\">\n\t\t\t\t<div class=\"elementor-widget-container\">\n\t\t\t\t\t\t\t\t\t\t\t\t\t\t\t<img decoding=\"async\" src=\"https:\/\/systemsvets.com\/wp-content\/uploads\/elementor\/thumbs\/Anders-Kiefer-rdvfkrxisxherstxulc9h1o8q7nqks2ogmwry434f2.webp\" title=\"Anders Kiefer\" alt=\"Anders Kiefer\" loading=\"lazy\" \/>\t\t\t\t\t\t\t\t\t\t\t\t\t\t\t<\/div>\n\t\t\t\t<\/div>\n\t\t\t\t<\/div>\n\t\t<div class=\"elementor-element elementor-element-c232e0d e-con-full e-flex e-con e-child\" data-id=\"c232e0d\" data-element_type=\"container\" data-e-type=\"container\">\n\t\t<div class=\"elementor-element elementor-element-a8a5d1e e-con-full e-flex e-con e-child\" data-id=\"a8a5d1e\" data-element_type=\"container\" data-e-type=\"container\">\n\t\t\t\t<div class=\"elementor-element elementor-element-afac918 burr elementor-widget elementor-widget-heading\" data-id=\"afac918\" data-element_type=\"widget\" data-e-type=\"widget\" data-widget_type=\"heading.default\">\n\t\t\t\t<div class=\"elementor-widget-container\">\n\t\t\t\t\t<div class=\"elementor-heading-title elementor-size-default\">Anders Kiefer<\/div>\t\t\t\t<\/div>\n\t\t\t\t<\/div>\n\t\t<div class=\"elementor-element elementor-element-abc2a75 e-con-full e-flex e-con e-child\" data-id=\"abc2a75\" data-element_type=\"container\" data-e-type=\"container\">\n\t\t\t\t<div class=\"elementor-element elementor-element-72f922e elementor-widget elementor-widget-heading\" data-id=\"72f922e\" data-element_type=\"widget\" data-e-type=\"widget\" data-widget_type=\"heading.default\">\n\t\t\t\t<div class=\"elementor-widget-container\">\n\t\t\t\t\t<div class=\"elementor-heading-title elementor-size-default\">CEO\n\n<\/div>\t\t\t\t<\/div>\n\t\t\t\t<\/div>\n\t\t\t\t<\/div>\n\t\t\t\t<\/div>\n\t\t<div class=\"elementor-element elementor-element-8ba8b2a e-con-full e-flex e-con e-child\" data-id=\"8ba8b2a\" data-element_type=\"container\" data-e-type=\"container\">\n\t\t\t\t<div class=\"elementor-element elementor-element-296bc7a elementor-widget__width-inherit elementor-widget elementor-widget-heading\" data-id=\"296bc7a\" data-element_type=\"widget\" data-e-type=\"widget\" data-widget_type=\"heading.default\">\n\t\t\t\t<div class=\"elementor-widget-container\">\n\t\t\t\t\t<div class=\"elementor-heading-title elementor-size-default\"><a href=\"tel:+46708322812\">+46 708 32 28 12<\/a><\/div>\t\t\t\t<\/div>\n\t\t\t\t<\/div>\n\t\t\t\t<div class=\"elementor-element elementor-element-459737c elementor-widget__width-inherit elementor-widget elementor-widget-heading\" data-id=\"459737c\" data-element_type=\"widget\" data-e-type=\"widget\" data-widget_type=\"heading.default\">\n\t\t\t\t<div class=\"elementor-widget-container\">\n\t\t\t\t\t<div class=\"elementor-heading-title elementor-size-default\"><a href=\"mailto:anders.kiefer@systemsvets.com\">anders.kiefer@systemsvets.com<\/a><\/div>\t\t\t\t<\/div>\n\t\t\t\t<\/div>\n\t\t\t\t<\/div>\n\t\t\t\t<\/div>\n\t\t\t\t<\/div>\n\t\t<div class=\"elementor-element elementor-element-4a85d84 e-con-full e-flex e-con e-child\" data-id=\"4a85d84\" data-element_type=\"container\" data-e-type=\"container\">\n\t\t<div class=\"elementor-element elementor-element-407b189 e-con-full e-flex e-con e-child\" data-id=\"407b189\" data-element_type=\"container\" data-e-type=\"container\">\n\t\t\t\t<div class=\"elementor-element elementor-element-933fa73 elementor-widget elementor-widget-image\" data-id=\"933fa73\" data-element_type=\"widget\" data-e-type=\"widget\" data-widget_type=\"image.default\">\n\t\t\t\t<div class=\"elementor-widget-container\">\n\t\t\t\t\t\t\t\t\t\t\t\t\t\t\t<img decoding=\"async\" src=\"https:\/\/systemsvets.com\/wp-content\/uploads\/elementor\/thumbs\/Profilbilder-hemsidan-uppsala-2023.07.30-rdvfl45f9ry4yqc6v8mevgl8g7zicuf6ube36pl066.webp\" title=\"Anders Hegsell\u200b\" alt=\"Anders Hegsell\u200b\" loading=\"lazy\" \/>\t\t\t\t\t\t\t\t\t\t\t\t\t\t\t<\/div>\n\t\t\t\t<\/div>\n\t\t\t\t<\/div>\n\t\t<div class=\"elementor-element elementor-element-cffcfa3 e-con-full e-flex e-con e-child\" data-id=\"cffcfa3\" data-element_type=\"container\" data-e-type=\"container\">\n\t\t<div class=\"elementor-element elementor-element-0ba2f4a e-con-full e-flex e-con e-child\" data-id=\"0ba2f4a\" data-element_type=\"container\" data-e-type=\"container\">\n\t\t<div class=\"elementor-element elementor-element-6c4b375 e-con-full e-flex e-con e-child\" data-id=\"6c4b375\" data-element_type=\"container\" data-e-type=\"container\">\n\t\t\t\t<div class=\"elementor-element elementor-element-341d4ea burr elementor-widget elementor-widget-heading\" data-id=\"341d4ea\" data-element_type=\"widget\" data-e-type=\"widget\" data-widget_type=\"heading.default\">\n\t\t\t\t<div class=\"elementor-widget-container\">\n\t\t\t\t\t<div class=\"elementor-heading-title elementor-size-default\">Anders Hagsell<\/div>\t\t\t\t<\/div>\n\t\t\t\t<\/div>\n\t\t\t\t<\/div>\n\t\t\t\t<div class=\"elementor-element elementor-element-c9476d2 burr elementor-widget elementor-widget-heading\" data-id=\"c9476d2\" data-element_type=\"widget\" data-e-type=\"widget\" data-widget_type=\"heading.default\">\n\t\t\t\t<div class=\"elementor-widget-container\">\n\t\t\t\t\t<div class=\"elementor-heading-title elementor-size-default\">Project Manager<\/div>\t\t\t\t<\/div>\n\t\t\t\t<\/div>\n\t\t\t\t<\/div>\n\t\t<div class=\"elementor-element elementor-element-d63a305 e-con-full e-flex e-con e-child\" data-id=\"d63a305\" data-element_type=\"container\" data-e-type=\"container\">\n\t\t\t\t<div class=\"elementor-element elementor-element-4284beb elementor-widget elementor-widget-heading\" data-id=\"4284beb\" data-element_type=\"widget\" data-e-type=\"widget\" data-widget_type=\"heading.default\">\n\t\t\t\t<div class=\"elementor-widget-container\">\n\t\t\t\t\t<div class=\"elementor-heading-title elementor-size-default\"><a href=\"tel:+46708554845\">+46 70 855 48 45<\/a><\/div>\t\t\t\t<\/div>\n\t\t\t\t<\/div>\n\t\t\t\t<div class=\"elementor-element elementor-element-f4577ac elementor-widget elementor-widget-heading\" data-id=\"f4577ac\" data-element_type=\"widget\" data-e-type=\"widget\" data-widget_type=\"heading.default\">\n\t\t\t\t<div class=\"elementor-widget-container\">\n\t\t\t\t\t<div class=\"elementor-heading-title elementor-size-default\"><a href=\"mailto:anders.hagsell@systemsvets.com\">anders.hagsell@systemsvets.com<\/a><\/div>\t\t\t\t<\/div>\n\t\t\t\t<\/div>\n\t\t\t\t<\/div>\n\t\t\t\t<\/div>\n\t\t\t\t<\/div>\n\t\t<div class=\"elementor-element elementor-element-4164a9e e-con-full e-flex e-con e-child\" data-id=\"4164a9e\" data-element_type=\"container\" data-e-type=\"container\">\n\t\t<div class=\"elementor-element elementor-element-4d13fdf e-con-full e-flex e-con e-child\" data-id=\"4d13fdf\" data-element_type=\"container\" data-e-type=\"container\">\n\t\t\t\t<div class=\"elementor-element elementor-element-7b84a2e elementor-widget elementor-widget-image\" data-id=\"7b84a2e\" data-element_type=\"widget\" data-e-type=\"widget\" data-widget_type=\"image.default\">\n\t\t\t\t<div class=\"elementor-widget-container\">\n\t\t\t\t\t\t\t\t\t\t\t\t\t\t\t<img decoding=\"async\" src=\"https:\/\/systemsvets.com\/wp-content\/uploads\/elementor\/thumbs\/Nicke-Sundberg-rdvfl29qw3vkbiex67t5qh2b9g8rxg7q623485nsim.webp\" title=\"Nicke Sundberg\" alt=\"Nicke Sundberg\" loading=\"lazy\" \/>\t\t\t\t\t\t\t\t\t\t\t\t\t\t\t<\/div>\n\t\t\t\t<\/div>\n\t\t\t\t<\/div>\n\t\t<div class=\"elementor-element elementor-element-2639c62 e-con-full e-flex e-con e-child\" data-id=\"2639c62\" data-element_type=\"container\" data-e-type=\"container\">\n\t\t<div class=\"elementor-element elementor-element-589d860 e-con-full e-flex e-con e-child\" data-id=\"589d860\" data-element_type=\"container\" data-e-type=\"container\">\n\t\t\t\t<div class=\"elementor-element elementor-element-753f9a1 burr elementor-widget elementor-widget-heading\" data-id=\"753f9a1\" data-element_type=\"widget\" data-e-type=\"widget\" data-widget_type=\"heading.default\">\n\t\t\t\t<div class=\"elementor-widget-container\">\n\t\t\t\t\t<div class=\"elementor-heading-title elementor-size-default\">Nicke Sundberg<\/div>\t\t\t\t<\/div>\n\t\t\t\t<\/div>\n\t\t\t\t<div class=\"elementor-element elementor-element-762564b burr elementor-widget elementor-widget-heading\" data-id=\"762564b\" data-element_type=\"widget\" data-e-type=\"widget\" data-widget_type=\"heading.default\">\n\t\t\t\t<div class=\"elementor-widget-container\">\n\t\t\t\t\t<div class=\"elementor-heading-title elementor-size-default\">KAM<\/div>\t\t\t\t<\/div>\n\t\t\t\t<\/div>\n\t\t\t\t<\/div>\n\t\t<div class=\"elementor-element elementor-element-46f7d48 e-con-full e-flex e-con e-child\" data-id=\"46f7d48\" data-element_type=\"container\" data-e-type=\"container\">\n\t\t\t\t<div class=\"elementor-element elementor-element-3349c60 elementor-widget elementor-widget-heading\" data-id=\"3349c60\" data-element_type=\"widget\" data-e-type=\"widget\" data-widget_type=\"heading.default\">\n\t\t\t\t<div class=\"elementor-widget-container\">\n\t\t\t\t\t<div class=\"elementor-heading-title elementor-size-default\"><a href=\"tel:+46709134846\">+46 709 13 48 46<\/a><\/div>\t\t\t\t<\/div>\n\t\t\t\t<\/div>\n\t\t\t\t<div class=\"elementor-element elementor-element-230d82a elementor-widget elementor-widget-heading\" data-id=\"230d82a\" data-element_type=\"widget\" data-e-type=\"widget\" data-widget_type=\"heading.default\">\n\t\t\t\t<div class=\"elementor-widget-container\">\n\t\t\t\t\t<div class=\"elementor-heading-title elementor-size-default\"><a href=\"mailto:nicke.sundberg@systemsvets.com\">nicke.sundberg@systemsvets.com<\/a><\/div>\t\t\t\t<\/div>\n\t\t\t\t<\/div>\n\t\t\t\t<\/div>\n\t\t\t\t<\/div>\n\t\t\t\t<\/div>\n\t\t\t\t<\/div>\n\t\t\t\t\t<\/div>\n\t\t\t\t<\/div>\n\t\t\t\t\t<\/div>\n\t\t\t\t<\/div>\n\t\t<div class=\"elementor-element elementor-element-6e98a21 border e-flex e-con-boxed e-con e-parent\" data-id=\"6e98a21\" data-element_type=\"container\" data-e-type=\"container\">\n\t\t\t\t\t<div class=\"e-con-inner\">\n\t\t\t\t\t<\/div>\n\t\t\t\t<\/div>\n\t\t\t\t<\/div>","protected":false},"excerpt":{"rendered":"<p>P\u00e5litliga experter p\u00e5 r\u00f6rinstallation Vi f\u00f6rst\u00e5r vikten av renhet, precision och tillf\u00f6rlitlighet inom l\u00e4kemedels- och processindustrin och erbjuder skr\u00e4ddarsydda l\u00f6sningar f\u00f6r alla typer av uppdrag. Med v\u00e5r kompetens och fokus p\u00e5 kvalitet s\u00e4kerst\u00e4ller vi att era r\u00f6rsystem uppfyller de h\u00f6gsta kraven. Kontakta oss R\u00f6rinstallation &#8211; Skr\u00e4ddarsydda l\u00f6sningar Vi p\u00e5 Systemsvets \u00e4r experter inom r\u00f6rinstallation och [&hellip;]<\/p>\n","protected":false},"author":6,"featured_media":0,"parent":0,"menu_order":0,"comment_status":"closed","ping_status":"closed","template":"","meta":{"footnotes":""},"class_list":["post-2341","page","type-page","status-publish","hentry"],"_links":{"self":[{"href":"https:\/\/systemsvets.com\/en\/wp-json\/wp\/v2\/pages\/2341","targetHints":{"allow":["GET"]}}],"collection":[{"href":"https:\/\/systemsvets.com\/en\/wp-json\/wp\/v2\/pages"}],"about":[{"href":"https:\/\/systemsvets.com\/en\/wp-json\/wp\/v2\/types\/page"}],"author":[{"embeddable":true,"href":"https:\/\/systemsvets.com\/en\/wp-json\/wp\/v2\/users\/6"}],"replies":[{"embeddable":true,"href":"https:\/\/systemsvets.com\/en\/wp-json\/wp\/v2\/comments?post=2341"}],"version-history":[{"count":548,"href":"https:\/\/systemsvets.com\/en\/wp-json\/wp\/v2\/pages\/2341\/revisions"}],"predecessor-version":[{"id":13971,"href":"https:\/\/systemsvets.com\/en\/wp-json\/wp\/v2\/pages\/2341\/revisions\/13971"}],"wp:attachment":[{"href":"https:\/\/systemsvets.com\/en\/wp-json\/wp\/v2\/media?parent=2341"}],"curies":[{"name":"wp","href":"https:\/\/api.w.org\/{rel}","templated":true}]}}