{"id":1176,"date":"2023-08-07T18:09:35","date_gmt":"2023-08-07T16:09:35","guid":{"rendered":"https:\/\/systemsvets.com\/?page_id=1176"},"modified":"2023-10-21T13:51:32","modified_gmt":"2023-10-21T11:51:32","slug":"integritets-policy","status":"publish","type":"page","link":"https:\/\/systemsvets.com\/en\/integritets-policy\/","title":{"rendered":"Privacy Policy"},"content":{"rendered":"<div data-elementor-type=\"wp-page\" data-elementor-id=\"1176\" class=\"elementor elementor-1176\" data-elementor-post-type=\"page\">\n\t\t\t\t<div class=\"elementor-element elementor-element-89cdcab sub-container-left e-flex e-con-boxed e-con e-parent\" data-id=\"89cdcab\" data-element_type=\"container\" data-e-type=\"container\" data-settings=\"{&quot;background_background&quot;:&quot;classic&quot;}\">\n\t\t\t\t\t<div class=\"e-con-inner\">\n\t\t<div class=\"elementor-element elementor-element-755adc05 e-con-full e-flex e-con e-child\" data-id=\"755adc05\" data-element_type=\"container\" data-e-type=\"container\">\n\t\t\t\t<div class=\"elementor-element elementor-element-5f5fade4 elementor-widget__width-inherit elementor-widget-mobile__width-inherit mh1 elementor-widget elementor-widget-heading\" data-id=\"5f5fade4\" data-element_type=\"widget\" data-e-type=\"widget\" data-widget_type=\"heading.default\">\n\t\t\t\t<div class=\"elementor-widget-container\">\n\t\t\t\t\t<h1 class=\"elementor-heading-title elementor-size-default\">Privacy Policy<\/h1>\t\t\t\t<\/div>\n\t\t\t\t<\/div>\n\t\t\t\t<div class=\"elementor-element elementor-element-69a54058 elementor-widget elementor-widget-spacer\" data-id=\"69a54058\" data-element_type=\"widget\" data-e-type=\"widget\" data-widget_type=\"spacer.default\">\n\t\t\t\t<div class=\"elementor-widget-container\">\n\t\t\t\t\t\t\t<div class=\"elementor-spacer\">\n\t\t\t<div class=\"elementor-spacer-inner\"><\/div>\n\t\t<\/div>\n\t\t\t\t\t\t<\/div>\n\t\t\t\t<\/div>\n\t\t\t\t<div class=\"elementor-element elementor-element-401b5d4 elementor-widget elementor-widget-text-editor\" data-id=\"401b5d4\" data-element_type=\"widget\" data-e-type=\"widget\" data-widget_type=\"text-editor.default\">\n\t\t\t\t<div class=\"elementor-widget-container\">\n\t\t\t\t\t\t\t\t\t<h2>Systemsvets privacy policy<\/h2><p>\u00a0<\/p><ol><li><h3>Introduction<\/h3><\/li><\/ol><p>Systemsvets respects your privacy and is committed to protecting your personal data. This Privacy Policy will inform you as to how we look after your personal data when you visit our website (regardless of where you visit it from) and tell you about your privacy rights and how the law protects you.<\/p><p>\u00a0<\/p><ol start=\"2\"><li><h3>Personal Data We Collect<\/h3><\/li><\/ol><p>When you visit our website, we may collect certain information from you, including but not limited to: your name, email address, company name, phone number, and IP address.<\/p><p>\u00a0<\/p><ol start=\"3\"><li><h3>How We Use Your Personal Data<\/h3><\/li><\/ol><p>We use your personal data to:<\/p><p>\u00a0<\/p><ul><li>Provide, operate, and maintain our website<\/li><li>Improve, personalize, and expand our website<\/li><li>Understand and analyze how you use our website<\/li><li>Develop new products, services, features, and functionality<\/li><\/ul><p>\u00a0<\/p><p>Communicate with you, either directly or through one of our partners, for customer service, to provide you with updates and other information relating to the website, and for marketing and promotional purposes.<\/p><p>\u00a0<\/p><ol start=\"4\"><li><h3>How We Share Your Personal Data<\/h3><\/li><\/ol><p>Your personal data will not be shared with any third parties without your consent, except in the following circumstances:<\/p><ul><li>To comply with applicable laws, regulations, legal process or governmental request.<\/li><li>To enforce our policies, including investigation of potential violations.<\/li><li>To detect, prevent or otherwise address fraud, security or technical issues.<\/li><\/ul><p>\u00a0<\/p><ol start=\"5\"><li><h3>Data Security<\/h3><\/li><\/ol><p>We have implemented appropriate security measures to prevent your personal data from being accidentally lost, used or accessed in an unauthorized way, altered or disclosed. We have put in place procedures to deal with any suspected personal data breach and will notify you and any applicable regulator of a breach where we are legally required to do so.<\/p><p>\u00a0<\/p><ol start=\"6\"><li><h3>Changes to This Privacy Policy<\/h3><\/li><\/ol><p>Systemsvets reserves the right to modify this Privacy Policy at any time. We will notify you of any changes by posting the new Privacy Policy on this page and updating the \u201dLast Updated\u201d date at the bottom of this page.<\/p><p>\u00a0<\/p><ol start=\"7\"><li><h3>Contact Information<\/h3><\/li><\/ol><p>If you have any questions about this Privacy Policy, you can contact us:<\/p><p>\u00a0<\/p><p>Email <a href=\"mailto:Nicke.sundberg@systemsvets.com\" target=\"_new\">Nicke.sundberg@systemsvets.com<\/a><\/p><p>Phone <a href=\"tel:+46709134846\">+46-709-13 48 46 <\/a><\/p><p>Last updated: 21.10.2023<\/p>\t\t\t\t\t\t\t\t<\/div>\n\t\t\t\t<\/div>\n\t\t\t\t<\/div>\n\t\t\t\t\t<\/div>\n\t\t\t\t<\/div>\n\t\t<div class=\"elementor-element elementor-element-14b0ac73 border e-flex e-con-boxed e-con e-parent\" data-id=\"14b0ac73\" data-element_type=\"container\" data-e-type=\"container\">\n\t\t\t\t\t<div class=\"e-con-inner\">\n\t\t\t\t\t<\/div>\n\t\t\t\t<\/div>\n\t\t\t\t<\/div>","protected":false},"excerpt":{"rendered":"<p>Integritetspolicy Systemsvets Integritetspolicy \u00a0 Introduktion Systemsvets respekterar din integritet och \u00e4r engagerade i att skydda dina personuppgifter. Denna integritetspolicy informerar dig om hur vi hanterar dina personuppgifter n\u00e4r du bes\u00f6ker v\u00e5r webbplats (oavsett var du bes\u00f6ker den fr\u00e5n) och ber\u00e4ttar om dina integritetsr\u00e4ttigheter och hur lagen skyddar dig. \u00a0 Personuppgifter vi samlar in N\u00e4r du [&hellip;]<\/p>\n","protected":false},"author":1,"featured_media":0,"parent":0,"menu_order":0,"comment_status":"closed","ping_status":"closed","template":"","meta":{"footnotes":""},"class_list":["post-1176","page","type-page","status-publish","hentry"],"_links":{"self":[{"href":"https:\/\/systemsvets.com\/en\/wp-json\/wp\/v2\/pages\/1176","targetHints":{"allow":["GET"]}}],"collection":[{"href":"https:\/\/systemsvets.com\/en\/wp-json\/wp\/v2\/pages"}],"about":[{"href":"https:\/\/systemsvets.com\/en\/wp-json\/wp\/v2\/types\/page"}],"author":[{"embeddable":true,"href":"https:\/\/systemsvets.com\/en\/wp-json\/wp\/v2\/users\/1"}],"replies":[{"embeddable":true,"href":"https:\/\/systemsvets.com\/en\/wp-json\/wp\/v2\/comments?post=1176"}],"version-history":[{"count":48,"href":"https:\/\/systemsvets.com\/en\/wp-json\/wp\/v2\/pages\/1176\/revisions"}],"predecessor-version":[{"id":12162,"href":"https:\/\/systemsvets.com\/en\/wp-json\/wp\/v2\/pages\/1176\/revisions\/12162"}],"wp:attachment":[{"href":"https:\/\/systemsvets.com\/en\/wp-json\/wp\/v2\/media?parent=1176"}],"curies":[{"name":"wp","href":"https:\/\/api.w.org\/{rel}","templated":true}]}}