{"id":1170,"date":"2023-08-07T18:08:40","date_gmt":"2023-08-07T16:08:40","guid":{"rendered":"https:\/\/systemsvets.com\/?page_id=1170"},"modified":"2023-10-21T13:59:21","modified_gmt":"2023-10-21T11:59:21","slug":"cookies","status":"publish","type":"page","link":"https:\/\/systemsvets.com\/en\/cookies\/","title":{"rendered":"Cookies"},"content":{"rendered":"<div data-elementor-type=\"wp-page\" data-elementor-id=\"1170\" class=\"elementor elementor-1170\" data-elementor-post-type=\"page\">\n\t\t\t\t<div class=\"elementor-element elementor-element-136d6c6 sub-container-left e-flex e-con-boxed e-con e-parent\" data-id=\"136d6c6\" data-element_type=\"container\" data-e-type=\"container\" data-settings=\"{&quot;background_background&quot;:&quot;classic&quot;}\">\n\t\t\t\t\t<div class=\"e-con-inner\">\n\t\t<div class=\"elementor-element elementor-element-dca897e e-con-full e-flex e-con e-child\" data-id=\"dca897e\" data-element_type=\"container\" data-e-type=\"container\">\n\t\t\t\t<div class=\"elementor-element elementor-element-cf87260 elementor-widget__width-initial elementor-widget-mobile__width-inherit mh1 elementor-widget elementor-widget-heading\" data-id=\"cf87260\" data-element_type=\"widget\" data-e-type=\"widget\" data-widget_type=\"heading.default\">\n\t\t\t\t<div class=\"elementor-widget-container\">\n\t\t\t\t\t<h1 class=\"elementor-heading-title elementor-size-default\">Cookies<\/h1>\t\t\t\t<\/div>\n\t\t\t\t<\/div>\n\t\t\t\t<div class=\"elementor-element elementor-element-40408b7 elementor-widget elementor-widget-text-editor\" data-id=\"40408b7\" data-element_type=\"widget\" data-e-type=\"widget\" data-widget_type=\"text-editor.default\">\n\t\t\t\t<div class=\"elementor-widget-container\">\n\t\t\t\t\t\t\t\t\t<h2>Systemsvets Cookie Policy<\/h2><p>\u00a0<\/p><ol><li><h3>Introduction<\/h3><\/li><\/ol><p>Our website, System Welding (\u201dus\u201d, \u201dwe\u201d, or \u201dour\u201d), uses cookies and similar technologies (collectively referred to as \u201dcookies\u201d). This Cookie Policy explains what cookies are, how we use them, and your rights to control our use of them.<\/p><p>\u00a0<\/p><ol start=\"2\"><li><h3>What are Cookies?<\/h3><\/li><\/ol><p>Cookies are small pieces of text sent to your web browser by a website you visit. They are stored on your device and allow a site or a third-party to recognize you and make your next visit easier and the website more useful to you.<\/p><p>\u00a0<\/p><ol start=\"3\"><li><h3>How We Use Cookies<\/h3><\/li><\/ol><p>We use cookies for several reasons, including:<\/p><p>\u00a0<\/p><p><strong>N\u00f6dv\u00e4ndiga kakor:<\/strong> Dessa kakor \u00e4r n\u00f6dv\u00e4ndiga f\u00f6r att v\u00e5r webbplats ska fungera och kan inte st\u00e4ngas av i v\u00e5ra system.<\/p><p>\u00a0<\/p><p><strong>Performance cookies:<\/strong> These cookies allow us to count visits and traffic sources, so we can measure and improve the performance of our website. They help us understand which pages are the most and least popular and see how visitors move around the site.<\/p><p>\u00a0<\/p><p><strong>Functional cookies:<\/strong> These cookies enable the website to provide enhanced functionality and personalization.<\/p><p>\u00a0<\/p><p><strong>Advertising cookies:<\/strong> These cookies may be set through our site by our advertising partners. They may be used by those companies to build a profile of your interests and show you relevant advertisements on other sites.<\/p><p>\u00a0<\/p><ol start=\"4\"><li><h3>Your Choices Regarding Cookies<\/h3><\/li><\/ol><p>Most web browsers allow you to control cookies through their settings preferences. However, if you limit the ability of websites to set cookies, you may worsen your overall user experience.<\/p><p>\u00a0<\/p><ol start=\"5\"><li><h3>Changes to This Cookie Policy<\/h3><\/li><\/ol><p>We may update this Cookie Policy from time to time in order to reflect changes to the cookies we use or for other operational, legal, or regulatory reasons.<\/p><p>\u00a0<\/p><ol start=\"6\"><li><h3>Contact Us<\/h3><\/li><\/ol><p>If you have any questions about our use of cookies or other technologies, please contact us:<\/p><p>\u00a0<\/p><p>Email <a href=\"mailto:Nicke.sundberg@systemsvets.com\" target=\"_new\">Nicke.sundberg@systemsvets.com<\/a><\/p><p>Telefon: +46-709-13 48 46<\/p><p>Last updated: 21.10.2023<\/p>\t\t\t\t\t\t\t\t<\/div>\n\t\t\t\t<\/div>\n\t\t\t\t<\/div>\n\t\t\t\t\t<\/div>\n\t\t\t\t<\/div>\n\t\t<div class=\"elementor-element elementor-element-7a239d77 border e-flex e-con-boxed e-con e-parent\" data-id=\"7a239d77\" data-element_type=\"container\" data-e-type=\"container\">\n\t\t\t\t\t<div class=\"e-con-inner\">\n\t\t\t\t\t<\/div>\n\t\t\t\t<\/div>\n\t\t\t\t<\/div>","protected":false},"excerpt":{"rendered":"<p>Cookies Systemsvets Cookie Policy \u00a0 Introduktion V\u00e5r webbplats, Systemsvets (&#8221;oss&#8221;, &#8221;vi&#8221; eller &#8221;v\u00e5r&#8221;), anv\u00e4nder kakor och liknande teknologier (kollektivt kallade &#8221;kakor&#8221;). Denna kakpolicy f\u00f6rklarar vad kakor \u00e4r, hur vi anv\u00e4nder dem och dina r\u00e4ttigheter att styra v\u00e5r anv\u00e4ndning av dem. \u00a0 Vad \u00e4r Kakor? Kakor \u00e4r sm\u00e5 textstycken som skickas till din webbl\u00e4sare av en [&hellip;]<\/p>\n","protected":false},"author":1,"featured_media":0,"parent":0,"menu_order":0,"comment_status":"closed","ping_status":"closed","template":"","meta":{"footnotes":""},"class_list":["post-1170","page","type-page","status-publish","hentry"],"_links":{"self":[{"href":"https:\/\/systemsvets.com\/en\/wp-json\/wp\/v2\/pages\/1170","targetHints":{"allow":["GET"]}}],"collection":[{"href":"https:\/\/systemsvets.com\/en\/wp-json\/wp\/v2\/pages"}],"about":[{"href":"https:\/\/systemsvets.com\/en\/wp-json\/wp\/v2\/types\/page"}],"author":[{"embeddable":true,"href":"https:\/\/systemsvets.com\/en\/wp-json\/wp\/v2\/users\/1"}],"replies":[{"embeddable":true,"href":"https:\/\/systemsvets.com\/en\/wp-json\/wp\/v2\/comments?post=1170"}],"version-history":[{"count":32,"href":"https:\/\/systemsvets.com\/en\/wp-json\/wp\/v2\/pages\/1170\/revisions"}],"predecessor-version":[{"id":12172,"href":"https:\/\/systemsvets.com\/en\/wp-json\/wp\/v2\/pages\/1170\/revisions\/12172"}],"wp:attachment":[{"href":"https:\/\/systemsvets.com\/en\/wp-json\/wp\/v2\/media?parent=1170"}],"curies":[{"name":"wp","href":"https:\/\/api.w.org\/{rel}","templated":true}]}}