{"id":1161,"date":"2023-08-07T18:02:25","date_gmt":"2023-08-07T16:02:25","guid":{"rendered":"https:\/\/systemsvets.com\/?page_id=1161"},"modified":"2023-10-21T13:56:02","modified_gmt":"2023-10-21T11:56:02","slug":"allmana-villkor","status":"publish","type":"page","link":"https:\/\/systemsvets.com\/en\/allmana-villkor\/","title":{"rendered":"Terms and conditions"},"content":{"rendered":"<div data-elementor-type=\"wp-page\" data-elementor-id=\"1161\" class=\"elementor elementor-1161\" data-elementor-post-type=\"page\">\n\t\t\t\t<div class=\"elementor-element elementor-element-f2e1b77 sub-container-left e-flex e-con-boxed e-con e-parent\" data-id=\"f2e1b77\" data-element_type=\"container\" data-e-type=\"container\" data-settings=\"{&quot;background_background&quot;:&quot;classic&quot;}\">\n\t\t\t\t\t<div class=\"e-con-inner\">\n\t\t<div class=\"elementor-element elementor-element-49860c2 e-con-full e-flex e-con e-child\" data-id=\"49860c2\" data-element_type=\"container\" data-e-type=\"container\">\n\t\t\t\t<div class=\"elementor-element elementor-element-a436dc3 elementor-widget__width-inherit elementor-widget-mobile__width-inherit mh1 elementor-widget elementor-widget-heading\" data-id=\"a436dc3\" data-element_type=\"widget\" data-e-type=\"widget\" data-widget_type=\"heading.default\">\n\t\t\t\t<div class=\"elementor-widget-container\">\n\t\t\t\t\t<h1 class=\"elementor-heading-title elementor-size-default\">Terms and Conditions<\/h1>\t\t\t\t<\/div>\n\t\t\t\t<\/div>\n\t\t\t\t<div class=\"elementor-element elementor-element-b7a698b elementor-widget elementor-widget-spacer\" data-id=\"b7a698b\" data-element_type=\"widget\" data-e-type=\"widget\" data-widget_type=\"spacer.default\">\n\t\t\t\t<div class=\"elementor-widget-container\">\n\t\t\t\t\t\t\t<div class=\"elementor-spacer\">\n\t\t\t<div class=\"elementor-spacer-inner\"><\/div>\n\t\t<\/div>\n\t\t\t\t\t\t<\/div>\n\t\t\t\t<\/div>\n\t\t\t\t<div class=\"elementor-element elementor-element-8abe413 elementor-widget elementor-widget-text-editor\" data-id=\"8abe413\" data-element_type=\"widget\" data-e-type=\"widget\" data-widget_type=\"text-editor.default\">\n\t\t\t\t<div class=\"elementor-widget-container\">\n\t\t\t\t\t\t\t\t\t<h2>Systemsvets Terms and Conditions<\/h2><p>\u00a0<\/p><ol><li><h3>Introduction<\/h3><\/li><\/ol><p>These Terms and Conditions (\u201dTerms\u201d) govern your use of the Systemsvets (\u201dus\u201d, \u201dwe\u201d, or \u201dour\u201d) website (\u201dWebsite\u201d). By using this Website, you accept these Terms in full. If you disagree with any part of these Terms, do not use this Website.<\/p><p>\u00a0<\/p><ol start=\"2\"><li><h3>Intellectual Property Rights<\/h3><\/li><\/ol><p>Unless otherwise stated, we or our licensors own the intellectual property rights for all material on the Website. All intellectual property rights are reserved. You may access this from our Website for your personal use subjected to restrictions set in these terms and conditions.<\/p><p>\u00a0<\/p><ol start=\"3\"><li><h3>Limitations of Liability<\/h3><\/li><\/ol><p>The Website is provided \u201das is,\u201d with all faults, and we express no representations or warranties, of any kind related to our Website or the materials contained on our Website. Nothing contained on this Website shall be interpreted as advising you.<\/p><p>In no event shall we be held liable for anything arising out of or in any way connected with your use of this Website, whether such liability is under contract, tort or otherwise, and we, including our officers, directors and employees, shall not be held liable for any indirect, consequential or special liability arising out of or in any way related to your use of this Website.<\/p><p>\u00a0<\/p><ol start=\"4\"><li><h3>Indemnification<\/h3><\/li><\/ol><p>You hereby indemnify us to the fullest extent from and against any and\/or all liabilities, costs, demands, causes of action, damages and expenses arising in any way related to your breach of any of the provisions of these Terms.<\/p><ol start=\"5\"><li><h3>Severability<\/h3><\/li><\/ol><p>If any provision of these Terms is found to be invalid under any applicable law, such provisions shall be deleted without affecting the remaining provisions herein.<\/p><p>\u00a0<\/p><ol start=\"6\"><li><h3>Revisions and Errata<\/h3><\/li><\/ol><p>The materials appearing on our Website could include technical, typographical, or photographic errors. We do not warrant that any of the materials on its Website are accurate, complete, or current. We may make changes to the materials contained on its Website at any time without notice.<\/p><p>\u00a0<\/p><ol start=\"7\"><li><h3>Changes to these Terms<\/h3><\/li><\/ol><p>We reserve the right to revise these Terms at any time as it sees fit, and by using this Website you are expected to review such Terms on a regular basis to ensure you understand all terms and conditions governing the use of this Website.<\/p><p>\u00a0<\/p><ol start=\"8\"><li><h3>Contact Us<\/h3><\/li><\/ol><p>If you have any queries regarding any of our terms, please contact us.<\/p><p>\u00a0<\/p><p>Email <a href=\"mailto:Nicke.sundberg@systemsvets.com\" target=\"_new\">Nicke.sundberg@systemsvets.com<\/a><\/p><p>Phone <a href=\"tel:+46709134846\">+46-709-13 48 46 <\/a><\/p><p>Last updated: 21.10.2023<\/p>\t\t\t\t\t\t\t\t<\/div>\n\t\t\t\t<\/div>\n\t\t\t\t<\/div>\n\t\t\t\t\t<\/div>\n\t\t\t\t<\/div>\n\t\t<div class=\"elementor-element elementor-element-4e07e830 border e-flex e-con-boxed e-con e-parent\" data-id=\"4e07e830\" data-element_type=\"container\" data-e-type=\"container\">\n\t\t\t\t\t<div class=\"e-con-inner\">\n\t\t\t\t\t<\/div>\n\t\t\t\t<\/div>\n\t\t\t\t<\/div>","protected":false},"excerpt":{"rendered":"<p>Allm\u00e4nna vilkor Systemsvets Anv\u00e4ndarvillkor \u00a0 Introduktion Dessa anv\u00e4ndarvillkor (&#8221;Villkor&#8221;) styr din anv\u00e4ndning av Systemsvets (&#8221;oss&#8221;, &#8221;vi&#8221; eller &#8221;v\u00e5r&#8221;) webbplats (&#8221;Webbplatsen&#8221;). Genom att anv\u00e4nda denna Webbplats godk\u00e4nner du dessa Villkor i sin helhet. Om du inte h\u00e5ller med n\u00e5gon del av dessa Villkor, anv\u00e4nd inte denna Webbplats. \u00a0 Immateriella R\u00e4ttigheter Om inte annat anges \u00e4ger vi [&hellip;]<\/p>\n","protected":false},"author":6,"featured_media":0,"parent":0,"menu_order":0,"comment_status":"closed","ping_status":"closed","template":"","meta":{"footnotes":""},"class_list":["post-1161","page","type-page","status-publish","hentry"],"_links":{"self":[{"href":"https:\/\/systemsvets.com\/en\/wp-json\/wp\/v2\/pages\/1161","targetHints":{"allow":["GET"]}}],"collection":[{"href":"https:\/\/systemsvets.com\/en\/wp-json\/wp\/v2\/pages"}],"about":[{"href":"https:\/\/systemsvets.com\/en\/wp-json\/wp\/v2\/types\/page"}],"author":[{"embeddable":true,"href":"https:\/\/systemsvets.com\/en\/wp-json\/wp\/v2\/users\/6"}],"replies":[{"embeddable":true,"href":"https:\/\/systemsvets.com\/en\/wp-json\/wp\/v2\/comments?post=1161"}],"version-history":[{"count":42,"href":"https:\/\/systemsvets.com\/en\/wp-json\/wp\/v2\/pages\/1161\/revisions"}],"predecessor-version":[{"id":12169,"href":"https:\/\/systemsvets.com\/en\/wp-json\/wp\/v2\/pages\/1161\/revisions\/12169"}],"wp:attachment":[{"href":"https:\/\/systemsvets.com\/en\/wp-json\/wp\/v2\/media?parent=1161"}],"curies":[{"name":"wp","href":"https:\/\/api.w.org\/{rel}","templated":true}]}}